{"id":47613,"date":"2026-03-12T09:10:39","date_gmt":"2026-03-12T09:10:39","guid":{"rendered":"https:\/\/singervielle.com\/?page_id=47613"},"modified":"2026-03-12T12:41:27","modified_gmt":"2026-03-12T12:41:27","slug":"market-insights","status":"publish","type":"page","link":"https:\/\/singervielle.com\/fr\/market-insights\/","title":{"rendered":"Analyses de march\u00e9"},"content":{"rendered":"<div data-elementor-type=\"wp-page\" data-elementor-id=\"47613\" class=\"elementor elementor-47613\" data-elementor-post-type=\"page\">\n\t\t\t\t<div class=\"elementor-element elementor-element-75375d3 e-flex e-con-boxed e-con e-parent\" data-id=\"75375d3\" data-element_type=\"container\">\n\t\t\t\t\t<div class=\"e-con-inner\">\n\t\t<div class=\"elementor-element elementor-element-465cd3f e-con-full e-flex e-con e-child\" data-id=\"465cd3f\" data-element_type=\"container\" data-settings=\"{&quot;background_background&quot;:&quot;classic&quot;}\">\n\t\t\t\t<div class=\"elementor-element elementor-element-35bd7ca elementor-widget elementor-widget-heading\" data-id=\"35bd7ca\" data-element_type=\"widget\" data-widget_type=\"heading.default\">\n\t\t\t\t<div class=\"elementor-widget-container\">\n\t\t\t\t\t<h1 class=\"elementor-heading-title elementor-size-default\">Analyses de march\u00e9<\/h1>\t\t\t\t<\/div>\n\t\t\t\t<\/div>\n\t\t\t\t<div class=\"elementor-element elementor-element-003ad5c elementor-widget elementor-widget-text-editor\" data-id=\"003ad5c\" data-element_type=\"widget\" data-widget_type=\"text-editor.default\">\n\t\t\t\t<div class=\"elementor-widget-container\">\n\t\t\t\t\t\t\t\t\t<p>Analyses d&#039;experts et guides pratiques pour les investisseurs en immobilier commercial.<\/p>\t\t\t\t\t\t\t\t<\/div>\n\t\t\t\t<\/div>\n\t\t\t\t<\/div>\n\t\t\t\t<div class=\"elementor-element elementor-element-9915969 elementor-grid-3 elementor-grid-tablet-2 elementor-grid-mobile-1 elementor-posts--thumbnail-top elementor-posts--show-avatar elementor-card-shadow-yes elementor-posts__hover-gradient elementor-widget elementor-widget-posts\" data-id=\"9915969\" data-element_type=\"widget\" data-settings=\"{&quot;cards_columns&quot;:&quot;3&quot;,&quot;cards_columns_tablet&quot;:&quot;2&quot;,&quot;cards_columns_mobile&quot;:&quot;1&quot;,&quot;cards_row_gap&quot;:{&quot;unit&quot;:&quot;px&quot;,&quot;size&quot;:35,&quot;sizes&quot;:[]},&quot;cards_row_gap_laptop&quot;:{&quot;unit&quot;:&quot;px&quot;,&quot;size&quot;:&quot;&quot;,&quot;sizes&quot;:[]},&quot;cards_row_gap_tablet&quot;:{&quot;unit&quot;:&quot;px&quot;,&quot;size&quot;:&quot;&quot;,&quot;sizes&quot;:[]},&quot;cards_row_gap_mobile&quot;:{&quot;unit&quot;:&quot;px&quot;,&quot;size&quot;:&quot;&quot;,&quot;sizes&quot;:[]}}\" data-widget_type=\"posts.cards\">\n\t\t\t\t<div class=\"elementor-widget-container\">\n\t\t\t\t\t\t\t<div class=\"elementor-posts-container elementor-posts elementor-posts--skin-cards elementor-grid\" role=\"list\">\n\t\t\t\t<article class=\"elementor-post elementor-grid-item post-47723 post type-post status-publish format-standard has-post-thumbnail hentry category-market-insights\" role=\"listitem\">\n\t\t\t<div class=\"elementor-post__card\">\n\t\t\t\t<a class=\"elementor-post__thumbnail__link\" href=\"https:\/\/singervielle.com\/fr\/the-renters-rights-act-2025\/\" tabindex=\"-1\" ><div class=\"elementor-post__thumbnail\"><img fetchpriority=\"high\" decoding=\"async\" width=\"300\" height=\"225\" src=\"https:\/\/singervielle.com\/wp-content\/uploads\/Renters-Right-Act-300x225.jpg\" class=\"attachment-medium size-medium wp-image-47724\" alt=\"\" srcset=\"https:\/\/singervielle.com\/wp-content\/uploads\/Renters-Right-Act-300x225.jpg 300w, https:\/\/singervielle.com\/wp-content\/uploads\/Renters-Right-Act-16x12.jpg 16w, https:\/\/singervielle.com\/wp-content\/uploads\/Renters-Right-Act.jpg 768w\" sizes=\"(max-width: 300px) 100vw, 300px\" \/><\/div><\/a>\n\t\t\t\t<div class=\"elementor-post__badge\">Analyses de march\u00e9<\/div>\n\t\t\t\t<div class=\"elementor-post__avatar\">\n\t\t\t<img alt='Neil Chanteur' src='https:\/\/secure.gravatar.com\/avatar\/707f66719300f6a7079e835c0d99386519672a6e6bf10887d1df0c5558bba36b?s=128&#038;d=mm&#038;r=g' srcset='https:\/\/secure.gravatar.com\/avatar\/707f66719300f6a7079e835c0d99386519672a6e6bf10887d1df0c5558bba36b?s=256&#038;d=mm&#038;r=g 2x' class='avatar avatar-128 photo' height='128' width='128' \/>\t\t<\/div>\n\t\t\t\t<div class=\"elementor-post__text\">\n\t\t\t\t<h3 class=\"elementor-post__title\">\n\t\t\t<a href=\"https:\/\/singervielle.com\/fr\/the-renters-rights-act-2025\/\" >\n\t\t\t\tLoi de 2025 sur les droits des locataires\t\t\t<\/a>\n\t\t<\/h3>\n\t\t\t\t<div class=\"elementor-post__excerpt\">\n\t\t\t<p>Un tournant pour les investisseurs immobiliers\u00a0: le march\u00e9 r\u00e9sidentiel est en pleine mutation. La loi de 2025 sur les droits des locataires constitue la r\u00e9forme la plus importante du secteur locatif priv\u00e9 en Angleterre.<\/p>\n\t\t<\/div>\n\t\t\n\t\t<a class=\"elementor-post__read-more\" href=\"https:\/\/singervielle.com\/fr\/the-renters-rights-act-2025\/\" aria-label=\"Read more about The Renters\u2019 Rights Act 2025\" tabindex=\"-1\" >\n\t\t\tEn savoir plus &quot;\u00bb\t\t<\/a>\n\n\t\t\t\t<\/div>\n\t\t\t\t\t<\/div>\n\t\t<\/article>\n\t\t\t\t<article class=\"elementor-post elementor-grid-item post-47693 post type-post status-publish format-standard has-post-thumbnail hentry category-market-insights\" role=\"listitem\">\n\t\t\t<div class=\"elementor-post__card\">\n\t\t\t\t<a class=\"elementor-post__thumbnail__link\" href=\"https:\/\/singervielle.com\/fr\/how-to-buy-commercial-property-online-and-why-more-investors-are-doing-it\/\" tabindex=\"-1\" ><div class=\"elementor-post__thumbnail\"><img decoding=\"async\" width=\"300\" height=\"225\" src=\"https:\/\/singervielle.com\/wp-content\/uploads\/Market-Insights-Online-300x225.jpg\" class=\"attachment-medium size-medium wp-image-47694\" alt=\"\" srcset=\"https:\/\/singervielle.com\/wp-content\/uploads\/Market-Insights-Online-300x225.jpg 300w, https:\/\/singervielle.com\/wp-content\/uploads\/Market-Insights-Online-16x12.jpg 16w, https:\/\/singervielle.com\/wp-content\/uploads\/Market-Insights-Online.jpg 768w\" sizes=\"(max-width: 300px) 100vw, 300px\" \/><\/div><\/a>\n\t\t\t\t<div class=\"elementor-post__badge\">Analyses de march\u00e9<\/div>\n\t\t\t\t<div class=\"elementor-post__avatar\">\n\t\t\t<img alt='Neil Chanteur' src='https:\/\/secure.gravatar.com\/avatar\/707f66719300f6a7079e835c0d99386519672a6e6bf10887d1df0c5558bba36b?s=128&#038;d=mm&#038;r=g' srcset='https:\/\/secure.gravatar.com\/avatar\/707f66719300f6a7079e835c0d99386519672a6e6bf10887d1df0c5558bba36b?s=256&#038;d=mm&#038;r=g 2x' class='avatar avatar-128 photo' height='128' width='128' \/>\t\t<\/div>\n\t\t\t\t<div class=\"elementor-post__text\">\n\t\t\t\t<h3 class=\"elementor-post__title\">\n\t\t\t<a href=\"https:\/\/singervielle.com\/fr\/how-to-buy-commercial-property-online-and-why-more-investors-are-doing-it\/\" >\n\t\t\t\tComment acheter un bien immobilier commercial en ligne \u2013 et pourquoi de plus en plus d&#039;investisseurs le font\t\t\t<\/a>\n\t\t<\/h3>\n\t\t\t\t<div class=\"elementor-post__excerpt\">\n\t\t\t<p>Le passage aux transactions num\u00e9riques dans l&#039;investissement immobilier commercial au Royaume-Uni s&#039;acc\u00e9l\u00e8re. Traditionnellement, l&#039;acquisition de biens immobiliers commerciaux \u00e9tait un processus lent, opaque et complexe.<\/p>\n\t\t<\/div>\n\t\t\n\t\t<a class=\"elementor-post__read-more\" href=\"https:\/\/singervielle.com\/fr\/how-to-buy-commercial-property-online-and-why-more-investors-are-doing-it\/\" aria-label=\"Read more about How to buy commercial property online \u2014 and why more investors are doing it\" tabindex=\"-1\" >\n\t\t\tEn savoir plus &quot;\u00bb\t\t<\/a>\n\n\t\t\t\t<\/div>\n\t\t\t\t\t<\/div>\n\t\t<\/article>\n\t\t\t\t<article class=\"elementor-post elementor-grid-item post-47689 post type-post status-publish format-standard has-post-thumbnail hentry category-market-insights\" role=\"listitem\">\n\t\t\t<div class=\"elementor-post__card\">\n\t\t\t\t<a class=\"elementor-post__thumbnail__link\" href=\"https:\/\/singervielle.com\/fr\/why-ev-charging-hubs-are-becoming-one-of-the-uks-most-sought-after-commercial-investments\/\" tabindex=\"-1\" ><div class=\"elementor-post__thumbnail\"><img decoding=\"async\" width=\"300\" height=\"225\" src=\"https:\/\/singervielle.com\/wp-content\/uploads\/Market-Insights-EV-300x225.jpg\" class=\"attachment-medium size-medium wp-image-47690\" alt=\"\" srcset=\"https:\/\/singervielle.com\/wp-content\/uploads\/Market-Insights-EV-300x225.jpg 300w, https:\/\/singervielle.com\/wp-content\/uploads\/Market-Insights-EV-16x12.jpg 16w, https:\/\/singervielle.com\/wp-content\/uploads\/Market-Insights-EV.jpg 768w\" sizes=\"(max-width: 300px) 100vw, 300px\" \/><\/div><\/a>\n\t\t\t\t<div class=\"elementor-post__badge\">Analyses de march\u00e9<\/div>\n\t\t\t\t<div class=\"elementor-post__avatar\">\n\t\t\t<img alt='Neil Chanteur' src='https:\/\/secure.gravatar.com\/avatar\/707f66719300f6a7079e835c0d99386519672a6e6bf10887d1df0c5558bba36b?s=128&#038;d=mm&#038;r=g' srcset='https:\/\/secure.gravatar.com\/avatar\/707f66719300f6a7079e835c0d99386519672a6e6bf10887d1df0c5558bba36b?s=256&#038;d=mm&#038;r=g 2x' class='avatar avatar-128 photo' height='128' width='128' \/>\t\t<\/div>\n\t\t\t\t<div class=\"elementor-post__text\">\n\t\t\t\t<h3 class=\"elementor-post__title\">\n\t\t\t<a href=\"https:\/\/singervielle.com\/fr\/why-ev-charging-hubs-are-becoming-one-of-the-uks-most-sought-after-commercial-investments\/\" >\n\t\t\t\tPourquoi les stations de recharge pour v\u00e9hicules \u00e9lectriques deviennent l&#039;un des investissements commerciaux les plus recherch\u00e9s au Royaume-Uni\t\t\t<\/a>\n\t\t<\/h3>\n\t\t\t\t<div class=\"elementor-post__excerpt\">\n\t\t\t<p>Les fondamentaux de l&#039;un des secteurs alternatifs \u00e0 la croissance la plus rapide de l&#039;immobilier britannique. Il y a quelques ann\u00e9es, une station de recharge pour v\u00e9hicules \u00e9lectriques aurait \u00e9t\u00e9 consid\u00e9r\u00e9e comme inhabituelle.<\/p>\n\t\t<\/div>\n\t\t\n\t\t<a class=\"elementor-post__read-more\" href=\"https:\/\/singervielle.com\/fr\/why-ev-charging-hubs-are-becoming-one-of-the-uks-most-sought-after-commercial-investments\/\" aria-label=\"Read more about Why EV charging hubs are becoming one of the UK&#8217;s most sought-after commercial investments\" tabindex=\"-1\" >\n\t\t\tEn savoir plus &quot;\u00bb\t\t<\/a>\n\n\t\t\t\t<\/div>\n\t\t\t\t\t<\/div>\n\t\t<\/article>\n\t\t\t\t<article class=\"elementor-post elementor-grid-item post-47602 post type-post status-publish format-standard has-post-thumbnail hentry category-market-insights\" role=\"listitem\">\n\t\t\t<div class=\"elementor-post__card\">\n\t\t\t\t<a class=\"elementor-post__thumbnail__link\" href=\"https:\/\/singervielle.com\/fr\/what-is-a-net-initial-yield-and-why-does-it-matter-for-commercial-property-investors\/\" tabindex=\"-1\" ><div class=\"elementor-post__thumbnail\"><img loading=\"lazy\" decoding=\"async\" width=\"300\" height=\"225\" src=\"https:\/\/singervielle.com\/wp-content\/uploads\/Net-initial-Yield-300x225.jpg\" class=\"attachment-medium size-medium wp-image-47637\" alt=\"\" srcset=\"https:\/\/singervielle.com\/wp-content\/uploads\/Net-initial-Yield-300x225.jpg 300w, https:\/\/singervielle.com\/wp-content\/uploads\/Net-initial-Yield-16x12.jpg 16w, https:\/\/singervielle.com\/wp-content\/uploads\/Net-initial-Yield.jpg 768w\" sizes=\"(max-width: 300px) 100vw, 300px\" \/><\/div><\/a>\n\t\t\t\t<div class=\"elementor-post__badge\">Analyses de march\u00e9<\/div>\n\t\t\t\t<div class=\"elementor-post__avatar\">\n\t\t\t<img alt='Neil Chanteur' src='https:\/\/secure.gravatar.com\/avatar\/707f66719300f6a7079e835c0d99386519672a6e6bf10887d1df0c5558bba36b?s=128&#038;d=mm&#038;r=g' srcset='https:\/\/secure.gravatar.com\/avatar\/707f66719300f6a7079e835c0d99386519672a6e6bf10887d1df0c5558bba36b?s=256&#038;d=mm&#038;r=g 2x' class='avatar avatar-128 photo' height='128' width='128' \/>\t\t<\/div>\n\t\t\t\t<div class=\"elementor-post__text\">\n\t\t\t\t<h3 class=\"elementor-post__title\">\n\t\t\t<a href=\"https:\/\/singervielle.com\/fr\/what-is-a-net-initial-yield-and-why-does-it-matter-for-commercial-property-investors\/\" >\n\t\t\t\tQu\u2019est-ce que le rendement initial net et pourquoi est-il important pour les investisseurs immobiliers commerciaux\u00a0?\t\t\t<\/a>\n\t\t<\/h3>\n\t\t\t\t<div class=\"elementor-post__excerpt\">\n\t\t\t<p>Le rendement initial net est l&#039;indicateur le plus important en mati\u00e8re d&#039;investissement immobilier commercial. Voici ce qu&#039;il signifie, comment il est calcul\u00e9 et pourquoi il est important.<\/p>\n\t\t<\/div>\n\t\t\n\t\t<a class=\"elementor-post__read-more\" href=\"https:\/\/singervielle.com\/fr\/what-is-a-net-initial-yield-and-why-does-it-matter-for-commercial-property-investors\/\" aria-label=\"Read more about What is a Net Initial Yield and why does it matter for commercial property investors?\" tabindex=\"-1\" >\n\t\t\tEn savoir plus &quot;\u00bb\t\t<\/a>\n\n\t\t\t\t<\/div>\n\t\t\t\t\t<\/div>\n\t\t<\/article>\n\t\t\t\t<\/div>\n\t\t\n\t\t\t\t\t\t<\/div>\n\t\t\t\t<\/div>\n\t\t\t\t\t<\/div>\n\t\t\t\t<\/div>\n\t\t\t\t<\/div>","protected":false},"excerpt":{"rendered":"<p>Market Insights Expert analysis and practical guides for commercial property investors.<\/p>","protected":false},"author":18,"featured_media":0,"parent":0,"menu_order":0,"comment_status":"closed","ping_status":"closed","template":"","meta":{"_acf_changed":false,"inline_featured_image":false,"footnotes":""},"class_list":["post-47613","page","type-page","status-publish","hentry"],"acf":[],"yoast_head":"<!-- This site is optimized with the Yoast SEO plugin v26.6 - https:\/\/yoast.com\/wordpress\/plugins\/seo\/ -->\n<title>Commercial Property Investment Insights | Singer Vielle<\/title>\n<meta name=\"description\" content=\"Expert guides and analysis on UK commercial property investment from Singer Vielle. Covering yields, tenant covenants, freehold ownership, EV charging and more.\" \/>\n<meta name=\"robots\" content=\"index, follow, max-snippet:-1, max-image-preview:large, max-video-preview:-1\" \/>\n<link rel=\"canonical\" href=\"https:\/\/singervielle.com\/fr\/market-insights\/\" \/>\n<meta property=\"og:locale\" content=\"fr_FR\" \/>\n<meta property=\"og:type\" content=\"article\" \/>\n<meta property=\"og:title\" content=\"Commercial Property Investment Insights | Singer Vielle\" \/>\n<meta property=\"og:description\" content=\"Expert guides and analysis on UK commercial property investment from Singer Vielle. Covering yields, tenant covenants, freehold ownership, EV charging and more.\" \/>\n<meta property=\"og:url\" content=\"https:\/\/singervielle.com\/fr\/market-insights\/\" \/>\n<meta property=\"og:site_name\" content=\"Singer Vielle\" \/>\n<meta property=\"article:modified_time\" content=\"2026-03-12T12:41:27+00:00\" \/>\n<meta name=\"twitter:card\" content=\"summary_large_image\" \/>\n<meta name=\"twitter:site\" content=\"@SingerVielle\" \/>\n<script type=\"application\/ld+json\" class=\"yoast-schema-graph\">{\"@context\":\"https:\/\/schema.org\",\"@graph\":[{\"@type\":\"WebPage\",\"@id\":\"https:\/\/singervielle.com\/market-insights\/\",\"url\":\"https:\/\/singervielle.com\/market-insights\/\",\"name\":\"Commercial Property Investment Insights | Singer Vielle\",\"isPartOf\":{\"@id\":\"https:\/\/singervielle.com\/#website\"},\"datePublished\":\"2026-03-12T09:10:39+00:00\",\"dateModified\":\"2026-03-12T12:41:27+00:00\",\"description\":\"Expert guides and analysis on UK commercial property investment from Singer Vielle. Covering yields, tenant covenants, freehold ownership, EV charging and more.\",\"breadcrumb\":{\"@id\":\"https:\/\/singervielle.com\/market-insights\/#breadcrumb\"},\"inLanguage\":\"fr-FR\",\"potentialAction\":[{\"@type\":\"ReadAction\",\"target\":[\"https:\/\/singervielle.com\/market-insights\/\"]}]},{\"@type\":\"BreadcrumbList\",\"@id\":\"https:\/\/singervielle.com\/market-insights\/#breadcrumb\",\"itemListElement\":[{\"@type\":\"ListItem\",\"position\":1,\"name\":\"Home\",\"item\":\"https:\/\/singervielle.com\/\"},{\"@type\":\"ListItem\",\"position\":2,\"name\":\"Market Insights\"}]},{\"@type\":\"WebSite\",\"@id\":\"https:\/\/singervielle.com\/#website\",\"url\":\"https:\/\/singervielle.com\/\",\"name\":\"Singer Vielle Commercial Property Sales\",\"description\":\"UK Commercial Property Investment\",\"publisher\":{\"@id\":\"https:\/\/singervielle.com\/#organization\"},\"alternateName\":\"SingerVielle\",\"potentialAction\":[{\"@type\":\"SearchAction\",\"target\":{\"@type\":\"EntryPoint\",\"urlTemplate\":\"https:\/\/singervielle.com\/?s={search_term_string}\"},\"query-input\":{\"@type\":\"PropertyValueSpecification\",\"valueRequired\":true,\"valueName\":\"search_term_string\"}}],\"inLanguage\":\"fr-FR\"},{\"@type\":\"Organization\",\"@id\":\"https:\/\/singervielle.com\/#organization\",\"name\":\"Singer Vielle Commercial Property Sales\",\"url\":\"https:\/\/singervielle.com\/\",\"logo\":{\"@type\":\"ImageObject\",\"inLanguage\":\"fr-FR\",\"@id\":\"https:\/\/singervielle.com\/#\/schema\/logo\/image\/\",\"url\":\"https:\/\/singervielle.com\/wp-content\/uploads\/SINGER-logo-box.svg\",\"contentUrl\":\"https:\/\/singervielle.com\/wp-content\/uploads\/SINGER-logo-box.svg\",\"width\":104,\"height\":66,\"caption\":\"Singer Vielle Commercial Property Sales\"},\"image\":{\"@id\":\"https:\/\/singervielle.com\/#\/schema\/logo\/image\/\"},\"sameAs\":[\"https:\/\/x.com\/SingerVielle\",\"https:\/\/www.linkedin.com\/company\/singer-vielle\/\",\"https:\/\/www.youtube.com\/user\/SingerViellesales\/featured\",\"https:\/\/www.instagram.com\/singerviellesales\/\"]}]}<\/script>\n<!-- \/ Yoast SEO plugin. -->","yoast_head_json":{"title":"Perspectives d&#039;investissement en immobilier commercial | Singer Vielle","description":"Guides et analyses d&#039;experts sur l&#039;investissement immobilier commercial au Royaume-Uni par Singer Vielle. Au programme\u00a0: rendements, clauses des locataires, propri\u00e9t\u00e9 en pleine propri\u00e9t\u00e9, bornes de recharge pour v\u00e9hicules \u00e9lectriques et bien plus encore.","robots":{"index":"index","follow":"follow","max-snippet":"max-snippet:-1","max-image-preview":"max-image-preview:large","max-video-preview":"max-video-preview:-1"},"canonical":"https:\/\/singervielle.com\/fr\/market-insights\/","og_locale":"fr_FR","og_type":"article","og_title":"Commercial Property Investment Insights | Singer Vielle","og_description":"Expert guides and analysis on UK commercial property investment from Singer Vielle. Covering yields, tenant covenants, freehold ownership, EV charging and more.","og_url":"https:\/\/singervielle.com\/fr\/market-insights\/","og_site_name":"Singer Vielle","article_modified_time":"2026-03-12T12:41:27+00:00","twitter_card":"summary_large_image","twitter_site":"@SingerVielle","schema":{"@context":"https:\/\/schema.org","@graph":[{"@type":"WebPage","@id":"https:\/\/singervielle.com\/market-insights\/","url":"https:\/\/singervielle.com\/market-insights\/","name":"Perspectives d&#039;investissement en immobilier commercial | Singer Vielle","isPartOf":{"@id":"https:\/\/singervielle.com\/#website"},"datePublished":"2026-03-12T09:10:39+00:00","dateModified":"2026-03-12T12:41:27+00:00","description":"Guides et analyses d&#039;experts sur l&#039;investissement immobilier commercial au Royaume-Uni par Singer Vielle. Au programme\u00a0: rendements, clauses des locataires, propri\u00e9t\u00e9 en pleine propri\u00e9t\u00e9, bornes de recharge pour v\u00e9hicules \u00e9lectriques et bien plus encore.","breadcrumb":{"@id":"https:\/\/singervielle.com\/market-insights\/#breadcrumb"},"inLanguage":"fr-FR","potentialAction":[{"@type":"ReadAction","target":["https:\/\/singervielle.com\/market-insights\/"]}]},{"@type":"BreadcrumbList","@id":"https:\/\/singervielle.com\/market-insights\/#breadcrumb","itemListElement":[{"@type":"ListItem","position":1,"name":"Home","item":"https:\/\/singervielle.com\/"},{"@type":"ListItem","position":2,"name":"Market Insights"}]},{"@type":"WebSite","@id":"https:\/\/singervielle.com\/#website","url":"https:\/\/singervielle.com\/","name":"Singer Vielle Ventes d&#039;Immeubles Commerciaux","description":"Investissement immobilier commercial au Royaume-Uni","publisher":{"@id":"https:\/\/singervielle.com\/#organization"},"alternateName":"SingerVielle","potentialAction":[{"@type":"SearchAction","target":{"@type":"EntryPoint","urlTemplate":"https:\/\/singervielle.com\/?s={search_term_string}"},"query-input":{"@type":"PropertyValueSpecification","valueRequired":true,"valueName":"search_term_string"}}],"inLanguage":"fr-FR"},{"@type":"Organization","@id":"https:\/\/singervielle.com\/#organization","name":"Singer Vielle Ventes d&#039;Immeubles Commerciaux","url":"https:\/\/singervielle.com\/","logo":{"@type":"ImageObject","inLanguage":"fr-FR","@id":"https:\/\/singervielle.com\/#\/schema\/logo\/image\/","url":"https:\/\/singervielle.com\/wp-content\/uploads\/SINGER-logo-box.svg","contentUrl":"https:\/\/singervielle.com\/wp-content\/uploads\/SINGER-logo-box.svg","width":104,"height":66,"caption":"Singer Vielle Commercial Property Sales"},"image":{"@id":"https:\/\/singervielle.com\/#\/schema\/logo\/image\/"},"sameAs":["https:\/\/x.com\/SingerVielle","https:\/\/www.linkedin.com\/company\/singer-vielle\/","https:\/\/www.youtube.com\/user\/SingerViellesales\/featured","https:\/\/www.instagram.com\/singerviellesales\/"]}]}},"_links":{"self":[{"href":"https:\/\/singervielle.com\/fr\/wp-json\/wp\/v2\/pages\/47613","targetHints":{"allow":["GET"]}}],"collection":[{"href":"https:\/\/singervielle.com\/fr\/wp-json\/wp\/v2\/pages"}],"about":[{"href":"https:\/\/singervielle.com\/fr\/wp-json\/wp\/v2\/types\/page"}],"author":[{"embeddable":true,"href":"https:\/\/singervielle.com\/fr\/wp-json\/wp\/v2\/users\/18"}],"replies":[{"embeddable":true,"href":"https:\/\/singervielle.com\/fr\/wp-json\/wp\/v2\/comments?post=47613"}],"version-history":[{"count":13,"href":"https:\/\/singervielle.com\/fr\/wp-json\/wp\/v2\/pages\/47613\/revisions"}],"predecessor-version":[{"id":47644,"href":"https:\/\/singervielle.com\/fr\/wp-json\/wp\/v2\/pages\/47613\/revisions\/47644"}],"wp:attachment":[{"href":"https:\/\/singervielle.com\/fr\/wp-json\/wp\/v2\/media?parent=47613"}],"curies":[{"name":"wp","href":"https:\/\/api.w.org\/{rel}","templated":true}]}}