{"id":17093,"date":"2023-03-22T08:16:41","date_gmt":"2023-03-22T08:16:41","guid":{"rendered":"https:\/\/sales.singervielle.com\/?page_id=17093"},"modified":"2023-05-21T12:48:55","modified_gmt":"2023-05-21T11:48:55","slug":"about-sapx","status":"publish","type":"page","link":"https:\/\/singervielle.com\/fr\/about-sapx\/","title":{"rendered":"\u00c0 propos de SAPX"},"content":{"rendered":"<div data-elementor-type=\"wp-page\" data-elementor-id=\"17093\" class=\"elementor elementor-17093\" data-elementor-post-type=\"page\">\n\t\t\t\t<div class=\"elementor-element elementor-element-6be5127 e-con-full e-flex e-con e-parent\" data-id=\"6be5127\" data-element_type=\"container\" data-settings=\"{&quot;background_background&quot;:&quot;classic&quot;}\">\n\t\t\t\t<\/div>\n\t\t<div class=\"elementor-element elementor-element-07c9642 e-flex e-con-boxed e-con e-parent\" data-id=\"07c9642\" data-element_type=\"container\" data-settings=\"{&quot;background_background&quot;:&quot;classic&quot;}\">\n\t\t\t\t\t<div class=\"e-con-inner\">\n\t\t<div class=\"elementor-element elementor-element-aa71ac8 e-flex e-con-boxed e-con e-parent\" data-id=\"aa71ac8\" data-element_type=\"container\" data-settings=\"{&quot;background_background&quot;:&quot;classic&quot;}\">\n\t\t\t\t\t<div class=\"e-con-inner\">\n\t\t\t\t<div class=\"elementor-element elementor-element-efc3095 animated-fast elementor-invisible elementor-widget elementor-widget-image\" data-id=\"efc3095\" data-element_type=\"widget\" data-settings=\"{&quot;_animation&quot;:&quot;fadeInLeft&quot;}\" data-widget_type=\"image.default\">\n\t\t\t\t<div class=\"elementor-widget-container\">\n\t\t\t\t\t\t\t\t\t\t\t\t\t\t\t<img decoding=\"async\" width=\"15\" height=\"24\" src=\"https:\/\/singervielle.com\/wp-content\/uploads\/Path-1178.png\" class=\"attachment-full size-full wp-image-12067\" alt=\"\" srcset=\"https:\/\/singervielle.com\/wp-content\/uploads\/Path-1178.png 15w, https:\/\/singervielle.com\/wp-content\/uploads\/Path-1178-8x12.png 8w\" sizes=\"(max-width: 15px) 100vw, 15px\" \/>\t\t\t\t\t\t\t\t\t\t\t\t\t\t\t<\/div>\n\t\t\t\t<\/div>\n\t\t\t\t<div class=\"elementor-element elementor-element-c1d2510 elementor-widget__width-initial animated-fast elementor-invisible elementor-widget elementor-widget-heading\" data-id=\"c1d2510\" data-element_type=\"widget\" data-settings=\"{&quot;_animation&quot;:&quot;fadeInLeft&quot;}\" data-widget_type=\"heading.default\">\n\t\t\t\t<div class=\"elementor-widget-container\">\n\t\t\t\t\t<h1 class=\"elementor-heading-title elementor-size-default\">\u00c0 propos de SAPX<\/h1>\t\t\t\t<\/div>\n\t\t\t\t<\/div>\n\t\t\t\t<div class=\"elementor-element elementor-element-6b77be8 animated-fast elementor-widget__width-initial elementor-invisible elementor-widget elementor-widget-text-editor\" data-id=\"6b77be8\" data-element_type=\"widget\" data-settings=\"{&quot;_animation&quot;:&quot;fadeInLeft&quot;,&quot;_animation_delay&quot;:0}\" data-widget_type=\"text-editor.default\">\n\t\t\t\t<div class=\"elementor-widget-container\">\n\t\t\t\t\t\t\t\t\t<p>SAPX est une plateforme d&#039;agence immobili\u00e8re commerciale en ligne bas\u00e9e sur la technologie, une entreprise de marketing avec une pr\u00e9sence en ligne de premier plan.<\/p>\t\t\t\t\t\t\t\t<\/div>\n\t\t\t\t<\/div>\n\t\t\t\t\t<\/div>\n\t\t\t\t<\/div>\n\t\t<div class=\"elementor-element elementor-element-8afb184 e-flex e-con-boxed e-con e-parent\" data-id=\"8afb184\" data-element_type=\"container\">\n\t\t\t\t\t<div class=\"e-con-inner\">\n\t\t\t\t<div class=\"elementor-element elementor-element-8ad44aa elementor-widget__width-initial animated-fast elementor-invisible elementor-widget elementor-widget-image\" data-id=\"8ad44aa\" data-element_type=\"widget\" data-settings=\"{&quot;_animation&quot;:&quot;fadeInLeft&quot;}\" data-widget_type=\"image.default\">\n\t\t\t\t<div class=\"elementor-widget-container\">\n\t\t\t\t\t\t\t\t\t\t\t\t\t\t\t<img decoding=\"async\" src=\"https:\/\/singervielle.com\/wp-content\/uploads\/meet_empact2_600X338.png\" title=\"\" alt=\"\" loading=\"lazy\" \/>\t\t\t\t\t\t\t\t\t\t\t\t\t\t\t<\/div>\n\t\t\t\t<\/div>\n\t\t\t\t<div class=\"elementor-element elementor-element-127c6de animated-fast elementor-widget__width-initial elementor-invisible elementor-widget elementor-widget-text-editor\" data-id=\"127c6de\" data-element_type=\"widget\" data-settings=\"{&quot;_animation&quot;:&quot;fadeInLeft&quot;,&quot;_animation_delay&quot;:0}\" data-widget_type=\"text-editor.default\">\n\t\t\t\t<div class=\"elementor-widget-container\">\n\t\t\t\t\t\t\t\t\t<p>Cr\u00e9\u00e9 pour fournir des solutions multiservices sur mesure et de classe mondiale, Empact Corporate Real Estate Services est compos\u00e9 d&#039;une \u00e9quipe d&#039;experts, de professionnels et de sp\u00e9cialistes. Nous avons ouvert nos portes en r\u00e9ponse \u00e0 la demande des clients et aux besoins du secteur en mati\u00e8re de solutions commerciales transparentes de bout en bout, tout au long du cycle de vie des installations et des actifs immobiliers.<\/p>\t\t\t\t\t\t\t\t<\/div>\n\t\t\t\t<\/div>\n\t\t\t\t\t<\/div>\n\t\t\t\t<\/div>\n\t\t\t\t\t<\/div>\n\t\t\t\t<\/div>\n\t\t\t\t<\/div>","protected":false},"excerpt":{"rendered":"<p>About SAPX SAPX is a tech-enabled, online commercial real estate agency platform, a marketing business with a leading online presence. Created to provide bespoke, world class multi-service solutions empact corporate real estate services is made up of a team of experts, professionals, and specialists. We opened our doors in response to client demand and industry [&hellip;]<\/p>\n","protected":false},"author":9,"featured_media":0,"parent":0,"menu_order":0,"comment_status":"closed","ping_status":"closed","template":"","meta":{"_acf_changed":false,"inline_featured_image":false,"footnotes":""},"class_list":["post-17093","page","type-page","status-publish","hentry"],"acf":[],"yoast_head":"<!-- This site is optimized with the Yoast SEO plugin v26.6 - https:\/\/yoast.com\/wordpress\/plugins\/seo\/ -->\n<title>About SAPX - Singer Vielle<\/title>\n<meta name=\"description\" content=\"About SAPX\" \/>\n<meta name=\"robots\" content=\"index, follow, max-snippet:-1, max-image-preview:large, max-video-preview:-1\" \/>\n<link rel=\"canonical\" href=\"https:\/\/singervielle.com\/fr\/about-sapx\/\" \/>\n<meta property=\"og:locale\" content=\"fr_FR\" \/>\n<meta property=\"og:type\" content=\"article\" \/>\n<meta property=\"og:title\" content=\"About SAPX - Singer Vielle\" \/>\n<meta property=\"og:description\" content=\"About SAPX\" \/>\n<meta property=\"og:url\" content=\"https:\/\/singervielle.com\/fr\/about-sapx\/\" \/>\n<meta property=\"og:site_name\" content=\"Singer Vielle\" \/>\n<meta property=\"article:modified_time\" content=\"2023-05-21T11:48:55+00:00\" \/>\n<meta property=\"og:image\" content=\"https:\/\/singervielle.com\/wp-content\/uploads\/Path-1178.png\" \/>\n<meta name=\"twitter:card\" content=\"summary_large_image\" \/>\n<meta name=\"twitter:site\" content=\"@SingerVielle\" \/>\n<script type=\"application\/ld+json\" class=\"yoast-schema-graph\">{\"@context\":\"https:\/\/schema.org\",\"@graph\":[{\"@type\":\"WebPage\",\"@id\":\"https:\/\/singervielle.com\/about-sapx\/\",\"url\":\"https:\/\/singervielle.com\/about-sapx\/\",\"name\":\"About SAPX - Singer Vielle\",\"isPartOf\":{\"@id\":\"https:\/\/singervielle.com\/#website\"},\"primaryImageOfPage\":{\"@id\":\"https:\/\/singervielle.com\/about-sapx\/#primaryimage\"},\"image\":{\"@id\":\"https:\/\/singervielle.com\/about-sapx\/#primaryimage\"},\"thumbnailUrl\":\"https:\/\/singervielle.com\/wp-content\/uploads\/Path-1178.png\",\"datePublished\":\"2023-03-22T08:16:41+00:00\",\"dateModified\":\"2023-05-21T11:48:55+00:00\",\"description\":\"About SAPX\",\"breadcrumb\":{\"@id\":\"https:\/\/singervielle.com\/about-sapx\/#breadcrumb\"},\"inLanguage\":\"fr-FR\",\"potentialAction\":[{\"@type\":\"ReadAction\",\"target\":[\"https:\/\/singervielle.com\/about-sapx\/\"]}]},{\"@type\":\"ImageObject\",\"inLanguage\":\"fr-FR\",\"@id\":\"https:\/\/singervielle.com\/about-sapx\/#primaryimage\",\"url\":\"https:\/\/singervielle.com\/wp-content\/uploads\/Path-1178.png\",\"contentUrl\":\"https:\/\/singervielle.com\/wp-content\/uploads\/Path-1178.png\"},{\"@type\":\"BreadcrumbList\",\"@id\":\"https:\/\/singervielle.com\/about-sapx\/#breadcrumb\",\"itemListElement\":[{\"@type\":\"ListItem\",\"position\":1,\"name\":\"Home\",\"item\":\"https:\/\/singervielle.com\/\"},{\"@type\":\"ListItem\",\"position\":2,\"name\":\"About SAPX\"}]},{\"@type\":\"WebSite\",\"@id\":\"https:\/\/singervielle.com\/#website\",\"url\":\"https:\/\/singervielle.com\/\",\"name\":\"Singer Vielle Commercial Property Sales\",\"description\":\"UK Commercial Property Investment\",\"publisher\":{\"@id\":\"https:\/\/singervielle.com\/#organization\"},\"alternateName\":\"SingerVielle\",\"potentialAction\":[{\"@type\":\"SearchAction\",\"target\":{\"@type\":\"EntryPoint\",\"urlTemplate\":\"https:\/\/singervielle.com\/?s={search_term_string}\"},\"query-input\":{\"@type\":\"PropertyValueSpecification\",\"valueRequired\":true,\"valueName\":\"search_term_string\"}}],\"inLanguage\":\"fr-FR\"},{\"@type\":\"Organization\",\"@id\":\"https:\/\/singervielle.com\/#organization\",\"name\":\"Singer Vielle Commercial Property Sales\",\"url\":\"https:\/\/singervielle.com\/\",\"logo\":{\"@type\":\"ImageObject\",\"inLanguage\":\"fr-FR\",\"@id\":\"https:\/\/singervielle.com\/#\/schema\/logo\/image\/\",\"url\":\"https:\/\/singervielle.com\/wp-content\/uploads\/SINGER-logo-box.svg\",\"contentUrl\":\"https:\/\/singervielle.com\/wp-content\/uploads\/SINGER-logo-box.svg\",\"width\":104,\"height\":66,\"caption\":\"Singer Vielle Commercial Property Sales\"},\"image\":{\"@id\":\"https:\/\/singervielle.com\/#\/schema\/logo\/image\/\"},\"sameAs\":[\"https:\/\/x.com\/SingerVielle\",\"https:\/\/www.linkedin.com\/company\/singer-vielle\/\",\"https:\/\/www.youtube.com\/user\/SingerViellesales\/featured\",\"https:\/\/www.instagram.com\/singerviellesales\/\"]}]}<\/script>\n<!-- \/ Yoast SEO plugin. -->","yoast_head_json":{"title":"\u00c0 propos de SAPX-Singer Vielle","description":"\u00c0 propos de SAPX","robots":{"index":"index","follow":"follow","max-snippet":"max-snippet:-1","max-image-preview":"max-image-preview:large","max-video-preview":"max-video-preview:-1"},"canonical":"https:\/\/singervielle.com\/fr\/about-sapx\/","og_locale":"fr_FR","og_type":"article","og_title":"About SAPX - Singer Vielle","og_description":"About SAPX","og_url":"https:\/\/singervielle.com\/fr\/about-sapx\/","og_site_name":"Singer Vielle","article_modified_time":"2023-05-21T11:48:55+00:00","og_image":[{"url":"https:\/\/singervielle.com\/wp-content\/uploads\/Path-1178.png","type":"","width":"","height":""}],"twitter_card":"summary_large_image","twitter_site":"@SingerVielle","schema":{"@context":"https:\/\/schema.org","@graph":[{"@type":"WebPage","@id":"https:\/\/singervielle.com\/about-sapx\/","url":"https:\/\/singervielle.com\/about-sapx\/","name":"\u00c0 propos de SAPX-Singer Vielle","isPartOf":{"@id":"https:\/\/singervielle.com\/#website"},"primaryImageOfPage":{"@id":"https:\/\/singervielle.com\/about-sapx\/#primaryimage"},"image":{"@id":"https:\/\/singervielle.com\/about-sapx\/#primaryimage"},"thumbnailUrl":"https:\/\/singervielle.com\/wp-content\/uploads\/Path-1178.png","datePublished":"2023-03-22T08:16:41+00:00","dateModified":"2023-05-21T11:48:55+00:00","description":"\u00c0 propos de SAPX","breadcrumb":{"@id":"https:\/\/singervielle.com\/about-sapx\/#breadcrumb"},"inLanguage":"fr-FR","potentialAction":[{"@type":"ReadAction","target":["https:\/\/singervielle.com\/about-sapx\/"]}]},{"@type":"ImageObject","inLanguage":"fr-FR","@id":"https:\/\/singervielle.com\/about-sapx\/#primaryimage","url":"https:\/\/singervielle.com\/wp-content\/uploads\/Path-1178.png","contentUrl":"https:\/\/singervielle.com\/wp-content\/uploads\/Path-1178.png"},{"@type":"BreadcrumbList","@id":"https:\/\/singervielle.com\/about-sapx\/#breadcrumb","itemListElement":[{"@type":"ListItem","position":1,"name":"Home","item":"https:\/\/singervielle.com\/"},{"@type":"ListItem","position":2,"name":"About SAPX"}]},{"@type":"WebSite","@id":"https:\/\/singervielle.com\/#website","url":"https:\/\/singervielle.com\/","name":"Singer Vielle Ventes d&#039;Immeubles Commerciaux","description":"Investissement immobilier commercial au Royaume-Uni","publisher":{"@id":"https:\/\/singervielle.com\/#organization"},"alternateName":"SingerVielle","potentialAction":[{"@type":"SearchAction","target":{"@type":"EntryPoint","urlTemplate":"https:\/\/singervielle.com\/?s={search_term_string}"},"query-input":{"@type":"PropertyValueSpecification","valueRequired":true,"valueName":"search_term_string"}}],"inLanguage":"fr-FR"},{"@type":"Organization","@id":"https:\/\/singervielle.com\/#organization","name":"Singer Vielle Ventes d&#039;Immeubles Commerciaux","url":"https:\/\/singervielle.com\/","logo":{"@type":"ImageObject","inLanguage":"fr-FR","@id":"https:\/\/singervielle.com\/#\/schema\/logo\/image\/","url":"https:\/\/singervielle.com\/wp-content\/uploads\/SINGER-logo-box.svg","contentUrl":"https:\/\/singervielle.com\/wp-content\/uploads\/SINGER-logo-box.svg","width":104,"height":66,"caption":"Singer Vielle Commercial Property Sales"},"image":{"@id":"https:\/\/singervielle.com\/#\/schema\/logo\/image\/"},"sameAs":["https:\/\/x.com\/SingerVielle","https:\/\/www.linkedin.com\/company\/singer-vielle\/","https:\/\/www.youtube.com\/user\/SingerViellesales\/featured","https:\/\/www.instagram.com\/singerviellesales\/"]}]}},"_links":{"self":[{"href":"https:\/\/singervielle.com\/fr\/wp-json\/wp\/v2\/pages\/17093","targetHints":{"allow":["GET"]}}],"collection":[{"href":"https:\/\/singervielle.com\/fr\/wp-json\/wp\/v2\/pages"}],"about":[{"href":"https:\/\/singervielle.com\/fr\/wp-json\/wp\/v2\/types\/page"}],"author":[{"embeddable":true,"href":"https:\/\/singervielle.com\/fr\/wp-json\/wp\/v2\/users\/9"}],"replies":[{"embeddable":true,"href":"https:\/\/singervielle.com\/fr\/wp-json\/wp\/v2\/comments?post=17093"}],"version-history":[{"count":0,"href":"https:\/\/singervielle.com\/fr\/wp-json\/wp\/v2\/pages\/17093\/revisions"}],"wp:attachment":[{"href":"https:\/\/singervielle.com\/fr\/wp-json\/wp\/v2\/media?parent=17093"}],"curies":[{"name":"wp","href":"https:\/\/api.w.org\/{rel}","templated":true}]}}