{"id":16218,"date":"2023-02-17T12:37:47","date_gmt":"2023-02-17T12:37:47","guid":{"rendered":"https:\/\/sales.singervielle.com\/?page_id=16218"},"modified":"2024-10-07T20:57:55","modified_gmt":"2024-10-07T19:57:55","slug":"cookie-policy","status":"publish","type":"page","link":"https:\/\/singervielle.com\/fr\/cookie-policy\/","title":{"rendered":"Politique de cookies"},"content":{"rendered":"<div data-elementor-type=\"wp-page\" data-elementor-id=\"16218\" class=\"elementor elementor-16218\" data-elementor-post-type=\"page\">\n\t\t\t\t<div class=\"elementor-element elementor-element-6473786 privacy_policy e-flex e-con-boxed e-con e-parent\" data-id=\"6473786\" data-element_type=\"container\">\n\t\t\t\t\t<div class=\"e-con-inner\">\n\t\t\t\t<div class=\"elementor-element elementor-element-70b3e51 elementor-widget elementor-widget-spacer\" data-id=\"70b3e51\" data-element_type=\"widget\" data-widget_type=\"spacer.default\">\n\t\t\t\t<div class=\"elementor-widget-container\">\n\t\t\t\t\t\t\t<div class=\"elementor-spacer\">\n\t\t\t<div class=\"elementor-spacer-inner\"><\/div>\n\t\t<\/div>\n\t\t\t\t\t\t<\/div>\n\t\t\t\t<\/div>\n\t\t\t\t<div class=\"elementor-element elementor-element-1ef6c62 elementor-widget__width-auto elementor-widget elementor-widget-heading\" data-id=\"1ef6c62\" data-element_type=\"widget\" data-widget_type=\"heading.default\">\n\t\t\t\t<div class=\"elementor-widget-container\">\n\t\t\t\t\t<h1 class=\"elementor-heading-title elementor-size-default\">Politique relative aux cookies<\/h1>\t\t\t\t<\/div>\n\t\t\t\t<\/div>\n\t\t\t\t<div class=\"elementor-element elementor-element-ebe40e3 elementor-widget__width-initial elementor-widget-mobile__width-inherit elementor-widget-tablet__width-inherit elementor-widget elementor-widget-text-editor\" data-id=\"ebe40e3\" data-element_type=\"widget\" data-widget_type=\"text-editor.default\">\n\t\t\t\t<div class=\"elementor-widget-container\">\n\t\t\t\t\t\t\t\t\t<ol><li>COOKIES. Un \u00ab\u00a0cookie\u00a0\u00bb est un petit fichier \u00e9lectronique qui collecte des informations lorsqu&#039;un internaute visite un site web. Il permet d&#039;identifier les pages consult\u00e9es et de s\u00e9lectionner celles que l&#039;internaute voit. Certains cookies n&#039;existent que pendant la dur\u00e9e de la connexion, tandis que les cookies \u00ab\u00a0persistants\u00a0\u00bb, qui ne sont pas bas\u00e9s sur une session, restent sur l&#039;ordinateur de l&#039;internaute, permettant ainsi de le reconna\u00eetre comme un ancien visiteur lors de sa prochaine visite sur notre site. Cela nous permet de recueillir des informations sur les habitudes de navigation d&#039;un internaute sur notre site, ce qui peut nous aider \u00e0 surveiller et \u00e0 am\u00e9liorer nos services. En poursuivant votre navigation sur notre site, vous acceptez l&#039;utilisation de cookies.<\/li><li>Nous ne stockons pas d&#039;informations sensibles dans les cookies \u00ab\u00a0persistants\u00a0\u00bb, et les cookies eux-m\u00eames ne contiennent pas suffisamment d&#039;informations pour vous identifier. (Cependant, certains cookies peuvent contenir des informations personnelles telles qu&#039;un nom d&#039;utilisateur.)<\/li><li>Certains cookies sont strictement n\u00e9cessaires pour vous permettre de naviguer sur notre site et d&#039;utiliser ses fonctionnalit\u00e9s. Sans ces cookies, nous ne serions pas en mesure de fournir certaines fonctionnalit\u00e9s, telles que vous permettre d&#039;acc\u00e9der \u00e0 des zones s\u00e9curis\u00e9es de notre site pour afficher toutes les informations relatives \u00e0 une propri\u00e9t\u00e9 qui est mise en vente sur notre site.<\/li><li>Vous pouvez refuser d&#039;accepter les cookies en activant le param\u00e8tre de votre navigateur qui vous permet de refuser l&#039;installation de cookies. Cependant, si vous s\u00e9lectionnez ce param\u00e8tre (y compris le refus des cookies essentiels), vous ne pourrez peut-\u00eatre pas acc\u00e9der \u00e0 certaines parties de notre site. A moins que vous n&#039;ayez r\u00e9gl\u00e9 les param\u00e8tres de votre navigateur pour qu&#039;il refuse les cookies, notre syst\u00e8me \u00e9mettra des cookies lorsque vous vous connecterez \u00e0 notre site.<\/li><li>Toute modification apport\u00e9e \u00e0 notre politique relative aux cookies sera publi\u00e9e sur cette page. En cas de mise \u00e0 jour, la date de \u00ab\u00a0Derni\u00e8re mise \u00e0 jour\u00a0\u00bb figurant en haut de la page sera \u00e9galement mise \u00e0 jour. Veuillez consulter r\u00e9guli\u00e8rement cette page pour prendre connaissance des mises \u00e0 jour ou modifications apport\u00e9es \u00e0 notre politique relative aux cookies.<\/li><li>Les questions concernant cette politique de cookies doivent \u00eatre adress\u00e9es \u00e0 Singer Vielle Limited5 Technology Park, Colindeep Lane, Colindale, Londres NW9 6BX<\/li><li>Les cookies que nous utilisons sont : .CAPI CA-ae51610071515ec1af14 ; .CAPIAppceabfcdd718fe8d4a5dce7eb; ASP.NET_SessionId gyq3uwt3a0s4omx4xniubs1f\u00a0; _ga GA1.1.258589976.1467965537, sso_token, cookies WordPress, Google Analytics et Hubspot<\/li><\/ol><h4>Que sont les cookies ?<\/h4><p>Les cookies sont de petits morceaux de texte utilis\u00e9s pour stocker des informations sur les navigateurs Web. Les cookies sont utilis\u00e9s pour stocker et recevoir des identifiants et d&#039;autres informations sur des ordinateurs, des t\u00e9l\u00e9phones et d&#039;autres appareils.<\/p><h4>Pourquoi utilisons-nous des cookies ?<\/h4><p>Les cookies nous aident \u00e0 fournir, prot\u00e9ger et am\u00e9liorer les services clicktopurchase\u00ae, par exemple en personnalisant le contenu et en offrant une exp\u00e9rience plus s\u00fbre, tandis que les cookies que nous utilisons peuvent changer de temps \u00e0 autre \u00e0 mesure que nous am\u00e9liorons et mettons \u00e0 jour les services clicktopurchase\u00ae, ils entrent g\u00e9n\u00e9ralement dans les cat\u00e9gories d&#039;utilisation ci-dessous :<\/p><h4>Comment ajouter\/supprimer des cookies sur votre navigateur<\/h4><p>Internet Explorer<br \/>1. Cliquez sur le bouton Outils, puis cliquez sur Options Internet ;<br \/>2. Cliquez sur l&#039;onglet Confidentialit\u00e9, puis, sous Param\u00e8tres, d\u00e9placez le curseur vers le haut pour bloquer\/autoriser tous les cookies ou vers le bas pour autoriser tous les cookies.<br \/>3. Cliquez sur OK.<\/p><p>Google Chrome<br \/>1. En haut \u00e0 droite, cliquez sur le Menu ;<br \/>2. Cliquez sur Param\u00e8tres, Afficher les param\u00e8tres avanc\u00e9s\u00a0;<br \/>3. Dans la section \u00ab Confidentialit\u00e9 \u00bb, cliquez sur Param\u00e8tres de contenu\u00a0;<br \/>4. Dans la section \u00ab Cookies \u00bb, choisissez votre param\u00e8tre pr\u00e9f\u00e9r\u00e9.<\/p><p>Firefox<br \/>1. Allez dans le menu d\u00e9roulant de Firefox\u00a0;<br \/>2. S\u00e9lectionnez Pr\u00e9f\u00e9rences ;<br \/>3. Cliquez sur Confidentialit\u00e9\u00a0;<br \/>4. D\u00e9finissez \u00ab Firefox va : \u00bb pour utiliser les param\u00e8tres personnalis\u00e9s pour l\u2019historique\u00a0;<br \/>5. Cochez la case \u00e0 c\u00f4t\u00e9 de \u00ab Accepter\/Bloquer les cookies des sites \u00bb pour activer les cookies\u00a0;<br \/>6. Cliquez sur OK.<\/p><p>Safari<br \/>1. Allez dans le menu d\u00e9roulant Safari ;<br \/>2. S\u00e9lectionnez Pr\u00e9f\u00e9rences ;<br \/>3. Allez dans l\u2019onglet \u00ab S\u00e9curit\u00e9 \u00bb ;<br \/>4. Sous \u00ab Accepter les cookies \u00bb, configurez-le pour accepter, rejeter ou accepter s\u00e9lectivement les cookies.<\/p><p>Op\u00e9ra<br \/>1. S\u00e9lectionnez Param\u00e8tres\u00a0;<br \/>2. S\u00e9lectionnez Pr\u00e9f\u00e9rences ;<br \/>3. S\u00e9lectionnez ensuite Pr\u00e9f\u00e9rences rapides\u00a0;<br \/>4. Cochez\/d\u00e9cochez \u00ab\u00a0Activer les cookies\u00a0\u00bb.<\/p>\t\t\t\t\t\t\t\t<\/div>\n\t\t\t\t<\/div>\n\t\t\t\t\t<\/div>\n\t\t\t\t<\/div>\n\t\t\t\t<\/div>","protected":false},"excerpt":{"rendered":"<p>Cookie Policy COOKIES. A \u201ccookie\u201d is a small electronic file that collects information when someone visits a website. A cookie can identify the pages that are being viewed, and this can assist us to select the pages that the viewer sees. Some cookies only exist whilst viewers are online, but \u201cpersistent\u201d cookies \u2013 which are [&hellip;]<\/p>\n","protected":false},"author":9,"featured_media":0,"parent":0,"menu_order":0,"comment_status":"closed","ping_status":"closed","template":"","meta":{"_acf_changed":false,"inline_featured_image":false,"footnotes":""},"class_list":["post-16218","page","type-page","status-publish","hentry"],"acf":[],"yoast_head":"<!-- This site is optimized with the Yoast SEO plugin v26.6 - https:\/\/yoast.com\/wordpress\/plugins\/seo\/ -->\n<title>Cookies Policy - Singer Vielle<\/title>\n<meta name=\"description\" content=\"Cookies Policy\" \/>\n<meta name=\"robots\" content=\"index, follow, max-snippet:-1, max-image-preview:large, max-video-preview:-1\" \/>\n<link rel=\"canonical\" href=\"https:\/\/singervielle.com\/fr\/cookie-policy\/\" \/>\n<meta property=\"og:locale\" content=\"fr_FR\" \/>\n<meta property=\"og:type\" content=\"article\" \/>\n<meta property=\"og:title\" content=\"Cookies Policy - Singer Vielle\" \/>\n<meta property=\"og:description\" content=\"Cookies Policy\" \/>\n<meta property=\"og:url\" content=\"https:\/\/singervielle.com\/fr\/cookie-policy\/\" \/>\n<meta property=\"og:site_name\" content=\"Singer Vielle\" \/>\n<meta property=\"article:modified_time\" content=\"2024-10-07T19:57:55+00:00\" \/>\n<meta name=\"twitter:card\" content=\"summary_large_image\" \/>\n<meta name=\"twitter:site\" content=\"@SingerVielle\" \/>\n<script type=\"application\/ld+json\" class=\"yoast-schema-graph\">{\"@context\":\"https:\/\/schema.org\",\"@graph\":[{\"@type\":\"WebPage\",\"@id\":\"https:\/\/singervielle.com\/cookie-policy\/\",\"url\":\"https:\/\/singervielle.com\/cookie-policy\/\",\"name\":\"Cookies Policy - Singer Vielle\",\"isPartOf\":{\"@id\":\"https:\/\/singervielle.com\/#website\"},\"datePublished\":\"2023-02-17T12:37:47+00:00\",\"dateModified\":\"2024-10-07T19:57:55+00:00\",\"description\":\"Cookies Policy\",\"breadcrumb\":{\"@id\":\"https:\/\/singervielle.com\/cookie-policy\/#breadcrumb\"},\"inLanguage\":\"fr-FR\",\"potentialAction\":[{\"@type\":\"ReadAction\",\"target\":[\"https:\/\/singervielle.com\/cookie-policy\/\"]}]},{\"@type\":\"BreadcrumbList\",\"@id\":\"https:\/\/singervielle.com\/cookie-policy\/#breadcrumb\",\"itemListElement\":[{\"@type\":\"ListItem\",\"position\":1,\"name\":\"Home\",\"item\":\"https:\/\/singervielle.com\/\"},{\"@type\":\"ListItem\",\"position\":2,\"name\":\"Cookies Policy\"}]},{\"@type\":\"WebSite\",\"@id\":\"https:\/\/singervielle.com\/#website\",\"url\":\"https:\/\/singervielle.com\/\",\"name\":\"Singer Vielle Commercial Property Sales\",\"description\":\"UK Commercial Property Investment\",\"publisher\":{\"@id\":\"https:\/\/singervielle.com\/#organization\"},\"alternateName\":\"SingerVielle\",\"potentialAction\":[{\"@type\":\"SearchAction\",\"target\":{\"@type\":\"EntryPoint\",\"urlTemplate\":\"https:\/\/singervielle.com\/?s={search_term_string}\"},\"query-input\":{\"@type\":\"PropertyValueSpecification\",\"valueRequired\":true,\"valueName\":\"search_term_string\"}}],\"inLanguage\":\"fr-FR\"},{\"@type\":\"Organization\",\"@id\":\"https:\/\/singervielle.com\/#organization\",\"name\":\"Singer Vielle Commercial Property Sales\",\"url\":\"https:\/\/singervielle.com\/\",\"logo\":{\"@type\":\"ImageObject\",\"inLanguage\":\"fr-FR\",\"@id\":\"https:\/\/singervielle.com\/#\/schema\/logo\/image\/\",\"url\":\"https:\/\/singervielle.com\/wp-content\/uploads\/SINGER-logo-box.svg\",\"contentUrl\":\"https:\/\/singervielle.com\/wp-content\/uploads\/SINGER-logo-box.svg\",\"width\":104,\"height\":66,\"caption\":\"Singer Vielle Commercial Property Sales\"},\"image\":{\"@id\":\"https:\/\/singervielle.com\/#\/schema\/logo\/image\/\"},\"sameAs\":[\"https:\/\/x.com\/SingerVielle\",\"https:\/\/www.linkedin.com\/company\/singer-vielle\/\",\"https:\/\/www.youtube.com\/user\/SingerViellesales\/featured\",\"https:\/\/www.instagram.com\/singerviellesales\/\"]}]}<\/script>\n<!-- \/ Yoast SEO plugin. -->","yoast_head_json":{"title":"Politique de cookies - Singer Vielle","description":"Politique de cookies","robots":{"index":"index","follow":"follow","max-snippet":"max-snippet:-1","max-image-preview":"max-image-preview:large","max-video-preview":"max-video-preview:-1"},"canonical":"https:\/\/singervielle.com\/fr\/cookie-policy\/","og_locale":"fr_FR","og_type":"article","og_title":"Cookies Policy - Singer Vielle","og_description":"Cookies Policy","og_url":"https:\/\/singervielle.com\/fr\/cookie-policy\/","og_site_name":"Singer Vielle","article_modified_time":"2024-10-07T19:57:55+00:00","twitter_card":"summary_large_image","twitter_site":"@SingerVielle","schema":{"@context":"https:\/\/schema.org","@graph":[{"@type":"WebPage","@id":"https:\/\/singervielle.com\/cookie-policy\/","url":"https:\/\/singervielle.com\/cookie-policy\/","name":"Politique de cookies - Singer Vielle","isPartOf":{"@id":"https:\/\/singervielle.com\/#website"},"datePublished":"2023-02-17T12:37:47+00:00","dateModified":"2024-10-07T19:57:55+00:00","description":"Politique de cookies","breadcrumb":{"@id":"https:\/\/singervielle.com\/cookie-policy\/#breadcrumb"},"inLanguage":"fr-FR","potentialAction":[{"@type":"ReadAction","target":["https:\/\/singervielle.com\/cookie-policy\/"]}]},{"@type":"BreadcrumbList","@id":"https:\/\/singervielle.com\/cookie-policy\/#breadcrumb","itemListElement":[{"@type":"ListItem","position":1,"name":"Home","item":"https:\/\/singervielle.com\/"},{"@type":"ListItem","position":2,"name":"Cookies Policy"}]},{"@type":"WebSite","@id":"https:\/\/singervielle.com\/#website","url":"https:\/\/singervielle.com\/","name":"Singer Vielle Ventes d&#039;Immeubles Commerciaux","description":"Investissement immobilier commercial au Royaume-Uni","publisher":{"@id":"https:\/\/singervielle.com\/#organization"},"alternateName":"SingerVielle","potentialAction":[{"@type":"SearchAction","target":{"@type":"EntryPoint","urlTemplate":"https:\/\/singervielle.com\/?s={search_term_string}"},"query-input":{"@type":"PropertyValueSpecification","valueRequired":true,"valueName":"search_term_string"}}],"inLanguage":"fr-FR"},{"@type":"Organization","@id":"https:\/\/singervielle.com\/#organization","name":"Singer Vielle Ventes d&#039;Immeubles Commerciaux","url":"https:\/\/singervielle.com\/","logo":{"@type":"ImageObject","inLanguage":"fr-FR","@id":"https:\/\/singervielle.com\/#\/schema\/logo\/image\/","url":"https:\/\/singervielle.com\/wp-content\/uploads\/SINGER-logo-box.svg","contentUrl":"https:\/\/singervielle.com\/wp-content\/uploads\/SINGER-logo-box.svg","width":104,"height":66,"caption":"Singer Vielle Commercial Property Sales"},"image":{"@id":"https:\/\/singervielle.com\/#\/schema\/logo\/image\/"},"sameAs":["https:\/\/x.com\/SingerVielle","https:\/\/www.linkedin.com\/company\/singer-vielle\/","https:\/\/www.youtube.com\/user\/SingerViellesales\/featured","https:\/\/www.instagram.com\/singerviellesales\/"]}]}},"_links":{"self":[{"href":"https:\/\/singervielle.com\/fr\/wp-json\/wp\/v2\/pages\/16218","targetHints":{"allow":["GET"]}}],"collection":[{"href":"https:\/\/singervielle.com\/fr\/wp-json\/wp\/v2\/pages"}],"about":[{"href":"https:\/\/singervielle.com\/fr\/wp-json\/wp\/v2\/types\/page"}],"author":[{"embeddable":true,"href":"https:\/\/singervielle.com\/fr\/wp-json\/wp\/v2\/users\/9"}],"replies":[{"embeddable":true,"href":"https:\/\/singervielle.com\/fr\/wp-json\/wp\/v2\/comments?post=16218"}],"version-history":[{"count":3,"href":"https:\/\/singervielle.com\/fr\/wp-json\/wp\/v2\/pages\/16218\/revisions"}],"predecessor-version":[{"id":33619,"href":"https:\/\/singervielle.com\/fr\/wp-json\/wp\/v2\/pages\/16218\/revisions\/33619"}],"wp:attachment":[{"href":"https:\/\/singervielle.com\/fr\/wp-json\/wp\/v2\/media?parent=16218"}],"curies":[{"name":"wp","href":"https:\/\/api.w.org\/{rel}","templated":true}]}}