{"id":16209,"date":"2023-02-17T12:32:18","date_gmt":"2023-02-17T12:32:18","guid":{"rendered":"https:\/\/sales.singervielle.com\/?page_id=16209"},"modified":"2024-01-19T19:32:48","modified_gmt":"2024-01-19T19:32:48","slug":"disclaimer","status":"publish","type":"page","link":"https:\/\/singervielle.com\/fr\/disclaimer\/","title":{"rendered":"Clause de non-responsabilit\u00e9"},"content":{"rendered":"<div data-elementor-type=\"wp-page\" data-elementor-id=\"16209\" class=\"elementor elementor-16209\" data-elementor-post-type=\"page\">\n\t\t\t\t<div class=\"elementor-element elementor-element-4812fb9 e-flex e-con-boxed e-con e-parent\" data-id=\"4812fb9\" data-element_type=\"container\">\n\t\t\t\t\t<div class=\"e-con-inner\">\n\t\t<div class=\"elementor-element elementor-element-0bcfa31 e-flex e-con-boxed e-con e-child\" data-id=\"0bcfa31\" data-element_type=\"container\">\n\t\t\t\t\t<div class=\"e-con-inner\">\n\t\t\t\t<div class=\"elementor-element elementor-element-dd0f052 elementor-widget elementor-widget-spacer\" data-id=\"dd0f052\" data-element_type=\"widget\" data-widget_type=\"spacer.default\">\n\t\t\t\t<div class=\"elementor-widget-container\">\n\t\t\t\t\t\t\t<div class=\"elementor-spacer\">\n\t\t\t<div class=\"elementor-spacer-inner\"><\/div>\n\t\t<\/div>\n\t\t\t\t\t\t<\/div>\n\t\t\t\t<\/div>\n\t\t\t\t<div class=\"elementor-element elementor-element-a3a264f elementor-widget__width-auto elementor-widget elementor-widget-heading\" data-id=\"a3a264f\" data-element_type=\"widget\" data-widget_type=\"heading.default\">\n\t\t\t\t<div class=\"elementor-widget-container\">\n\t\t\t\t\t<h1 class=\"elementor-heading-title elementor-size-default\">Clause de non-responsabilit\u00e9<\/h1>\t\t\t\t<\/div>\n\t\t\t\t<\/div>\n\t\t\t\t\t<\/div>\n\t\t\t\t<\/div>\n\t\t\t\t<div class=\"elementor-element elementor-element-8ea96c1 elementor-widget__width-initial elementor-widget-mobile__width-inherit elementor-widget-tablet__width-inherit elementor-widget elementor-widget-text-editor\" data-id=\"8ea96c1\" data-element_type=\"widget\" data-widget_type=\"text-editor.default\">\n\t\t\t\t<div class=\"elementor-widget-container\">\n\t\t\t\t\t\t\t\t\t<h4><strong>Sous r\u00e9serve de contrat et hors TVA<\/strong><\/h4><p>Cette clause de non-responsabilit\u00e9 s&#039;applique \u00e0 www.singervielle.com (le \u00ab<strong>Placer<\/strong>\u201d) qui appartient \u00e0 Singer Vielle Limited (\u00ab<strong>La chanteuse Vielle<\/strong>\u201d) et exploit\u00e9 sous licence par Singer Vielle 2 LLP.<\/p><p>\u00a0<\/p><h4><strong>Loi de 1967 sur les fausses d\u00e9clarations<\/strong><\/h4><p>Singer Vielle 2LLP pour eux-m\u00eames et pour les vendeurs ou les bailleurs de propri\u00e9t\u00e9s pour lesquels ils agissent \u00e0 titre d&#039;agents donnent avis que\u00a0:<\/p><ol><li>Les d\u00e9tails sont pr\u00e9sent\u00e9s comme un aper\u00e7u g\u00e9n\u00e9ral uniquement pour guider les acheteurs ou les locataires potentiels, et ne constituent pas, ni ne font partie d&#039;une offre ou d&#039;un contrat.<\/li><li>Toutes les descriptions, dimensions, r\u00e9f\u00e9rences \u00e0 l&#039;\u00e9tat et aux autorisations n\u00e9cessaires pour l&#039;utilisation et l&#039;occupation, et autres d\u00e9tails sur le Site sont donn\u00e9s de bonne foi et sont consid\u00e9r\u00e9s comme corrects au moment de la publication, mais peuvent faire l&#039;objet de modifications ult\u00e9rieures.<\/li><li>Les acheteurs ou locataires potentiels ne doivent pas se fier aux d\u00e9clarations faites par Singer Vielle 2LLP concernant les propri\u00e9t\u00e9s en tant que d\u00e9clarations ou repr\u00e9sentations de fait, mais doivent s&#039;assurer par leur propre inspection ou autrement de l&#039;exactitude de chacune d&#039;entre elles.<\/li><li>Aucune personne \u00e0 l&#039;emploi de Singer Vielle 2LLP n&#039;a le pouvoir de faire ou de donner une repr\u00e9sentation ou une garantie au nom de Singer Vielle 2LLP, quelle qu&#039;elle soit, en ce qui concerne les propri\u00e9t\u00e9s r\u00e9pertori\u00e9es sur ce site ou autrement.<\/li><li>Toutes les cartes sont uniquement \u00e0 des fins d&#039;identification et de r\u00e9f\u00e9rence et ne doivent pas \u00eatre invoqu\u00e9es pour leur exactitude.<\/li><li>Sauf indication contraire, tous les prix, loyers et autres frais indiqu\u00e9s s&#039;entendent hors taxe sur la valeur ajout\u00e9e \u00e0 laquelle ils peuvent \u00eatre soumis.<\/li><\/ol><p>\u00a0<\/p><h4><strong>Loi de finances 1989<\/strong><\/h4><p>Sauf mention contraire, tous les prix et loyers s&#039;entendent hors TVA.<\/p><p>\u00a0<\/p><h4><strong>Loi de 1991 sur les descriptions erron\u00e9es de biens<\/strong><\/h4><p>Ces d\u00e9tails sont cens\u00e9s \u00eatre corrects au moment de la compilation, mais peuvent faire l&#039;objet de modifications ult\u00e9rieures.<\/p><p>Concernant les biens r\u00e9pertori\u00e9s et\/ou apparaissant sur le Site (chacun \u00e9tant un \u00ab<strong>Propri\u00e9t\u00e9<\/strong>\u00bb, et ensemble le \u00ab<strong>Propri\u00e9t\u00e9s<\/strong>&quot;):<\/p><ol><li>Notre service de site vous permet de vous renseigner sur et d&#039;acheter ou de louer des propri\u00e9t\u00e9s apparaissant ou r\u00e9pertori\u00e9es sur ce site. Ces demandes, achats ou locations ne peuvent \u00eatre effectu\u00e9s et autoris\u00e9s que sous r\u00e9serve de nos Conditions d&#039;utilisation (disponibles ici\u00a0: <a href=\"http:\/\/www.singerviellesales.com\/terms-of-use\">www.singervielle.com\/conditions-d-utilisation<\/a> ) ci-dessous.<\/li><li>En aucun cas, nous ne serons responsables envers vous des dommages directs, indirects, cons\u00e9cutifs, accessoires ou sp\u00e9ciaux r\u00e9sultant de votre achat ou de la location de toute propri\u00e9t\u00e9 sur le site.<\/li><li>En aucun cas, nous ne serons responsables des erreurs ou du caract\u00e8re incomplet des informations relatives \u00e0 toute propri\u00e9t\u00e9 r\u00e9pertori\u00e9e sur ce site ou si une propri\u00e9t\u00e9 a \u00e9t\u00e9 retir\u00e9e de la vente ou de la location, et nous ne serons pas responsables des dimensions inexactes des propri\u00e9t\u00e9s ou des prix indiqu\u00e9s.<\/li><li>Nous d\u00e9clinons toute responsabilit\u00e9 quant \u00e0 l&#039;exhaustivit\u00e9 ou l&#039;exactitude des informations figurant sur ce Site qui sont fournies par les Vendeurs ou les Bailleurs de la Propri\u00e9t\u00e9 concern\u00e9e qui sont seuls responsables de ces informations.<\/li><li>Bien que nous pensions que les propri\u00e9t\u00e9s r\u00e9pertori\u00e9es sont disponibles \u00e0 l&#039;achat ou \u00e0 la location, nous ne garantissons pas que ce soit le cas ou qu&#039;elles n&#039;ont pas \u00e9t\u00e9 retir\u00e9es par le vendeur ou le bailleur de celles-ci. Toutes les propri\u00e9t\u00e9s apparaissant ou r\u00e9pertori\u00e9es sur le site sont sujettes \u00e0 des modifications, des erreurs ou des omissions. Nous n&#039;avons pas v\u00e9rifi\u00e9 l&#039;exactitude des informations relatives aux Propri\u00e9t\u00e9s ou toutes dimensions qui ont \u00e9t\u00e9 donn\u00e9es par les Vendeurs ou les Bailleurs.<\/li><li>Toutes les propri\u00e9t\u00e9s sont r\u00e9pertori\u00e9es sous r\u00e9serve de contrat et les prix indiqu\u00e9s sont hors TVA, le cas \u00e9ch\u00e9ant.<\/li><\/ol>\t\t\t\t\t\t\t\t<\/div>\n\t\t\t\t<\/div>\n\t\t\t\t\t<\/div>\n\t\t\t\t<\/div>\n\t\t\t\t<\/div>","protected":false},"excerpt":{"rendered":"<p>Disclaimer Subject to Contract &amp; Exclusive of VAT This disclaimer applies to www.singervielle.com (the \u201cSite\u201d) which is owned by Singer Vielle Limited (\u201cSinger Vielle\u201d) and operated under licence by Singer Vielle 2 LLP. \u00a0 Misrepresentation Act 1967 Singer Vielle 2LLP for themselves and for the vendors or lessors of properties for whom they act as [&hellip;]<\/p>\n","protected":false},"author":9,"featured_media":0,"parent":0,"menu_order":0,"comment_status":"closed","ping_status":"closed","template":"","meta":{"_acf_changed":false,"inline_featured_image":false,"footnotes":""},"class_list":["post-16209","page","type-page","status-publish","hentry"],"acf":[],"yoast_head":"<!-- This site is optimized with the Yoast SEO plugin v26.6 - https:\/\/yoast.com\/wordpress\/plugins\/seo\/ -->\n<title>Disclaimer - Singer Vielle<\/title>\n<meta name=\"description\" content=\"Disclaimer\" \/>\n<meta name=\"robots\" content=\"index, follow, max-snippet:-1, max-image-preview:large, max-video-preview:-1\" \/>\n<link rel=\"canonical\" href=\"https:\/\/singervielle.com\/fr\/disclaimer\/\" \/>\n<meta property=\"og:locale\" content=\"fr_FR\" \/>\n<meta property=\"og:type\" content=\"article\" \/>\n<meta property=\"og:title\" content=\"Disclaimer - Singer Vielle\" \/>\n<meta property=\"og:description\" content=\"Disclaimer\" \/>\n<meta property=\"og:url\" content=\"https:\/\/singervielle.com\/fr\/disclaimer\/\" \/>\n<meta property=\"og:site_name\" content=\"Singer Vielle\" \/>\n<meta property=\"article:modified_time\" content=\"2024-01-19T19:32:48+00:00\" \/>\n<meta name=\"twitter:card\" content=\"summary_large_image\" \/>\n<meta name=\"twitter:site\" content=\"@SingerVielle\" \/>\n<script type=\"application\/ld+json\" class=\"yoast-schema-graph\">{\"@context\":\"https:\/\/schema.org\",\"@graph\":[{\"@type\":\"WebPage\",\"@id\":\"https:\/\/singervielle.com\/disclaimer\/\",\"url\":\"https:\/\/singervielle.com\/disclaimer\/\",\"name\":\"Disclaimer - Singer Vielle\",\"isPartOf\":{\"@id\":\"https:\/\/singervielle.com\/#website\"},\"datePublished\":\"2023-02-17T12:32:18+00:00\",\"dateModified\":\"2024-01-19T19:32:48+00:00\",\"description\":\"Disclaimer\",\"breadcrumb\":{\"@id\":\"https:\/\/singervielle.com\/disclaimer\/#breadcrumb\"},\"inLanguage\":\"fr-FR\",\"potentialAction\":[{\"@type\":\"ReadAction\",\"target\":[\"https:\/\/singervielle.com\/disclaimer\/\"]}]},{\"@type\":\"BreadcrumbList\",\"@id\":\"https:\/\/singervielle.com\/disclaimer\/#breadcrumb\",\"itemListElement\":[{\"@type\":\"ListItem\",\"position\":1,\"name\":\"Home\",\"item\":\"https:\/\/singervielle.com\/\"},{\"@type\":\"ListItem\",\"position\":2,\"name\":\"Disclaimer\"}]},{\"@type\":\"WebSite\",\"@id\":\"https:\/\/singervielle.com\/#website\",\"url\":\"https:\/\/singervielle.com\/\",\"name\":\"Singer Vielle Commercial Property Sales\",\"description\":\"UK Commercial Property Investment\",\"publisher\":{\"@id\":\"https:\/\/singervielle.com\/#organization\"},\"alternateName\":\"SingerVielle\",\"potentialAction\":[{\"@type\":\"SearchAction\",\"target\":{\"@type\":\"EntryPoint\",\"urlTemplate\":\"https:\/\/singervielle.com\/?s={search_term_string}\"},\"query-input\":{\"@type\":\"PropertyValueSpecification\",\"valueRequired\":true,\"valueName\":\"search_term_string\"}}],\"inLanguage\":\"fr-FR\"},{\"@type\":\"Organization\",\"@id\":\"https:\/\/singervielle.com\/#organization\",\"name\":\"Singer Vielle Commercial Property Sales\",\"url\":\"https:\/\/singervielle.com\/\",\"logo\":{\"@type\":\"ImageObject\",\"inLanguage\":\"fr-FR\",\"@id\":\"https:\/\/singervielle.com\/#\/schema\/logo\/image\/\",\"url\":\"https:\/\/singervielle.com\/wp-content\/uploads\/SINGER-logo-box.svg\",\"contentUrl\":\"https:\/\/singervielle.com\/wp-content\/uploads\/SINGER-logo-box.svg\",\"width\":104,\"height\":66,\"caption\":\"Singer Vielle Commercial Property Sales\"},\"image\":{\"@id\":\"https:\/\/singervielle.com\/#\/schema\/logo\/image\/\"},\"sameAs\":[\"https:\/\/x.com\/SingerVielle\",\"https:\/\/www.linkedin.com\/company\/singer-vielle\/\",\"https:\/\/www.youtube.com\/user\/SingerViellesales\/featured\",\"https:\/\/www.instagram.com\/singerviellesales\/\"]}]}<\/script>\n<!-- \/ Yoast SEO plugin. -->","yoast_head_json":{"title":"Avis de non-responsabilit\u00e9 - Singer Vielle","description":"Clause de non-responsabilit\u00e9","robots":{"index":"index","follow":"follow","max-snippet":"max-snippet:-1","max-image-preview":"max-image-preview:large","max-video-preview":"max-video-preview:-1"},"canonical":"https:\/\/singervielle.com\/fr\/disclaimer\/","og_locale":"fr_FR","og_type":"article","og_title":"Disclaimer - Singer Vielle","og_description":"Disclaimer","og_url":"https:\/\/singervielle.com\/fr\/disclaimer\/","og_site_name":"Singer Vielle","article_modified_time":"2024-01-19T19:32:48+00:00","twitter_card":"summary_large_image","twitter_site":"@SingerVielle","schema":{"@context":"https:\/\/schema.org","@graph":[{"@type":"WebPage","@id":"https:\/\/singervielle.com\/disclaimer\/","url":"https:\/\/singervielle.com\/disclaimer\/","name":"Avis de non-responsabilit\u00e9 - Singer Vielle","isPartOf":{"@id":"https:\/\/singervielle.com\/#website"},"datePublished":"2023-02-17T12:32:18+00:00","dateModified":"2024-01-19T19:32:48+00:00","description":"Clause de non-responsabilit\u00e9","breadcrumb":{"@id":"https:\/\/singervielle.com\/disclaimer\/#breadcrumb"},"inLanguage":"fr-FR","potentialAction":[{"@type":"ReadAction","target":["https:\/\/singervielle.com\/disclaimer\/"]}]},{"@type":"BreadcrumbList","@id":"https:\/\/singervielle.com\/disclaimer\/#breadcrumb","itemListElement":[{"@type":"ListItem","position":1,"name":"Home","item":"https:\/\/singervielle.com\/"},{"@type":"ListItem","position":2,"name":"Disclaimer"}]},{"@type":"WebSite","@id":"https:\/\/singervielle.com\/#website","url":"https:\/\/singervielle.com\/","name":"Singer Vielle Ventes d&#039;Immeubles Commerciaux","description":"Investissement immobilier commercial au Royaume-Uni","publisher":{"@id":"https:\/\/singervielle.com\/#organization"},"alternateName":"SingerVielle","potentialAction":[{"@type":"SearchAction","target":{"@type":"EntryPoint","urlTemplate":"https:\/\/singervielle.com\/?s={search_term_string}"},"query-input":{"@type":"PropertyValueSpecification","valueRequired":true,"valueName":"search_term_string"}}],"inLanguage":"fr-FR"},{"@type":"Organization","@id":"https:\/\/singervielle.com\/#organization","name":"Singer Vielle Ventes d&#039;Immeubles Commerciaux","url":"https:\/\/singervielle.com\/","logo":{"@type":"ImageObject","inLanguage":"fr-FR","@id":"https:\/\/singervielle.com\/#\/schema\/logo\/image\/","url":"https:\/\/singervielle.com\/wp-content\/uploads\/SINGER-logo-box.svg","contentUrl":"https:\/\/singervielle.com\/wp-content\/uploads\/SINGER-logo-box.svg","width":104,"height":66,"caption":"Singer Vielle Commercial Property Sales"},"image":{"@id":"https:\/\/singervielle.com\/#\/schema\/logo\/image\/"},"sameAs":["https:\/\/x.com\/SingerVielle","https:\/\/www.linkedin.com\/company\/singer-vielle\/","https:\/\/www.youtube.com\/user\/SingerViellesales\/featured","https:\/\/www.instagram.com\/singerviellesales\/"]}]}},"_links":{"self":[{"href":"https:\/\/singervielle.com\/fr\/wp-json\/wp\/v2\/pages\/16209","targetHints":{"allow":["GET"]}}],"collection":[{"href":"https:\/\/singervielle.com\/fr\/wp-json\/wp\/v2\/pages"}],"about":[{"href":"https:\/\/singervielle.com\/fr\/wp-json\/wp\/v2\/types\/page"}],"author":[{"embeddable":true,"href":"https:\/\/singervielle.com\/fr\/wp-json\/wp\/v2\/users\/9"}],"replies":[{"embeddable":true,"href":"https:\/\/singervielle.com\/fr\/wp-json\/wp\/v2\/comments?post=16209"}],"version-history":[{"count":0,"href":"https:\/\/singervielle.com\/fr\/wp-json\/wp\/v2\/pages\/16209\/revisions"}],"wp:attachment":[{"href":"https:\/\/singervielle.com\/fr\/wp-json\/wp\/v2\/media?parent=16209"}],"curies":[{"name":"wp","href":"https:\/\/api.w.org\/{rel}","templated":true}]}}