{"id":45328,"date":"2026-01-13T06:15:22","date_gmt":"2026-01-13T06:15:22","guid":{"rendered":"https:\/\/singervielle.com\/?page_id=45328"},"modified":"2026-01-13T06:36:56","modified_gmt":"2026-01-13T06:36:56","slug":"world-reach","status":"publish","type":"page","link":"https:\/\/singervielle.com\/es\/world-reach\/","title":{"rendered":"Alcance mundial"},"content":{"rendered":"<div data-elementor-type=\"wp-page\" data-elementor-id=\"45328\" class=\"elementor elementor-45328\" data-elementor-post-type=\"page\">\n\t\t\t\t<div class=\"elementor-element elementor-element-d69c310 e-flex e-con-boxed e-con e-parent\" data-id=\"d69c310\" data-element_type=\"container\" data-settings=\"{&quot;background_background&quot;:&quot;classic&quot;}\">\n\t\t\t\t\t<div class=\"e-con-inner\">\n\t\t\t\t<div class=\"elementor-element elementor-element-be205ef animated-fast elementor-widget-tablet__width-inherit elementor-widget__width-initial elementor-widget-laptop__width-inherit elementor-widget-mobile__width-inherit elementor-invisible elementor-widget elementor-widget-heading\" data-id=\"be205ef\" data-element_type=\"widget\" data-settings=\"{&quot;_animation&quot;:&quot;fadeInUp&quot;}\" data-widget_type=\"heading.default\">\n\t\t\t\t<div class=\"elementor-widget-container\">\n\t\t\t\t\t<h2 class=\"elementor-heading-title elementor-size-default\">Prueba de nuestro alcance global para inversores del Reino Unido e internacionales que se suscriben a Singer Vielle. <\/h2>\t\t\t\t<\/div>\n\t\t\t\t<\/div>\n\t\t\t\t<div class=\"elementor-element elementor-element-ea784da elementor-widget__width-initial elementor-widget-laptop__width-initial elementor-widget-tablet__width-inherit animated-fast elementor-invisible elementor-widget elementor-widget-heading\" data-id=\"ea784da\" data-element_type=\"widget\" data-settings=\"{&quot;_animation&quot;:&quot;fadeInUp&quot;,&quot;_animation_delay&quot;:300}\" data-widget_type=\"heading.default\">\n\t\t\t\t<div class=\"elementor-widget-container\">\n\t\t\t\t\t<h2 class=\"elementor-heading-title elementor-size-default\">Vea a continuaci\u00f3n algunos ejemplos de compradores internacionales que adquieren propiedades de inversi\u00f3n en el Reino Unido comercializadas por Singer Vielle.<\/h2>\t\t\t\t<\/div>\n\t\t\t\t<\/div>\n\t\t\t\t\t<\/div>\n\t\t\t\t<\/div>\n\t\t<div class=\"elementor-element elementor-element-2b1551e e-flex e-con-boxed e-con e-parent\" data-id=\"2b1551e\" data-element_type=\"container\">\n\t\t\t\t\t<div class=\"e-con-inner\">\n\t\t<div class=\"elementor-element elementor-element-04549d7 e-con-full e-flex e-con e-child\" data-id=\"04549d7\" data-element_type=\"container\" data-settings=\"{&quot;background_background&quot;:&quot;classic&quot;}\">\n\t\t<div class=\"elementor-element elementor-element-acfc536 e-con-full e-flex e-con e-child\" data-id=\"acfc536\" data-element_type=\"container\">\n\t\t\t\t<div class=\"elementor-element elementor-element-da7c38b elementor-view-default elementor-widget elementor-widget-icon\" data-id=\"da7c38b\" data-element_type=\"widget\" data-widget_type=\"icon.default\">\n\t\t\t\t<div class=\"elementor-widget-container\">\n\t\t\t\t\t\t\t<div class=\"elementor-icon-wrapper\">\n\t\t\t<div class=\"elementor-icon\">\n\t\t\t<svg aria-hidden=\"true\" class=\"e-font-icon-svg e-fas-circle\" viewbox=\"0 0 512 512\" xmlns=\"http:\/\/www.w3.org\/2000\/svg\"><path d=\"M256 8C119 8 8 119 8 256s111 248 248 248 248-111 248-248S393 8 256 8z\"><\/path><\/svg>\t\t\t<\/div>\n\t\t<\/div>\n\t\t\t\t\t\t<\/div>\n\t\t\t\t<\/div>\n\t\t\t\t<div class=\"elementor-element elementor-element-3ede124 elementor-widget elementor-widget-heading\" data-id=\"3ede124\" data-element_type=\"widget\" data-widget_type=\"heading.default\">\n\t\t\t\t<div class=\"elementor-widget-container\">\n\t\t\t\t\t<h2 class=\"elementor-heading-title elementor-size-default\">Haga clic en los puntos para ver m\u00e1s informaci\u00f3n<\/h2>\t\t\t\t<\/div>\n\t\t\t\t<\/div>\n\t\t\t\t<\/div>\n\t\t\t\t<div class=\"elementor-element elementor-element-2d3c2f6 elementor-align-right elementor-widget__width-auto my-btn-medium elementor-widget elementor-widget-button\" data-id=\"2d3c2f6\" data-element_type=\"widget\" data-widget_type=\"button.default\">\n\t\t\t\t<div class=\"elementor-widget-container\">\n\t\t\t\t\t\t\t\t\t<div class=\"elementor-button-wrapper\">\n\t\t\t\t\t<a class=\"elementor-button elementor-button-link elementor-size-xs\" href=\"mailto:info@singervielle.com\" target=\"_blank\">\n\t\t\t\t\t\t<span class=\"elementor-button-content-wrapper\">\n\t\t\t\t\t\t\t\t\t<span class=\"elementor-button-text\">Cont\u00e1ctenos para analizar c\u00f3mo nuestro alcance l\u00edder puede beneficiar las ventas de su propiedad.<\/span>\n\t\t\t\t\t<\/span>\n\t\t\t\t\t<\/a>\n\t\t\t\t<\/div>\n\t\t\t\t\t\t\t\t<\/div>\n\t\t\t\t<\/div>\n\t\t\t\t<\/div>\n\t\t<div class=\"elementor-element elementor-element-39fa5be e-con-full e-flex e-con e-child\" data-id=\"39fa5be\" data-element_type=\"container\" data-settings=\"{&quot;background_background&quot;:&quot;classic&quot;}\">\n\t\t\t\t<div class=\"elementor-element elementor-element-e52de0b elementor-invisible elementor-widget elementor-widget-text-editor\" data-id=\"e52de0b\" data-element_type=\"widget\" data-settings=\"{&quot;_animation&quot;:&quot;fadeIn&quot;}\" data-widget_type=\"text-editor.default\">\n\t\t\t\t<div class=\"elementor-widget-container\">\n\t\t\t\t\t\t\t\t\t<p><div id=\"mapsvg-1\" data-id=\"1\" class=\"mapsvg\" data-autoload=\"true\" data-load-db=\"true\" data-loading-text=\"Loading map...\" style=\"width: 100%; height: 0; padding-bottom: 65.96%\"><\/div><\/p>\t\t\t\t\t\t\t\t<\/div>\n\t\t\t\t<\/div>\n\t\t\t\t<\/div>\n\t\t\t\t\t<\/div>\n\t\t\t\t<\/div>\n\t\t\t\t<\/div>","protected":false},"excerpt":{"rendered":"<p>Proof of our global reach to UK and international investors subscribing to Singer Vielle. See below some examples of international buyers purchasing investment properties in the UK being marketed by Singer Vielle. \u0441lick on the dots to see further information Contact us to discuss how our leading reach can benefit your property sales<\/p>","protected":false},"author":9,"featured_media":0,"parent":0,"menu_order":0,"comment_status":"closed","ping_status":"closed","template":"","meta":{"_acf_changed":false,"inline_featured_image":false,"footnotes":""},"class_list":["post-45328","page","type-page","status-publish","hentry"],"acf":[],"yoast_head":"<!-- This site is optimized with the Yoast SEO plugin v26.6 - https:\/\/yoast.com\/wordpress\/plugins\/seo\/ -->\n<title>World Reach - Singer Vielle<\/title>\n<meta name=\"description\" content=\"World Reach\" \/>\n<meta name=\"robots\" content=\"index, follow, max-snippet:-1, max-image-preview:large, max-video-preview:-1\" \/>\n<link rel=\"canonical\" href=\"https:\/\/singervielle.com\/es\/world-reach\/\" \/>\n<meta property=\"og:locale\" content=\"es_ES\" \/>\n<meta property=\"og:type\" content=\"article\" \/>\n<meta property=\"og:title\" content=\"World Reach - Singer Vielle\" \/>\n<meta property=\"og:description\" content=\"World Reach\" \/>\n<meta property=\"og:url\" content=\"https:\/\/singervielle.com\/es\/world-reach\/\" \/>\n<meta property=\"og:site_name\" content=\"Singer Vielle\" \/>\n<meta property=\"article:modified_time\" content=\"2026-01-13T06:36:56+00:00\" \/>\n<meta name=\"twitter:card\" content=\"summary_large_image\" \/>\n<meta name=\"twitter:site\" content=\"@SingerVielle\" \/>\n<script type=\"application\/ld+json\" class=\"yoast-schema-graph\">{\"@context\":\"https:\/\/schema.org\",\"@graph\":[{\"@type\":\"WebPage\",\"@id\":\"https:\/\/singervielle.com\/world-reach\/\",\"url\":\"https:\/\/singervielle.com\/world-reach\/\",\"name\":\"World Reach - Singer Vielle\",\"isPartOf\":{\"@id\":\"https:\/\/singervielle.com\/#website\"},\"datePublished\":\"2026-01-13T06:15:22+00:00\",\"dateModified\":\"2026-01-13T06:36:56+00:00\",\"description\":\"World Reach\",\"breadcrumb\":{\"@id\":\"https:\/\/singervielle.com\/world-reach\/#breadcrumb\"},\"inLanguage\":\"es-ES\",\"potentialAction\":[{\"@type\":\"ReadAction\",\"target\":[\"https:\/\/singervielle.com\/world-reach\/\"]}]},{\"@type\":\"BreadcrumbList\",\"@id\":\"https:\/\/singervielle.com\/world-reach\/#breadcrumb\",\"itemListElement\":[{\"@type\":\"ListItem\",\"position\":1,\"name\":\"Home\",\"item\":\"https:\/\/singervielle.com\/\"},{\"@type\":\"ListItem\",\"position\":2,\"name\":\"World Reach\"}]},{\"@type\":\"WebSite\",\"@id\":\"https:\/\/singervielle.com\/#website\",\"url\":\"https:\/\/singervielle.com\/\",\"name\":\"Singer Vielle Commercial Property Sales\",\"description\":\"UK Commercial Property Investment\",\"publisher\":{\"@id\":\"https:\/\/singervielle.com\/#organization\"},\"alternateName\":\"SingerVielle\",\"potentialAction\":[{\"@type\":\"SearchAction\",\"target\":{\"@type\":\"EntryPoint\",\"urlTemplate\":\"https:\/\/singervielle.com\/?s={search_term_string}\"},\"query-input\":{\"@type\":\"PropertyValueSpecification\",\"valueRequired\":true,\"valueName\":\"search_term_string\"}}],\"inLanguage\":\"es-ES\"},{\"@type\":\"Organization\",\"@id\":\"https:\/\/singervielle.com\/#organization\",\"name\":\"Singer Vielle Commercial Property Sales\",\"url\":\"https:\/\/singervielle.com\/\",\"logo\":{\"@type\":\"ImageObject\",\"inLanguage\":\"es-ES\",\"@id\":\"https:\/\/singervielle.com\/#\/schema\/logo\/image\/\",\"url\":\"https:\/\/singervielle.com\/wp-content\/uploads\/SINGER-logo-box.svg\",\"contentUrl\":\"https:\/\/singervielle.com\/wp-content\/uploads\/SINGER-logo-box.svg\",\"width\":104,\"height\":66,\"caption\":\"Singer Vielle Commercial Property Sales\"},\"image\":{\"@id\":\"https:\/\/singervielle.com\/#\/schema\/logo\/image\/\"},\"sameAs\":[\"https:\/\/x.com\/SingerVielle\",\"https:\/\/www.linkedin.com\/company\/singer-vielle\/\",\"https:\/\/www.youtube.com\/user\/SingerViellesales\/featured\",\"https:\/\/www.instagram.com\/singerviellesales\/\"]}]}<\/script>\n<!-- \/ Yoast SEO plugin. -->","yoast_head_json":{"title":"Alcance mundial - Singer Vielle","description":"Alcance mundial","robots":{"index":"index","follow":"follow","max-snippet":"max-snippet:-1","max-image-preview":"max-image-preview:large","max-video-preview":"max-video-preview:-1"},"canonical":"https:\/\/singervielle.com\/es\/world-reach\/","og_locale":"es_ES","og_type":"article","og_title":"World Reach - Singer Vielle","og_description":"World Reach","og_url":"https:\/\/singervielle.com\/es\/world-reach\/","og_site_name":"Singer Vielle","article_modified_time":"2026-01-13T06:36:56+00:00","twitter_card":"summary_large_image","twitter_site":"@SingerVielle","schema":{"@context":"https:\/\/schema.org","@graph":[{"@type":"WebPage","@id":"https:\/\/singervielle.com\/world-reach\/","url":"https:\/\/singervielle.com\/world-reach\/","name":"Alcance mundial - Singer Vielle","isPartOf":{"@id":"https:\/\/singervielle.com\/#website"},"datePublished":"2026-01-13T06:15:22+00:00","dateModified":"2026-01-13T06:36:56+00:00","description":"Alcance mundial","breadcrumb":{"@id":"https:\/\/singervielle.com\/world-reach\/#breadcrumb"},"inLanguage":"es-ES","potentialAction":[{"@type":"ReadAction","target":["https:\/\/singervielle.com\/world-reach\/"]}]},{"@type":"BreadcrumbList","@id":"https:\/\/singervielle.com\/world-reach\/#breadcrumb","itemListElement":[{"@type":"ListItem","position":1,"name":"Home","item":"https:\/\/singervielle.com\/"},{"@type":"ListItem","position":2,"name":"World Reach"}]},{"@type":"WebSite","@id":"https:\/\/singervielle.com\/#website","url":"https:\/\/singervielle.com\/","name":"Singer Vielle Venta de Propiedades Comerciales","description":"Inversi\u00f3n en propiedades comerciales en el Reino Unido","publisher":{"@id":"https:\/\/singervielle.com\/#organization"},"alternateName":"SingerVielle","potentialAction":[{"@type":"SearchAction","target":{"@type":"EntryPoint","urlTemplate":"https:\/\/singervielle.com\/?s={search_term_string}"},"query-input":{"@type":"PropertyValueSpecification","valueRequired":true,"valueName":"search_term_string"}}],"inLanguage":"es-ES"},{"@type":"Organization","@id":"https:\/\/singervielle.com\/#organization","name":"Singer Vielle Venta de Propiedades Comerciales","url":"https:\/\/singervielle.com\/","logo":{"@type":"ImageObject","inLanguage":"es-ES","@id":"https:\/\/singervielle.com\/#\/schema\/logo\/image\/","url":"https:\/\/singervielle.com\/wp-content\/uploads\/SINGER-logo-box.svg","contentUrl":"https:\/\/singervielle.com\/wp-content\/uploads\/SINGER-logo-box.svg","width":104,"height":66,"caption":"Singer Vielle Commercial Property Sales"},"image":{"@id":"https:\/\/singervielle.com\/#\/schema\/logo\/image\/"},"sameAs":["https:\/\/x.com\/SingerVielle","https:\/\/www.linkedin.com\/company\/singer-vielle\/","https:\/\/www.youtube.com\/user\/SingerViellesales\/featured","https:\/\/www.instagram.com\/singerviellesales\/"]}]}},"_links":{"self":[{"href":"https:\/\/singervielle.com\/es\/wp-json\/wp\/v2\/pages\/45328","targetHints":{"allow":["GET"]}}],"collection":[{"href":"https:\/\/singervielle.com\/es\/wp-json\/wp\/v2\/pages"}],"about":[{"href":"https:\/\/singervielle.com\/es\/wp-json\/wp\/v2\/types\/page"}],"author":[{"embeddable":true,"href":"https:\/\/singervielle.com\/es\/wp-json\/wp\/v2\/users\/9"}],"replies":[{"embeddable":true,"href":"https:\/\/singervielle.com\/es\/wp-json\/wp\/v2\/comments?post=45328"}],"version-history":[{"count":17,"href":"https:\/\/singervielle.com\/es\/wp-json\/wp\/v2\/pages\/45328\/revisions"}],"predecessor-version":[{"id":45353,"href":"https:\/\/singervielle.com\/es\/wp-json\/wp\/v2\/pages\/45328\/revisions\/45353"}],"wp:attachment":[{"href":"https:\/\/singervielle.com\/es\/wp-json\/wp\/v2\/media?parent=45328"}],"curies":[{"name":"gracias","href":"https:\/\/api.w.org\/{rel}","templated":true}]}}