{"id":38980,"date":"2025-08-04T10:28:40","date_gmt":"2025-08-04T09:28:40","guid":{"rendered":"https:\/\/singervielle.com\/?page_id=38980"},"modified":"2025-08-06T09:09:25","modified_gmt":"2025-08-06T08:09:25","slug":"dashboard-overview","status":"publish","type":"page","link":"https:\/\/singervielle.com\/es\/dashboard-overview\/","title":{"rendered":"Descripci\u00f3n general del panel de control"},"content":{"rendered":"<div data-elementor-type=\"wp-page\" data-elementor-id=\"38980\" class=\"elementor elementor-38980\" data-elementor-post-type=\"page\">\n\t\t\t\t<div class=\"elementor-element elementor-element-2b3f242 e-con-full e-flex e-con e-parent\" data-id=\"2b3f242\" data-element_type=\"container\" data-settings=\"{&quot;background_background&quot;:&quot;classic&quot;}\">\n\t\t\t\t<div class=\"elementor-element elementor-element-d8b297d elementor-absolute elementor-widget__width-initial elementor-widget-tablet__width-initial elementor-widget elementor-widget-image\" data-id=\"d8b297d\" data-element_type=\"widget\" data-settings=\"{&quot;_position&quot;:&quot;absolute&quot;}\" data-widget_type=\"image.default\">\n\t\t\t\t<div class=\"elementor-widget-container\">\n\t\t\t\t\t\t\t\t\t\t\t\t\t\t\t<img fetchpriority=\"high\" decoding=\"async\" width=\"1920\" height=\"1080\" src=\"https:\/\/singervielle.com\/wp-content\/uploads\/Untitled-design-3.png\" class=\"attachment-2048x2048 size-2048x2048 wp-image-38996\" alt=\"\" srcset=\"https:\/\/singervielle.com\/wp-content\/uploads\/Untitled-design-3.png 1920w, https:\/\/singervielle.com\/wp-content\/uploads\/Untitled-design-3-300x169.png 300w, https:\/\/singervielle.com\/wp-content\/uploads\/Untitled-design-3-1024x576.png 1024w, https:\/\/singervielle.com\/wp-content\/uploads\/Untitled-design-3-768x432.png 768w, https:\/\/singervielle.com\/wp-content\/uploads\/Untitled-design-3-1536x864.png 1536w, https:\/\/singervielle.com\/wp-content\/uploads\/Untitled-design-3-18x10.png 18w, https:\/\/singervielle.com\/wp-content\/uploads\/Untitled-design-3-357x201.png 357w\" sizes=\"(max-width: 1920px) 100vw, 1920px\" \/>\t\t\t\t\t\t\t\t\t\t\t\t\t\t\t<\/div>\n\t\t\t\t<\/div>\n\t\t\t\t<\/div>\n\t\t<div class=\"elementor-element elementor-element-07c9642 e-flex e-con-boxed e-con e-parent\" data-id=\"07c9642\" data-element_type=\"container\" data-settings=\"{&quot;background_background&quot;:&quot;classic&quot;}\">\n\t\t\t\t\t<div class=\"e-con-inner\">\n\t\t<div class=\"elementor-element elementor-element-aa71ac8 e-flex e-con-boxed e-con e-child\" data-id=\"aa71ac8\" data-element_type=\"container\" data-settings=\"{&quot;background_background&quot;:&quot;classic&quot;}\">\n\t\t\t\t\t<div class=\"e-con-inner\">\n\t\t\t\t<div class=\"elementor-element elementor-element-c1d2510 elementor-widget__width-initial animated-fast elementor-invisible elementor-widget elementor-widget-heading\" data-id=\"c1d2510\" data-element_type=\"widget\" data-settings=\"{&quot;_animation&quot;:&quot;fadeInLeft&quot;}\" data-widget_type=\"heading.default\">\n\t\t\t\t<div class=\"elementor-widget-container\">\n\t\t\t\t\t<h1 class=\"elementor-heading-title elementor-size-default\">Bienvenido al Singer Vielle<br> Panel de control del cliente<\/h1>\t\t\t\t<\/div>\n\t\t\t\t<\/div>\n\t\t\t\t<div class=\"elementor-element elementor-element-6b77be8 animated-fast elementor-widget__width-initial elementor-invisible elementor-widget elementor-widget-text-editor\" data-id=\"6b77be8\" data-element_type=\"widget\" data-settings=\"{&quot;_animation&quot;:&quot;fadeInLeft&quot;,&quot;_animation_delay&quot;:0}\" data-widget_type=\"text-editor.default\">\n\t\t\t\t<div class=\"elementor-widget-container\">\n\t\t\t\t\t\t\t\t\t<p>Entrega de informaci\u00f3n de marketing sobre su venta en tiempo real<\/p>\t\t\t\t\t\t\t\t<\/div>\n\t\t\t\t<\/div>\n\t\t\t\t\t<\/div>\n\t\t\t\t<\/div>\n\t\t\t\t\t<\/div>\n\t\t\t\t<\/div>\n\t\t<div class=\"elementor-element elementor-element-470bd67 e-flex e-con-boxed e-con e-parent\" data-id=\"470bd67\" data-element_type=\"container\" data-settings=\"{&quot;background_background&quot;:&quot;classic&quot;}\">\n\t\t\t\t\t<div class=\"e-con-inner\">\n\t\t<div class=\"elementor-element elementor-element-6a70a7d e-con-full e-flex e-con e-child\" data-id=\"6a70a7d\" data-element_type=\"container\">\n\t\t\t\t<div class=\"elementor-element elementor-element-ab33876 animated-fast elementor-widget__width-initial elementor-absolute elementor-invisible elementor-widget elementor-widget-image\" data-id=\"ab33876\" data-element_type=\"widget\" data-settings=\"{&quot;_animation&quot;:&quot;fadeInLeft&quot;,&quot;_position&quot;:&quot;absolute&quot;}\" data-widget_type=\"image.default\">\n\t\t\t\t<div class=\"elementor-widget-container\">\n\t\t\t\t\t\t\t\t\t\t\t\t\t\t\t<img decoding=\"async\" width=\"675\" height=\"560\" src=\"https:\/\/singervielle.com\/wp-content\/uploads\/Loginpage.jpg\" class=\"attachment-full size-full wp-image-39000\" alt=\"\" srcset=\"https:\/\/singervielle.com\/wp-content\/uploads\/Loginpage.jpg 675w, https:\/\/singervielle.com\/wp-content\/uploads\/Loginpage-300x249.jpg 300w, https:\/\/singervielle.com\/wp-content\/uploads\/Loginpage-14x12.jpg 14w\" sizes=\"(max-width: 675px) 100vw, 675px\" \/>\t\t\t\t\t\t\t\t\t\t\t\t\t\t\t<\/div>\n\t\t\t\t<\/div>\n\t\t\t\t<\/div>\n\t\t<div class=\"elementor-element elementor-element-ce48c61 e-con-full e-flex e-con e-child\" data-id=\"ce48c61\" data-element_type=\"container\">\n\t\t\t\t<div class=\"elementor-element elementor-element-24bafae elementor-widget elementor-widget-heading\" data-id=\"24bafae\" data-element_type=\"widget\" data-widget_type=\"heading.default\">\n\t\t\t\t<div class=\"elementor-widget-container\">\n\t\t\t\t\t<h2 class=\"elementor-heading-title elementor-size-default\">Facilidad de acceso<\/h2>\t\t\t\t<\/div>\n\t\t\t\t<\/div>\n\t\t\t\t<div class=\"elementor-element elementor-element-e79d5d0 animated-fast elementor-invisible elementor-widget elementor-widget-text-editor\" data-id=\"e79d5d0\" data-element_type=\"widget\" data-settings=\"{&quot;_animation&quot;:&quot;fadeInLeft&quot;,&quot;_animation_delay&quot;:0}\" data-widget_type=\"text-editor.default\">\n\t\t\t\t<div class=\"elementor-widget-container\">\n\t\t\t\t\t\t\t\t\t<p>Todos nuestros clientes pueden acceder f\u00e1cilmente a su Panel de Cliente desde el men\u00fa principal de nuestro sitio web o iniciar sesi\u00f3n a continuaci\u00f3n.\u00a0<\/p>\t\t\t\t\t\t\t\t<\/div>\n\t\t\t\t<\/div>\n\t\t\t\t<div class=\"elementor-element elementor-element-41663e5 elementor-widget elementor-widget-spacer\" data-id=\"41663e5\" data-element_type=\"widget\" data-widget_type=\"spacer.default\">\n\t\t\t\t<div class=\"elementor-widget-container\">\n\t\t\t\t\t\t\t<div class=\"elementor-spacer\">\n\t\t\t<div class=\"elementor-spacer-inner\"><\/div>\n\t\t<\/div>\n\t\t\t\t\t\t<\/div>\n\t\t\t\t<\/div>\n\t\t\t\t<div class=\"elementor-element elementor-element-bd9d2e1 elementor-widget elementor-widget-button\" data-id=\"bd9d2e1\" data-element_type=\"widget\" data-widget_type=\"button.default\">\n\t\t\t\t<div class=\"elementor-widget-container\">\n\t\t\t\t\t\t\t\t\t<div class=\"elementor-button-wrapper\">\n\t\t\t\t\t<a class=\"elementor-button elementor-button-link elementor-size-sm\" href=\"https:\/\/singervielle.com\/client-login\/\" target=\"_blank\">\n\t\t\t\t\t\t<span class=\"elementor-button-content-wrapper\">\n\t\t\t\t\t\t\t\t\t<span class=\"elementor-button-text\">Iniciar sesi\u00f3n en el panel del cliente<\/span>\n\t\t\t\t\t<\/span>\n\t\t\t\t\t<\/a>\n\t\t\t\t<\/div>\n\t\t\t\t\t\t\t\t<\/div>\n\t\t\t\t<\/div>\n\t\t\t\t<\/div>\n\t\t\t\t\t<\/div>\n\t\t\t\t<\/div>\n\t\t<div class=\"elementor-element elementor-element-32f60de e-flex e-con-boxed e-con e-parent\" data-id=\"32f60de\" data-element_type=\"container\">\n\t\t\t\t\t<div class=\"e-con-inner\">\n\t\t\t\t<div class=\"elementor-element elementor-element-7d3a601 elementor-widget elementor-widget-spacer\" data-id=\"7d3a601\" data-element_type=\"widget\" data-widget_type=\"spacer.default\">\n\t\t\t\t<div class=\"elementor-widget-container\">\n\t\t\t\t\t\t\t<div class=\"elementor-spacer\">\n\t\t\t<div class=\"elementor-spacer-inner\"><\/div>\n\t\t<\/div>\n\t\t\t\t\t\t<\/div>\n\t\t\t\t<\/div>\n\t\t\t\t<div class=\"elementor-element elementor-element-b6230b5 elementor-widget elementor-widget-image\" data-id=\"b6230b5\" data-element_type=\"widget\" data-widget_type=\"image.default\">\n\t\t\t\t<div class=\"elementor-widget-container\">\n\t\t\t\t\t\t\t\t\t\t\t\t\t\t\t<img decoding=\"async\" width=\"1883\" height=\"641\" src=\"https:\/\/singervielle.com\/wp-content\/uploads\/CD1.jpg\" class=\"attachment-full size-full wp-image-39002\" alt=\"\" srcset=\"https:\/\/singervielle.com\/wp-content\/uploads\/CD1.jpg 1883w, https:\/\/singervielle.com\/wp-content\/uploads\/CD1-300x102.jpg 300w, https:\/\/singervielle.com\/wp-content\/uploads\/CD1-1024x349.jpg 1024w, https:\/\/singervielle.com\/wp-content\/uploads\/CD1-768x261.jpg 768w, https:\/\/singervielle.com\/wp-content\/uploads\/CD1-1536x523.jpg 1536w, https:\/\/singervielle.com\/wp-content\/uploads\/CD1-18x6.jpg 18w\" sizes=\"(max-width: 1883px) 100vw, 1883px\" \/>\t\t\t\t\t\t\t\t\t\t\t\t\t\t\t<\/div>\n\t\t\t\t<\/div>\n\t\t\t\t<div class=\"elementor-element elementor-element-f2a4669 elementor-widget elementor-widget-image\" data-id=\"f2a4669\" data-element_type=\"widget\" data-widget_type=\"image.default\">\n\t\t\t\t<div class=\"elementor-widget-container\">\n\t\t\t\t\t\t\t\t\t\t\t\t\t\t\t<img loading=\"lazy\" decoding=\"async\" width=\"1583\" height=\"536\" src=\"https:\/\/singervielle.com\/wp-content\/uploads\/Schedule-of-interest.jpg\" class=\"attachment-full size-full wp-image-39004\" alt=\"\" srcset=\"https:\/\/singervielle.com\/wp-content\/uploads\/Schedule-of-interest.jpg 1583w, https:\/\/singervielle.com\/wp-content\/uploads\/Schedule-of-interest-300x102.jpg 300w, https:\/\/singervielle.com\/wp-content\/uploads\/Schedule-of-interest-1024x347.png 1024w, https:\/\/singervielle.com\/wp-content\/uploads\/Schedule-of-interest-768x260.png 768w, https:\/\/singervielle.com\/wp-content\/uploads\/Schedule-of-interest-1536x520.jpg 1536w, https:\/\/singervielle.com\/wp-content\/uploads\/Schedule-of-interest-18x6.png 18w\" sizes=\"(max-width: 1583px) 100vw, 1583px\" \/>\t\t\t\t\t\t\t\t\t\t\t\t\t\t\t<\/div>\n\t\t\t\t<\/div>\n\t\t\t\t<div class=\"elementor-element elementor-element-a353350 elementor-widget elementor-widget-image\" data-id=\"a353350\" data-element_type=\"widget\" data-widget_type=\"image.default\">\n\t\t\t\t<div class=\"elementor-widget-container\">\n\t\t\t\t\t\t\t\t\t\t\t\t\t\t\t<img loading=\"lazy\" decoding=\"async\" width=\"1596\" height=\"804\" src=\"https:\/\/singervielle.com\/wp-content\/uploads\/Campaigns.jpg\" class=\"attachment-full size-full wp-image-39008\" alt=\"\" srcset=\"https:\/\/singervielle.com\/wp-content\/uploads\/Campaigns.jpg 1596w, https:\/\/singervielle.com\/wp-content\/uploads\/Campaigns-300x151.jpg 300w, https:\/\/singervielle.com\/wp-content\/uploads\/Campaigns-1024x516.jpg 1024w, https:\/\/singervielle.com\/wp-content\/uploads\/Campaigns-768x387.jpg 768w, https:\/\/singervielle.com\/wp-content\/uploads\/Campaigns-1536x774.jpg 1536w, https:\/\/singervielle.com\/wp-content\/uploads\/Campaigns-18x9.jpg 18w\" sizes=\"(max-width: 1596px) 100vw, 1596px\" \/>\t\t\t\t\t\t\t\t\t\t\t\t\t\t\t<\/div>\n\t\t\t\t<\/div>\n\t\t\t\t<div class=\"elementor-element elementor-element-1febe93 elementor-widget elementor-widget-image\" data-id=\"1febe93\" data-element_type=\"widget\" data-widget_type=\"image.default\">\n\t\t\t\t<div class=\"elementor-widget-container\">\n\t\t\t\t\t\t\t\t\t\t\t\t\t\t\t<img loading=\"lazy\" decoding=\"async\" width=\"1535\" height=\"641\" src=\"https:\/\/singervielle.com\/wp-content\/uploads\/Property-Analytics.jpg\" class=\"attachment-full size-full wp-image-39009\" alt=\"\" srcset=\"https:\/\/singervielle.com\/wp-content\/uploads\/Property-Analytics.jpg 1535w, https:\/\/singervielle.com\/wp-content\/uploads\/Property-Analytics-300x125.jpg 300w, https:\/\/singervielle.com\/wp-content\/uploads\/Property-Analytics-1024x428.jpg 1024w, https:\/\/singervielle.com\/wp-content\/uploads\/Property-Analytics-768x321.png 768w, https:\/\/singervielle.com\/wp-content\/uploads\/Property-Analytics-18x8.jpg 18w\" sizes=\"(max-width: 1535px) 100vw, 1535px\" \/>\t\t\t\t\t\t\t\t\t\t\t\t\t\t\t<\/div>\n\t\t\t\t<\/div>\n\t\t\t\t<div class=\"elementor-element elementor-element-e678138 elementor-widget elementor-widget-image\" data-id=\"e678138\" data-element_type=\"widget\" data-widget_type=\"image.default\">\n\t\t\t\t<div class=\"elementor-widget-container\">\n\t\t\t\t\t\t\t\t\t\t\t\t\t\t\t<img loading=\"lazy\" decoding=\"async\" width=\"1470\" height=\"721\" src=\"https:\/\/singervielle.com\/wp-content\/uploads\/Geo.jpg\" class=\"attachment-full size-full wp-image-39014\" alt=\"\" srcset=\"https:\/\/singervielle.com\/wp-content\/uploads\/Geo.jpg 1470w, https:\/\/singervielle.com\/wp-content\/uploads\/Geo-300x147.jpg 300w, https:\/\/singervielle.com\/wp-content\/uploads\/Geo-1024x502.jpg 1024w, https:\/\/singervielle.com\/wp-content\/uploads\/Geo-768x377.jpg 768w, https:\/\/singervielle.com\/wp-content\/uploads\/Geo-18x9.jpg 18w\" sizes=\"(max-width: 1470px) 100vw, 1470px\" \/>\t\t\t\t\t\t\t\t\t\t\t\t\t\t\t<\/div>\n\t\t\t\t<\/div>\n\t\t\t\t\t<\/div>\n\t\t\t\t<\/div>\n\t\t<div class=\"elementor-element elementor-element-5ffe305 e-flex e-con-boxed e-con e-parent\" data-id=\"5ffe305\" data-element_type=\"container\">\n\t\t\t\t\t<div class=\"e-con-inner\">\n\t\t\t\t<div class=\"elementor-element elementor-element-e72eeb2 elementor-cta--skin-classic elementor-animated-content elementor-bg-transform elementor-bg-transform-zoom-in elementor-widget elementor-widget-call-to-action\" data-id=\"e72eeb2\" data-element_type=\"widget\" data-widget_type=\"call-to-action.default\">\n\t\t\t\t<div class=\"elementor-widget-container\">\n\t\t\t\t\t\t\t<div class=\"elementor-cta\">\n\t\t\t\t\t<div class=\"elementor-cta__bg-wrapper\">\n\t\t\t\t<div class=\"elementor-cta__bg elementor-bg\" style=\"background-image: url(https:\/\/singervielle.com\/wp-content\/uploads\/Untitled-design-1-768x432.png);\" role=\"img\" aria-label=\"Dise\u00f1o sin t\u00edtulo (1)\"><\/div>\n\t\t\t\t<div class=\"elementor-cta__bg-overlay\"><\/div>\n\t\t\t<\/div>\n\t\t\t\t\t\t\t<div class=\"elementor-cta__content\">\n\t\t\t\t\n\t\t\t\t\t\t\t\t\t<h2 class=\"elementor-cta__title elementor-cta__content-item elementor-content-item\">\n\t\t\t\t\t\tComun\u00edquese con un miembro de nuestro equipo para obtener acceso o para obtener m\u00e1s informaci\u00f3n.\t\t\t\t\t<\/h2>\n\t\t\t\t\n\t\t\t\t\n\t\t\t\t\t\t\t\t\t<div class=\"elementor-cta__button-wrapper elementor-cta__content-item elementor-content-item\">\n\t\t\t\t\t<a class=\"elementor-cta__button elementor-button elementor-size-\" href=\"https:\/\/singervielle.com\/contact-us\/\" target=\"_blank\">\n\t\t\t\t\t\tCont\u00e1ctanos\t\t\t\t\t<\/a>\n\t\t\t\t\t<\/div>\n\t\t\t\t\t\t\t<\/div>\n\t\t\t\t\t\t<\/div>\n\t\t\t\t\t\t<\/div>\n\t\t\t\t<\/div>\n\t\t\t\t\t<\/div>\n\t\t\t\t<\/div>\n\t\t\t\t<\/div>","protected":false},"excerpt":{"rendered":"<p>Welcome to the Singer Vielle Client Dashboard Delivering Marketing Information About Your Sale in Real Time Ease of Access All our clients can easily access their Client Dashboard from the main menu on our website or login below.\u00a0 Login to Client Dashboard Contact a member of our team to gain your access or to learn [&hellip;]<\/p>\n","protected":false},"author":18,"featured_media":0,"parent":0,"menu_order":0,"comment_status":"closed","ping_status":"closed","template":"","meta":{"_acf_changed":false,"inline_featured_image":false,"footnotes":""},"class_list":["post-38980","page","type-page","status-publish","hentry"],"acf":[],"yoast_head":"<!-- This site is optimized with the Yoast SEO plugin v26.6 - https:\/\/yoast.com\/wordpress\/plugins\/seo\/ -->\n<title>Dashboard Overview - Singer Vielle<\/title>\n<meta name=\"description\" content=\"Dashboard Overview\" \/>\n<meta name=\"robots\" content=\"index, follow, max-snippet:-1, max-image-preview:large, max-video-preview:-1\" \/>\n<link rel=\"canonical\" href=\"https:\/\/singervielle.com\/es\/dashboard-overview\/\" \/>\n<meta property=\"og:locale\" content=\"es_ES\" \/>\n<meta property=\"og:type\" content=\"article\" \/>\n<meta property=\"og:title\" content=\"Dashboard Overview - Singer Vielle\" \/>\n<meta property=\"og:description\" content=\"Dashboard Overview\" \/>\n<meta property=\"og:url\" content=\"https:\/\/singervielle.com\/es\/dashboard-overview\/\" \/>\n<meta property=\"og:site_name\" content=\"Singer Vielle\" \/>\n<meta property=\"article:modified_time\" content=\"2025-08-06T08:09:25+00:00\" \/>\n<meta property=\"og:image\" content=\"https:\/\/singervielle.com\/wp-content\/uploads\/Untitled-design-3.png\" \/>\n\t<meta property=\"og:image:width\" content=\"1920\" \/>\n\t<meta property=\"og:image:height\" content=\"1080\" \/>\n\t<meta property=\"og:image:type\" content=\"image\/png\" \/>\n<meta name=\"twitter:card\" content=\"summary_large_image\" \/>\n<meta name=\"twitter:site\" content=\"@SingerVielle\" \/>\n<script type=\"application\/ld+json\" class=\"yoast-schema-graph\">{\"@context\":\"https:\/\/schema.org\",\"@graph\":[{\"@type\":\"WebPage\",\"@id\":\"https:\/\/singervielle.com\/dashboard-overview\/\",\"url\":\"https:\/\/singervielle.com\/dashboard-overview\/\",\"name\":\"Dashboard Overview - Singer Vielle\",\"isPartOf\":{\"@id\":\"https:\/\/singervielle.com\/#website\"},\"primaryImageOfPage\":{\"@id\":\"https:\/\/singervielle.com\/dashboard-overview\/#primaryimage\"},\"image\":{\"@id\":\"https:\/\/singervielle.com\/dashboard-overview\/#primaryimage\"},\"thumbnailUrl\":\"https:\/\/singervielle.com\/wp-content\/uploads\/Untitled-design-3.png\",\"datePublished\":\"2025-08-04T09:28:40+00:00\",\"dateModified\":\"2025-08-06T08:09:25+00:00\",\"description\":\"Dashboard Overview\",\"breadcrumb\":{\"@id\":\"https:\/\/singervielle.com\/dashboard-overview\/#breadcrumb\"},\"inLanguage\":\"es-ES\",\"potentialAction\":[{\"@type\":\"ReadAction\",\"target\":[\"https:\/\/singervielle.com\/dashboard-overview\/\"]}]},{\"@type\":\"ImageObject\",\"inLanguage\":\"es-ES\",\"@id\":\"https:\/\/singervielle.com\/dashboard-overview\/#primaryimage\",\"url\":\"https:\/\/singervielle.com\/wp-content\/uploads\/Untitled-design-3.png\",\"contentUrl\":\"https:\/\/singervielle.com\/wp-content\/uploads\/Untitled-design-3.png\"},{\"@type\":\"BreadcrumbList\",\"@id\":\"https:\/\/singervielle.com\/dashboard-overview\/#breadcrumb\",\"itemListElement\":[{\"@type\":\"ListItem\",\"position\":1,\"name\":\"Home\",\"item\":\"https:\/\/singervielle.com\/\"},{\"@type\":\"ListItem\",\"position\":2,\"name\":\"Dashboard Overview\"}]},{\"@type\":\"WebSite\",\"@id\":\"https:\/\/singervielle.com\/#website\",\"url\":\"https:\/\/singervielle.com\/\",\"name\":\"Singer Vielle Commercial Property Sales\",\"description\":\"UK Commercial Property Investment\",\"publisher\":{\"@id\":\"https:\/\/singervielle.com\/#organization\"},\"alternateName\":\"SingerVielle\",\"potentialAction\":[{\"@type\":\"SearchAction\",\"target\":{\"@type\":\"EntryPoint\",\"urlTemplate\":\"https:\/\/singervielle.com\/?s={search_term_string}\"},\"query-input\":{\"@type\":\"PropertyValueSpecification\",\"valueRequired\":true,\"valueName\":\"search_term_string\"}}],\"inLanguage\":\"es-ES\"},{\"@type\":\"Organization\",\"@id\":\"https:\/\/singervielle.com\/#organization\",\"name\":\"Singer Vielle Commercial Property Sales\",\"url\":\"https:\/\/singervielle.com\/\",\"logo\":{\"@type\":\"ImageObject\",\"inLanguage\":\"es-ES\",\"@id\":\"https:\/\/singervielle.com\/#\/schema\/logo\/image\/\",\"url\":\"https:\/\/singervielle.com\/wp-content\/uploads\/SINGER-logo-box.svg\",\"contentUrl\":\"https:\/\/singervielle.com\/wp-content\/uploads\/SINGER-logo-box.svg\",\"width\":104,\"height\":66,\"caption\":\"Singer Vielle Commercial Property Sales\"},\"image\":{\"@id\":\"https:\/\/singervielle.com\/#\/schema\/logo\/image\/\"},\"sameAs\":[\"https:\/\/x.com\/SingerVielle\",\"https:\/\/www.linkedin.com\/company\/singer-vielle\/\",\"https:\/\/www.youtube.com\/user\/SingerViellesales\/featured\",\"https:\/\/www.instagram.com\/singerviellesales\/\"]}]}<\/script>\n<!-- \/ Yoast SEO plugin. -->","yoast_head_json":{"title":"Descripci\u00f3n general del panel de control - Singer Vielle","description":"Descripci\u00f3n general del panel de control","robots":{"index":"index","follow":"follow","max-snippet":"max-snippet:-1","max-image-preview":"max-image-preview:large","max-video-preview":"max-video-preview:-1"},"canonical":"https:\/\/singervielle.com\/es\/dashboard-overview\/","og_locale":"es_ES","og_type":"article","og_title":"Dashboard Overview - Singer Vielle","og_description":"Dashboard Overview","og_url":"https:\/\/singervielle.com\/es\/dashboard-overview\/","og_site_name":"Singer Vielle","article_modified_time":"2025-08-06T08:09:25+00:00","og_image":[{"width":1920,"height":1080,"url":"https:\/\/singervielle.com\/wp-content\/uploads\/Untitled-design-3.png","type":"image\/png"}],"twitter_card":"summary_large_image","twitter_site":"@SingerVielle","schema":{"@context":"https:\/\/schema.org","@graph":[{"@type":"WebPage","@id":"https:\/\/singervielle.com\/dashboard-overview\/","url":"https:\/\/singervielle.com\/dashboard-overview\/","name":"Descripci\u00f3n general del panel de control - Singer Vielle","isPartOf":{"@id":"https:\/\/singervielle.com\/#website"},"primaryImageOfPage":{"@id":"https:\/\/singervielle.com\/dashboard-overview\/#primaryimage"},"image":{"@id":"https:\/\/singervielle.com\/dashboard-overview\/#primaryimage"},"thumbnailUrl":"https:\/\/singervielle.com\/wp-content\/uploads\/Untitled-design-3.png","datePublished":"2025-08-04T09:28:40+00:00","dateModified":"2025-08-06T08:09:25+00:00","description":"Descripci\u00f3n general del panel de control","breadcrumb":{"@id":"https:\/\/singervielle.com\/dashboard-overview\/#breadcrumb"},"inLanguage":"es-ES","potentialAction":[{"@type":"ReadAction","target":["https:\/\/singervielle.com\/dashboard-overview\/"]}]},{"@type":"ImageObject","inLanguage":"es-ES","@id":"https:\/\/singervielle.com\/dashboard-overview\/#primaryimage","url":"https:\/\/singervielle.com\/wp-content\/uploads\/Untitled-design-3.png","contentUrl":"https:\/\/singervielle.com\/wp-content\/uploads\/Untitled-design-3.png"},{"@type":"BreadcrumbList","@id":"https:\/\/singervielle.com\/dashboard-overview\/#breadcrumb","itemListElement":[{"@type":"ListItem","position":1,"name":"Home","item":"https:\/\/singervielle.com\/"},{"@type":"ListItem","position":2,"name":"Dashboard Overview"}]},{"@type":"WebSite","@id":"https:\/\/singervielle.com\/#website","url":"https:\/\/singervielle.com\/","name":"Singer Vielle Venta de Propiedades Comerciales","description":"Inversi\u00f3n en propiedades comerciales en el Reino Unido","publisher":{"@id":"https:\/\/singervielle.com\/#organization"},"alternateName":"SingerVielle","potentialAction":[{"@type":"SearchAction","target":{"@type":"EntryPoint","urlTemplate":"https:\/\/singervielle.com\/?s={search_term_string}"},"query-input":{"@type":"PropertyValueSpecification","valueRequired":true,"valueName":"search_term_string"}}],"inLanguage":"es-ES"},{"@type":"Organization","@id":"https:\/\/singervielle.com\/#organization","name":"Singer Vielle Venta de Propiedades Comerciales","url":"https:\/\/singervielle.com\/","logo":{"@type":"ImageObject","inLanguage":"es-ES","@id":"https:\/\/singervielle.com\/#\/schema\/logo\/image\/","url":"https:\/\/singervielle.com\/wp-content\/uploads\/SINGER-logo-box.svg","contentUrl":"https:\/\/singervielle.com\/wp-content\/uploads\/SINGER-logo-box.svg","width":104,"height":66,"caption":"Singer Vielle Commercial Property Sales"},"image":{"@id":"https:\/\/singervielle.com\/#\/schema\/logo\/image\/"},"sameAs":["https:\/\/x.com\/SingerVielle","https:\/\/www.linkedin.com\/company\/singer-vielle\/","https:\/\/www.youtube.com\/user\/SingerViellesales\/featured","https:\/\/www.instagram.com\/singerviellesales\/"]}]}},"_links":{"self":[{"href":"https:\/\/singervielle.com\/es\/wp-json\/wp\/v2\/pages\/38980","targetHints":{"allow":["GET"]}}],"collection":[{"href":"https:\/\/singervielle.com\/es\/wp-json\/wp\/v2\/pages"}],"about":[{"href":"https:\/\/singervielle.com\/es\/wp-json\/wp\/v2\/types\/page"}],"author":[{"embeddable":true,"href":"https:\/\/singervielle.com\/es\/wp-json\/wp\/v2\/users\/18"}],"replies":[{"embeddable":true,"href":"https:\/\/singervielle.com\/es\/wp-json\/wp\/v2\/comments?post=38980"}],"version-history":[{"count":60,"href":"https:\/\/singervielle.com\/es\/wp-json\/wp\/v2\/pages\/38980\/revisions"}],"predecessor-version":[{"id":39100,"href":"https:\/\/singervielle.com\/es\/wp-json\/wp\/v2\/pages\/38980\/revisions\/39100"}],"wp:attachment":[{"href":"https:\/\/singervielle.com\/es\/wp-json\/wp\/v2\/media?parent=38980"}],"curies":[{"name":"gracias","href":"https:\/\/api.w.org\/{rel}","templated":true}]}}