{"id":17200,"date":"2023-03-22T10:21:05","date_gmt":"2023-03-22T10:21:05","guid":{"rendered":"https:\/\/sales.singervielle.com\/?page_id=17200"},"modified":"2023-05-21T12:48:23","modified_gmt":"2023-05-21T11:48:23","slug":"blockchain","status":"publish","type":"page","link":"https:\/\/singervielle.com\/es\/blockchain\/","title":{"rendered":"cadena de bloques"},"content":{"rendered":"<div data-elementor-type=\"wp-page\" data-elementor-id=\"17200\" class=\"elementor elementor-17200\" data-elementor-post-type=\"page\">\n\t\t\t\t<div class=\"elementor-element elementor-element-2b3f242 e-con-full e-flex e-con e-parent\" data-id=\"2b3f242\" data-element_type=\"container\" data-settings=\"{&quot;background_background&quot;:&quot;classic&quot;}\">\n\t\t\t\t<div class=\"elementor-element elementor-element-d8b297d elementor-absolute elementor-widget__width-initial elementor-widget-tablet__width-initial elementor-widget elementor-widget-image\" data-id=\"d8b297d\" data-element_type=\"widget\" data-settings=\"{&quot;_position&quot;:&quot;absolute&quot;}\" data-widget_type=\"image.default\">\n\t\t\t\t<div class=\"elementor-widget-container\">\n\t\t\t\t\t\t\t\t\t\t\t\t\t\t\t<img fetchpriority=\"high\" decoding=\"async\" width=\"2986\" height=\"1643\" src=\"https:\/\/singervielle.com\/wp-content\/uploads\/blockchain.svg\" class=\"attachment-full size-full wp-image-17202\" alt=\"\" \/>\t\t\t\t\t\t\t\t\t\t\t\t\t\t\t<\/div>\n\t\t\t\t<\/div>\n\t\t\t\t<\/div>\n\t\t<div class=\"elementor-element elementor-element-07c9642 e-flex e-con-boxed e-con e-parent\" data-id=\"07c9642\" data-element_type=\"container\" data-settings=\"{&quot;background_background&quot;:&quot;classic&quot;}\">\n\t\t\t\t\t<div class=\"e-con-inner\">\n\t\t<div class=\"elementor-element elementor-element-aa71ac8 e-flex e-con-boxed e-con e-parent\" data-id=\"aa71ac8\" data-element_type=\"container\" data-settings=\"{&quot;background_background&quot;:&quot;classic&quot;}\">\n\t\t\t\t\t<div class=\"e-con-inner\">\n\t\t\t\t<div class=\"elementor-element elementor-element-efc3095 animated-fast elementor-invisible elementor-widget elementor-widget-image\" data-id=\"efc3095\" data-element_type=\"widget\" data-settings=\"{&quot;_animation&quot;:&quot;fadeInLeft&quot;}\" data-widget_type=\"image.default\">\n\t\t\t\t<div class=\"elementor-widget-container\">\n\t\t\t\t\t\t\t\t\t\t\t\t\t\t\t<img decoding=\"async\" width=\"15\" height=\"24\" src=\"https:\/\/singervielle.com\/wp-content\/uploads\/Path-1178.png\" class=\"attachment-full size-full wp-image-12067\" alt=\"\" srcset=\"https:\/\/singervielle.com\/wp-content\/uploads\/Path-1178.png 15w, https:\/\/singervielle.com\/wp-content\/uploads\/Path-1178-8x12.png 8w\" sizes=\"(max-width: 15px) 100vw, 15px\" \/>\t\t\t\t\t\t\t\t\t\t\t\t\t\t\t<\/div>\n\t\t\t\t<\/div>\n\t\t\t\t<div class=\"elementor-element elementor-element-c1d2510 elementor-widget__width-initial animated-fast elementor-invisible elementor-widget elementor-widget-heading\" data-id=\"c1d2510\" data-element_type=\"widget\" data-settings=\"{&quot;_animation&quot;:&quot;fadeInLeft&quot;}\" data-widget_type=\"heading.default\">\n\t\t\t\t<div class=\"elementor-widget-container\">\n\t\t\t\t\t<h1 class=\"elementor-heading-title elementor-size-default\">cadena de bloques en<br>la Red Singer Vielle<\/h1>\t\t\t\t<\/div>\n\t\t\t\t<\/div>\n\t\t\t\t<div class=\"elementor-element elementor-element-6b77be8 animated-fast elementor-widget__width-initial elementor-invisible elementor-widget elementor-widget-text-editor\" data-id=\"6b77be8\" data-element_type=\"widget\" data-settings=\"{&quot;_animation&quot;:&quot;fadeInLeft&quot;,&quot;_animation_delay&quot;:0}\" data-widget_type=\"text-editor.default\">\n\t\t\t\t<div class=\"elementor-widget-container\">\n\t\t\t\t\t\t\t\t\t<p>clicktopurchase\u00ae y la blockchain clicktopurchase\u00ae en la red internacional Singer Vielle proporcionan un registro de auditor\u00eda inmutable y totalmente transparente en relaci\u00f3n con el proceso de compra y venta de bienes ra\u00edces.<\/p><p><span style=\"color: var( --e-global-color-text ); text-align: var(--text-align);\">El nivel de gobierno corporativo y confianza proporcionado, tanto para compradores como para vendedores, no est\u00e1 disponible en ning\u00fan otro lugar.<\/span><\/p>\t\t\t\t\t\t\t\t<\/div>\n\t\t\t\t<\/div>\n\t\t\t\t\t<\/div>\n\t\t\t\t<\/div>\n\t\t\t\t\t<\/div>\n\t\t\t\t<\/div>\n\t\t<div class=\"elementor-element elementor-element-470bd67 e-flex e-con-boxed e-con e-parent\" data-id=\"470bd67\" data-element_type=\"container\" data-settings=\"{&quot;background_background&quot;:&quot;classic&quot;}\">\n\t\t\t\t\t<div class=\"e-con-inner\">\n\t\t<div class=\"elementor-element elementor-element-6a70a7d e-con-full e-flex e-con e-parent\" data-id=\"6a70a7d\" data-element_type=\"container\">\n\t\t\t\t<div class=\"elementor-element elementor-element-ab33876 animated-fast elementor-widget__width-initial elementor-absolute elementor-invisible elementor-widget elementor-widget-image\" data-id=\"ab33876\" data-element_type=\"widget\" data-settings=\"{&quot;_animation&quot;:&quot;fadeInLeft&quot;,&quot;_position&quot;:&quot;absolute&quot;}\" data-widget_type=\"image.default\">\n\t\t\t\t<div class=\"elementor-widget-container\">\n\t\t\t\t\t\t\t\t\t\t\t\t\t\t\t<img decoding=\"async\" width=\"545\" height=\"562\" src=\"https:\/\/singervielle.com\/wp-content\/uploads\/auction-2.svg\" class=\"attachment-full size-full wp-image-17216\" alt=\"\" \/>\t\t\t\t\t\t\t\t\t\t\t\t\t\t\t<\/div>\n\t\t\t\t<\/div>\n\t\t\t\t<\/div>\n\t\t<div class=\"elementor-element elementor-element-ce48c61 e-con-full e-flex e-con e-parent\" data-id=\"ce48c61\" data-element_type=\"container\">\n\t\t\t\t<div class=\"elementor-element elementor-element-24bafae elementor-widget elementor-widget-heading\" data-id=\"24bafae\" data-element_type=\"widget\" data-widget_type=\"heading.default\">\n\t\t\t\t<div class=\"elementor-widget-container\">\n\t\t\t\t\t<h2 class=\"elementor-heading-title elementor-size-default\">La cadena de bloques Clicktopurchase\u00ae<\/h2>\t\t\t\t<\/div>\n\t\t\t\t<\/div>\n\t\t\t\t<div class=\"elementor-element elementor-element-e79d5d0 animated-fast elementor-invisible elementor-widget elementor-widget-text-editor\" data-id=\"e79d5d0\" data-element_type=\"widget\" data-settings=\"{&quot;_animation&quot;:&quot;fadeInLeft&quot;,&quot;_animation_delay&quot;:0}\" data-widget_type=\"text-editor.default\">\n\t\t\t\t<div class=\"elementor-widget-container\">\n\t\t\t\t\t\t\t\t\t<p>clicktopurchase\u00ae utiliza tecnolog\u00eda hash y encriptaci\u00f3n como parte de la creaci\u00f3n del registro de auditor\u00eda transaccional; esto luego se registra en la blockchain de clicktopurchase\u00ae.<\/p><p><span style=\"color: var( --e-global-color-text ); text-align: var(--text-align);\">Dado que todos los eventos se llevan a cabo en Blockchain, la prueba absoluta de las acciones se lleva a cabo a prueba de manipulaciones.<\/span><\/p>\t\t\t\t\t\t\t\t<\/div>\n\t\t\t\t<\/div>\n\t\t\t\t<div class=\"elementor-element elementor-element-67396e2 elementor-widget elementor-widget-button\" data-id=\"67396e2\" data-element_type=\"widget\" data-widget_type=\"button.default\">\n\t\t\t\t<div class=\"elementor-widget-container\">\n\t\t\t\t\t\t\t\t\t<div class=\"elementor-button-wrapper\">\n\t\t\t\t\t<a class=\"elementor-button elementor-button-link elementor-size-sm\" href=\"https:\/\/www.singervielle.com\/blockchain\/\">\n\t\t\t\t\t\t<span class=\"elementor-button-content-wrapper\">\n\t\t\t\t\t\t<span class=\"elementor-button-icon\">\n\t\t\t\t\t\t\t<\/span>\n\t\t\t\t\t\t\t\t\t<span class=\"elementor-button-text\">M\u00e1s informaci\u00f3n sobre nuestra cadena de bloques<\/span>\n\t\t\t\t\t<\/span>\n\t\t\t\t\t<\/a>\n\t\t\t\t<\/div>\n\t\t\t\t\t\t\t\t<\/div>\n\t\t\t\t<\/div>\n\t\t\t\t<\/div>\n\t\t\t\t\t<\/div>\n\t\t\t\t<\/div>\n\t\t\t\t<\/div>","protected":false},"excerpt":{"rendered":"<p>Blockchain atthe Singer Vielle Network clicktopurchase\u00ae and the clicktopurchase\u00ae Blockchain at the Singer Vielle International Network provides an immutable and totally transparent audit trail in relation to the process of buying and selling real estate. The level of corporate governance and trust provided, for both buyers and sellers, is unavailable elsewhere. The clicktopurchase\u00ae Blockchain clicktopurchase\u00ae [&hellip;]<\/p>\n","protected":false},"author":9,"featured_media":0,"parent":0,"menu_order":0,"comment_status":"closed","ping_status":"closed","template":"","meta":{"_acf_changed":false,"inline_featured_image":false,"footnotes":""},"class_list":["post-17200","page","type-page","status-publish","hentry"],"acf":[],"yoast_head":"<!-- This site is optimized with the Yoast SEO plugin v26.6 - https:\/\/yoast.com\/wordpress\/plugins\/seo\/ -->\n<title>Blockchain - Singer Vielle<\/title>\n<meta name=\"description\" content=\"Blockchain\" \/>\n<meta name=\"robots\" content=\"index, follow, max-snippet:-1, max-image-preview:large, max-video-preview:-1\" \/>\n<link rel=\"canonical\" href=\"https:\/\/singervielle.com\/es\/blockchain\/\" \/>\n<meta property=\"og:locale\" content=\"es_ES\" \/>\n<meta property=\"og:type\" content=\"article\" \/>\n<meta property=\"og:title\" content=\"Blockchain - Singer Vielle\" \/>\n<meta property=\"og:description\" content=\"Blockchain\" \/>\n<meta property=\"og:url\" content=\"https:\/\/singervielle.com\/es\/blockchain\/\" \/>\n<meta property=\"og:site_name\" content=\"Singer Vielle\" \/>\n<meta property=\"article:modified_time\" content=\"2023-05-21T11:48:23+00:00\" \/>\n<meta property=\"og:image\" content=\"https:\/\/singervielle.com\/wp-content\/uploads\/blockchain.svg\" \/>\n<meta name=\"twitter:card\" content=\"summary_large_image\" \/>\n<meta name=\"twitter:site\" content=\"@SingerVielle\" \/>\n<script type=\"application\/ld+json\" class=\"yoast-schema-graph\">{\"@context\":\"https:\/\/schema.org\",\"@graph\":[{\"@type\":\"WebPage\",\"@id\":\"https:\/\/singervielle.com\/blockchain\/\",\"url\":\"https:\/\/singervielle.com\/blockchain\/\",\"name\":\"Blockchain - Singer Vielle\",\"isPartOf\":{\"@id\":\"https:\/\/singervielle.com\/#website\"},\"primaryImageOfPage\":{\"@id\":\"https:\/\/singervielle.com\/blockchain\/#primaryimage\"},\"image\":{\"@id\":\"https:\/\/singervielle.com\/blockchain\/#primaryimage\"},\"thumbnailUrl\":\"https:\/\/singervielle.com\/wp-content\/uploads\/blockchain.svg\",\"datePublished\":\"2023-03-22T10:21:05+00:00\",\"dateModified\":\"2023-05-21T11:48:23+00:00\",\"description\":\"Blockchain\",\"breadcrumb\":{\"@id\":\"https:\/\/singervielle.com\/blockchain\/#breadcrumb\"},\"inLanguage\":\"es-ES\",\"potentialAction\":[{\"@type\":\"ReadAction\",\"target\":[\"https:\/\/singervielle.com\/blockchain\/\"]}]},{\"@type\":\"ImageObject\",\"inLanguage\":\"es-ES\",\"@id\":\"https:\/\/singervielle.com\/blockchain\/#primaryimage\",\"url\":\"https:\/\/singervielle.com\/wp-content\/uploads\/blockchain.svg\",\"contentUrl\":\"https:\/\/singervielle.com\/wp-content\/uploads\/blockchain.svg\"},{\"@type\":\"BreadcrumbList\",\"@id\":\"https:\/\/singervielle.com\/blockchain\/#breadcrumb\",\"itemListElement\":[{\"@type\":\"ListItem\",\"position\":1,\"name\":\"Home\",\"item\":\"https:\/\/singervielle.com\/\"},{\"@type\":\"ListItem\",\"position\":2,\"name\":\"Blockchain\"}]},{\"@type\":\"WebSite\",\"@id\":\"https:\/\/singervielle.com\/#website\",\"url\":\"https:\/\/singervielle.com\/\",\"name\":\"Singer Vielle Commercial Property Sales\",\"description\":\"UK Commercial Property Investment\",\"publisher\":{\"@id\":\"https:\/\/singervielle.com\/#organization\"},\"alternateName\":\"SingerVielle\",\"potentialAction\":[{\"@type\":\"SearchAction\",\"target\":{\"@type\":\"EntryPoint\",\"urlTemplate\":\"https:\/\/singervielle.com\/?s={search_term_string}\"},\"query-input\":{\"@type\":\"PropertyValueSpecification\",\"valueRequired\":true,\"valueName\":\"search_term_string\"}}],\"inLanguage\":\"es-ES\"},{\"@type\":\"Organization\",\"@id\":\"https:\/\/singervielle.com\/#organization\",\"name\":\"Singer Vielle Commercial Property Sales\",\"url\":\"https:\/\/singervielle.com\/\",\"logo\":{\"@type\":\"ImageObject\",\"inLanguage\":\"es-ES\",\"@id\":\"https:\/\/singervielle.com\/#\/schema\/logo\/image\/\",\"url\":\"https:\/\/singervielle.com\/wp-content\/uploads\/SINGER-logo-box.svg\",\"contentUrl\":\"https:\/\/singervielle.com\/wp-content\/uploads\/SINGER-logo-box.svg\",\"width\":104,\"height\":66,\"caption\":\"Singer Vielle Commercial Property Sales\"},\"image\":{\"@id\":\"https:\/\/singervielle.com\/#\/schema\/logo\/image\/\"},\"sameAs\":[\"https:\/\/x.com\/SingerVielle\",\"https:\/\/www.linkedin.com\/company\/singer-vielle\/\",\"https:\/\/www.youtube.com\/user\/SingerViellesales\/featured\",\"https:\/\/www.instagram.com\/singerviellesales\/\"]}]}<\/script>\n<!-- \/ Yoast SEO plugin. -->","yoast_head_json":{"title":"Cadena de bloques - Cantante Vielle","description":"cadena de bloques","robots":{"index":"index","follow":"follow","max-snippet":"max-snippet:-1","max-image-preview":"max-image-preview:large","max-video-preview":"max-video-preview:-1"},"canonical":"https:\/\/singervielle.com\/es\/blockchain\/","og_locale":"es_ES","og_type":"article","og_title":"Blockchain - Singer Vielle","og_description":"Blockchain","og_url":"https:\/\/singervielle.com\/es\/blockchain\/","og_site_name":"Singer Vielle","article_modified_time":"2023-05-21T11:48:23+00:00","og_image":[{"url":"https:\/\/singervielle.com\/wp-content\/uploads\/blockchain.svg","type":"","width":"","height":""}],"twitter_card":"summary_large_image","twitter_site":"@SingerVielle","schema":{"@context":"https:\/\/schema.org","@graph":[{"@type":"WebPage","@id":"https:\/\/singervielle.com\/blockchain\/","url":"https:\/\/singervielle.com\/blockchain\/","name":"Cadena de bloques - Cantante Vielle","isPartOf":{"@id":"https:\/\/singervielle.com\/#website"},"primaryImageOfPage":{"@id":"https:\/\/singervielle.com\/blockchain\/#primaryimage"},"image":{"@id":"https:\/\/singervielle.com\/blockchain\/#primaryimage"},"thumbnailUrl":"https:\/\/singervielle.com\/wp-content\/uploads\/blockchain.svg","datePublished":"2023-03-22T10:21:05+00:00","dateModified":"2023-05-21T11:48:23+00:00","description":"cadena de bloques","breadcrumb":{"@id":"https:\/\/singervielle.com\/blockchain\/#breadcrumb"},"inLanguage":"es-ES","potentialAction":[{"@type":"ReadAction","target":["https:\/\/singervielle.com\/blockchain\/"]}]},{"@type":"ImageObject","inLanguage":"es-ES","@id":"https:\/\/singervielle.com\/blockchain\/#primaryimage","url":"https:\/\/singervielle.com\/wp-content\/uploads\/blockchain.svg","contentUrl":"https:\/\/singervielle.com\/wp-content\/uploads\/blockchain.svg"},{"@type":"BreadcrumbList","@id":"https:\/\/singervielle.com\/blockchain\/#breadcrumb","itemListElement":[{"@type":"ListItem","position":1,"name":"Home","item":"https:\/\/singervielle.com\/"},{"@type":"ListItem","position":2,"name":"Blockchain"}]},{"@type":"WebSite","@id":"https:\/\/singervielle.com\/#website","url":"https:\/\/singervielle.com\/","name":"Singer Vielle Venta de Propiedades Comerciales","description":"Inversi\u00f3n en propiedades comerciales en el Reino Unido","publisher":{"@id":"https:\/\/singervielle.com\/#organization"},"alternateName":"SingerVielle","potentialAction":[{"@type":"SearchAction","target":{"@type":"EntryPoint","urlTemplate":"https:\/\/singervielle.com\/?s={search_term_string}"},"query-input":{"@type":"PropertyValueSpecification","valueRequired":true,"valueName":"search_term_string"}}],"inLanguage":"es-ES"},{"@type":"Organization","@id":"https:\/\/singervielle.com\/#organization","name":"Singer Vielle Venta de Propiedades Comerciales","url":"https:\/\/singervielle.com\/","logo":{"@type":"ImageObject","inLanguage":"es-ES","@id":"https:\/\/singervielle.com\/#\/schema\/logo\/image\/","url":"https:\/\/singervielle.com\/wp-content\/uploads\/SINGER-logo-box.svg","contentUrl":"https:\/\/singervielle.com\/wp-content\/uploads\/SINGER-logo-box.svg","width":104,"height":66,"caption":"Singer Vielle Commercial Property Sales"},"image":{"@id":"https:\/\/singervielle.com\/#\/schema\/logo\/image\/"},"sameAs":["https:\/\/x.com\/SingerVielle","https:\/\/www.linkedin.com\/company\/singer-vielle\/","https:\/\/www.youtube.com\/user\/SingerViellesales\/featured","https:\/\/www.instagram.com\/singerviellesales\/"]}]}},"_links":{"self":[{"href":"https:\/\/singervielle.com\/es\/wp-json\/wp\/v2\/pages\/17200","targetHints":{"allow":["GET"]}}],"collection":[{"href":"https:\/\/singervielle.com\/es\/wp-json\/wp\/v2\/pages"}],"about":[{"href":"https:\/\/singervielle.com\/es\/wp-json\/wp\/v2\/types\/page"}],"author":[{"embeddable":true,"href":"https:\/\/singervielle.com\/es\/wp-json\/wp\/v2\/users\/9"}],"replies":[{"embeddable":true,"href":"https:\/\/singervielle.com\/es\/wp-json\/wp\/v2\/comments?post=17200"}],"version-history":[{"count":0,"href":"https:\/\/singervielle.com\/es\/wp-json\/wp\/v2\/pages\/17200\/revisions"}],"wp:attachment":[{"href":"https:\/\/singervielle.com\/es\/wp-json\/wp\/v2\/media?parent=17200"}],"curies":[{"name":"gracias","href":"https:\/\/api.w.org\/{rel}","templated":true}]}}