{"id":16218,"date":"2023-02-17T12:37:47","date_gmt":"2023-02-17T12:37:47","guid":{"rendered":"https:\/\/sales.singervielle.com\/?page_id=16218"},"modified":"2024-10-07T20:57:55","modified_gmt":"2024-10-07T19:57:55","slug":"cookie-policy","status":"publish","type":"page","link":"https:\/\/singervielle.com\/es\/cookie-policy\/","title":{"rendered":"Pol\u00edtica de cookies"},"content":{"rendered":"<div data-elementor-type=\"wp-page\" data-elementor-id=\"16218\" class=\"elementor elementor-16218\" data-elementor-post-type=\"page\">\n\t\t\t\t<div class=\"elementor-element elementor-element-6473786 privacy_policy e-flex e-con-boxed e-con e-parent\" data-id=\"6473786\" data-element_type=\"container\">\n\t\t\t\t\t<div class=\"e-con-inner\">\n\t\t\t\t<div class=\"elementor-element elementor-element-70b3e51 elementor-widget elementor-widget-spacer\" data-id=\"70b3e51\" data-element_type=\"widget\" data-widget_type=\"spacer.default\">\n\t\t\t\t<div class=\"elementor-widget-container\">\n\t\t\t\t\t\t\t<div class=\"elementor-spacer\">\n\t\t\t<div class=\"elementor-spacer-inner\"><\/div>\n\t\t<\/div>\n\t\t\t\t\t\t<\/div>\n\t\t\t\t<\/div>\n\t\t\t\t<div class=\"elementor-element elementor-element-1ef6c62 elementor-widget__width-auto elementor-widget elementor-widget-heading\" data-id=\"1ef6c62\" data-element_type=\"widget\" data-widget_type=\"heading.default\">\n\t\t\t\t<div class=\"elementor-widget-container\">\n\t\t\t\t\t<h1 class=\"elementor-heading-title elementor-size-default\">Pol\u00edtica de cookies<\/h1>\t\t\t\t<\/div>\n\t\t\t\t<\/div>\n\t\t\t\t<div class=\"elementor-element elementor-element-ebe40e3 elementor-widget__width-initial elementor-widget-mobile__width-inherit elementor-widget-tablet__width-inherit elementor-widget elementor-widget-text-editor\" data-id=\"ebe40e3\" data-element_type=\"widget\" data-widget_type=\"text-editor.default\">\n\t\t\t\t<div class=\"elementor-widget-container\">\n\t\t\t\t\t\t\t\t\t<ol><li>COOKIES. Una &quot;cookie&quot; es un peque\u00f1o archivo electr\u00f3nico que recopila informaci\u00f3n cuando alguien visita un sitio web. Una cookie puede identificar las p\u00e1ginas que se est\u00e1n viendo, lo que nos ayuda a seleccionar las p\u00e1ginas que el visitante ve. Algunas cookies solo existen mientras el visitante est\u00e1 en l\u00ednea, pero las cookies &quot;persistentes&quot; (que no se basan en la sesi\u00f3n) permanecen en el ordenador del visitante para que pueda ser reconocido como visitante anterior la pr\u00f3xima vez que visite nuestro sitio. Esto nos permite recopilar informaci\u00f3n sobre los h\u00e1bitos de navegaci\u00f3n del visitante en nuestro sitio, lo que puede ser \u00fatil para supervisar y mejorar nuestros servicios. Al continuar navegando y utilizando nuestro sitio, acepta el uso de cookies.<\/li><li>No almacenamos informaci\u00f3n confidencial en cookies persistentes, y las cookies en s\u00ed mismas no contienen suficiente informaci\u00f3n para identificarle. (Sin embargo, algunas cookies pueden contener informaci\u00f3n personal, como su nombre de usuario).<\/li><li>Algunas cookies son estrictamente necesarias para permitirle navegar por nuestro sitio y utilizar sus funciones. Sin estas cookies, no podr\u00edamos proporcionar ciertas funciones, como permitirle acceder a \u00e1reas seguras de nuestro sitio para ver informaci\u00f3n completa relacionada con una propiedad que se encuentra a la venta en nuestro sitio.<\/li><li>Puede negarse a aceptar cookies activando la configuraci\u00f3n en su navegador que le permite rechazar la configuraci\u00f3n de cookies. Sin embargo, si selecciona esta configuraci\u00f3n (incluida la de rechazar las cookies esenciales), es posible que no pueda acceder a ciertas partes de nuestro sitio. A menos que haya ajustado la configuraci\u00f3n de su navegador para que rechace las cookies, nuestro sistema emitir\u00e1 cookies cuando inicie sesi\u00f3n en nuestro sitio.<\/li><li>Cualquier cambio que hagamos en nuestra pol\u00edtica de cookies en el futuro se publicar\u00e1 en esta p\u00e1gina. En caso de que actualicemos nuestra pol\u00edtica de cookies, tambi\u00e9n actualizaremos la fecha de &quot;\u00daltima actualizaci\u00f3n&quot; en la parte superior de esta pol\u00edtica. Por favor, consulte esta p\u00e1gina con frecuencia para ver las actualizaciones o cambios en nuestra pol\u00edtica de cookies.<\/li><li>Las preguntas relacionadas con esta pol\u00edtica de cookies deben dirigirse a Singer Vielle Limited5 Technology Park, Colindeep Lane, Colindale, Londres NW9 6BX<\/li><li>Las cookies que estamos utilizando son: .CAPI CA-ae51610071515ec1af14; .CAPIApp ceabfcdd718fe8d4a5dce7eb; ASP.NET_SessionId gyq3uwt3a0s4omx4xniubs1f; _ga GA1.1.258589976.1467965537, sso_token, cookies de WordPress, Google Analytics y Hubspot<\/li><\/ol><h4>\u00bfQu\u00e9 son las cookies?<\/h4><p>Las cookies son peque\u00f1os fragmentos de texto que se utilizan para almacenar informaci\u00f3n en los navegadores web. Las cookies se utilizan para almacenar y recibir identificadores y otra informaci\u00f3n en computadoras, tel\u00e9fonos y otros dispositivos.<\/p><h4>\u00bfPor qu\u00e9 usamos cookies?<\/h4><p>Las cookies nos ayudan a proporcionar, proteger y mejorar los servicios de clicktopurchase\u00ae, por ejemplo, personalizando el contenido y brindando una experiencia m\u00e1s segura. Si bien las cookies que utilizamos pueden cambiar ocasionalmente a medida que mejoramos y actualizamos los servicios de clicktopurchase\u00ae, generalmente se clasifican en las siguientes categor\u00edas de uso:<\/p><h4>C\u00f3mo agregar\/eliminar cookies en su navegador<\/h4><p>explorador de Internet<br \/>1. Haga clic en el bot\u00f3n Herramientas y luego en Opciones de Internet;<br \/>2. Haga clic en la pesta\u00f1a Privacidad y luego, en Configuraci\u00f3n, mueva el control deslizante hacia arriba para bloquear\/permitir todas las cookies o hacia abajo para permitir todas las cookies.<br \/>3. Haga clic en Aceptar.<\/p><p>Google Chrome<br \/>1. En la esquina superior derecha, haga clic en Men\u00fa;<br \/>2. Haga clic en Configuraci\u00f3n, Mostrar configuraci\u00f3n avanzada;<br \/>3. En la secci\u00f3n \u201cPrivacidad\u201d, haga clic en Configuraci\u00f3n de contenido;<br \/>4. En la secci\u00f3n \u201cCookies\u201d, elige tu configuraci\u00f3n preferida.<\/p><p>Firefox<br \/>1. Vaya al men\u00fa desplegable de Firefox;<br \/>2. Seleccione Preferencias;<br \/>3. Haga clic en Privacidad;<br \/>4. Configure \u201cFirefox har\u00e1 lo siguiente:\u201d en Usar configuraciones personalizadas para el historial;<br \/>5. Marque la casilla junto a \u201cAceptar\/Bloquear cookies de sitios\u201d para habilitar las cookies;<br \/>6. Haga clic en Aceptar.<\/p><p>Safari<br \/>1. Vaya al men\u00fa desplegable de Safari;<br \/>2. Seleccione Preferencias;<br \/>3. Vaya a la pesta\u00f1a \u201cSeguridad\u201d;<br \/>4. En \u201cAceptar cookies\u201d, config\u00farelo para aceptar, rechazar o aceptar cookies de forma selectiva.<\/p><p>\u00d3pera<br \/>1. Seleccione Configuraci\u00f3n;<br \/>2. Seleccione Preferencias;<br \/>3. Luego seleccione Preferencias r\u00e1pidas;<br \/>4. Marque o desmarque \u201cHabilitar cookies\u201d.<\/p>\t\t\t\t\t\t\t\t<\/div>\n\t\t\t\t<\/div>\n\t\t\t\t\t<\/div>\n\t\t\t\t<\/div>\n\t\t\t\t<\/div>","protected":false},"excerpt":{"rendered":"<p>Cookie Policy COOKIES. A \u201ccookie\u201d is a small electronic file that collects information when someone visits a website. A cookie can identify the pages that are being viewed, and this can assist us to select the pages that the viewer sees. Some cookies only exist whilst viewers are online, but \u201cpersistent\u201d cookies \u2013 which are [&hellip;]<\/p>\n","protected":false},"author":9,"featured_media":0,"parent":0,"menu_order":0,"comment_status":"closed","ping_status":"closed","template":"","meta":{"_acf_changed":false,"inline_featured_image":false,"footnotes":""},"class_list":["post-16218","page","type-page","status-publish","hentry"],"acf":[],"yoast_head":"<!-- This site is optimized with the Yoast SEO plugin v26.6 - https:\/\/yoast.com\/wordpress\/plugins\/seo\/ -->\n<title>Cookies Policy - Singer Vielle<\/title>\n<meta name=\"description\" content=\"Cookies Policy\" \/>\n<meta name=\"robots\" content=\"index, follow, max-snippet:-1, max-image-preview:large, max-video-preview:-1\" \/>\n<link rel=\"canonical\" href=\"https:\/\/singervielle.com\/es\/cookie-policy\/\" \/>\n<meta property=\"og:locale\" content=\"es_ES\" \/>\n<meta property=\"og:type\" content=\"article\" \/>\n<meta property=\"og:title\" content=\"Cookies Policy - Singer Vielle\" \/>\n<meta property=\"og:description\" content=\"Cookies Policy\" \/>\n<meta property=\"og:url\" content=\"https:\/\/singervielle.com\/es\/cookie-policy\/\" \/>\n<meta property=\"og:site_name\" content=\"Singer Vielle\" \/>\n<meta property=\"article:modified_time\" content=\"2024-10-07T19:57:55+00:00\" \/>\n<meta name=\"twitter:card\" content=\"summary_large_image\" \/>\n<meta name=\"twitter:site\" content=\"@SingerVielle\" \/>\n<script type=\"application\/ld+json\" class=\"yoast-schema-graph\">{\"@context\":\"https:\/\/schema.org\",\"@graph\":[{\"@type\":\"WebPage\",\"@id\":\"https:\/\/singervielle.com\/cookie-policy\/\",\"url\":\"https:\/\/singervielle.com\/cookie-policy\/\",\"name\":\"Cookies Policy - Singer Vielle\",\"isPartOf\":{\"@id\":\"https:\/\/singervielle.com\/#website\"},\"datePublished\":\"2023-02-17T12:37:47+00:00\",\"dateModified\":\"2024-10-07T19:57:55+00:00\",\"description\":\"Cookies Policy\",\"breadcrumb\":{\"@id\":\"https:\/\/singervielle.com\/cookie-policy\/#breadcrumb\"},\"inLanguage\":\"es-ES\",\"potentialAction\":[{\"@type\":\"ReadAction\",\"target\":[\"https:\/\/singervielle.com\/cookie-policy\/\"]}]},{\"@type\":\"BreadcrumbList\",\"@id\":\"https:\/\/singervielle.com\/cookie-policy\/#breadcrumb\",\"itemListElement\":[{\"@type\":\"ListItem\",\"position\":1,\"name\":\"Home\",\"item\":\"https:\/\/singervielle.com\/\"},{\"@type\":\"ListItem\",\"position\":2,\"name\":\"Cookies Policy\"}]},{\"@type\":\"WebSite\",\"@id\":\"https:\/\/singervielle.com\/#website\",\"url\":\"https:\/\/singervielle.com\/\",\"name\":\"Singer Vielle Commercial Property Sales\",\"description\":\"UK Commercial Property Investment\",\"publisher\":{\"@id\":\"https:\/\/singervielle.com\/#organization\"},\"alternateName\":\"SingerVielle\",\"potentialAction\":[{\"@type\":\"SearchAction\",\"target\":{\"@type\":\"EntryPoint\",\"urlTemplate\":\"https:\/\/singervielle.com\/?s={search_term_string}\"},\"query-input\":{\"@type\":\"PropertyValueSpecification\",\"valueRequired\":true,\"valueName\":\"search_term_string\"}}],\"inLanguage\":\"es-ES\"},{\"@type\":\"Organization\",\"@id\":\"https:\/\/singervielle.com\/#organization\",\"name\":\"Singer Vielle Commercial Property Sales\",\"url\":\"https:\/\/singervielle.com\/\",\"logo\":{\"@type\":\"ImageObject\",\"inLanguage\":\"es-ES\",\"@id\":\"https:\/\/singervielle.com\/#\/schema\/logo\/image\/\",\"url\":\"https:\/\/singervielle.com\/wp-content\/uploads\/SINGER-logo-box.svg\",\"contentUrl\":\"https:\/\/singervielle.com\/wp-content\/uploads\/SINGER-logo-box.svg\",\"width\":104,\"height\":66,\"caption\":\"Singer Vielle Commercial Property Sales\"},\"image\":{\"@id\":\"https:\/\/singervielle.com\/#\/schema\/logo\/image\/\"},\"sameAs\":[\"https:\/\/x.com\/SingerVielle\",\"https:\/\/www.linkedin.com\/company\/singer-vielle\/\",\"https:\/\/www.youtube.com\/user\/SingerViellesales\/featured\",\"https:\/\/www.instagram.com\/singerviellesales\/\"]}]}<\/script>\n<!-- \/ Yoast SEO plugin. -->","yoast_head_json":{"title":"Pol\u00edtica de Cookies - Singer Vielle","description":"Pol\u00edtica de cookies","robots":{"index":"index","follow":"follow","max-snippet":"max-snippet:-1","max-image-preview":"max-image-preview:large","max-video-preview":"max-video-preview:-1"},"canonical":"https:\/\/singervielle.com\/es\/cookie-policy\/","og_locale":"es_ES","og_type":"article","og_title":"Cookies Policy - Singer Vielle","og_description":"Cookies Policy","og_url":"https:\/\/singervielle.com\/es\/cookie-policy\/","og_site_name":"Singer Vielle","article_modified_time":"2024-10-07T19:57:55+00:00","twitter_card":"summary_large_image","twitter_site":"@SingerVielle","schema":{"@context":"https:\/\/schema.org","@graph":[{"@type":"WebPage","@id":"https:\/\/singervielle.com\/cookie-policy\/","url":"https:\/\/singervielle.com\/cookie-policy\/","name":"Pol\u00edtica de Cookies - Singer Vielle","isPartOf":{"@id":"https:\/\/singervielle.com\/#website"},"datePublished":"2023-02-17T12:37:47+00:00","dateModified":"2024-10-07T19:57:55+00:00","description":"Pol\u00edtica de cookies","breadcrumb":{"@id":"https:\/\/singervielle.com\/cookie-policy\/#breadcrumb"},"inLanguage":"es-ES","potentialAction":[{"@type":"ReadAction","target":["https:\/\/singervielle.com\/cookie-policy\/"]}]},{"@type":"BreadcrumbList","@id":"https:\/\/singervielle.com\/cookie-policy\/#breadcrumb","itemListElement":[{"@type":"ListItem","position":1,"name":"Home","item":"https:\/\/singervielle.com\/"},{"@type":"ListItem","position":2,"name":"Cookies Policy"}]},{"@type":"WebSite","@id":"https:\/\/singervielle.com\/#website","url":"https:\/\/singervielle.com\/","name":"Singer Vielle Venta de Propiedades Comerciales","description":"Inversi\u00f3n en propiedades comerciales en el Reino Unido","publisher":{"@id":"https:\/\/singervielle.com\/#organization"},"alternateName":"SingerVielle","potentialAction":[{"@type":"SearchAction","target":{"@type":"EntryPoint","urlTemplate":"https:\/\/singervielle.com\/?s={search_term_string}"},"query-input":{"@type":"PropertyValueSpecification","valueRequired":true,"valueName":"search_term_string"}}],"inLanguage":"es-ES"},{"@type":"Organization","@id":"https:\/\/singervielle.com\/#organization","name":"Singer Vielle Venta de Propiedades Comerciales","url":"https:\/\/singervielle.com\/","logo":{"@type":"ImageObject","inLanguage":"es-ES","@id":"https:\/\/singervielle.com\/#\/schema\/logo\/image\/","url":"https:\/\/singervielle.com\/wp-content\/uploads\/SINGER-logo-box.svg","contentUrl":"https:\/\/singervielle.com\/wp-content\/uploads\/SINGER-logo-box.svg","width":104,"height":66,"caption":"Singer Vielle Commercial Property Sales"},"image":{"@id":"https:\/\/singervielle.com\/#\/schema\/logo\/image\/"},"sameAs":["https:\/\/x.com\/SingerVielle","https:\/\/www.linkedin.com\/company\/singer-vielle\/","https:\/\/www.youtube.com\/user\/SingerViellesales\/featured","https:\/\/www.instagram.com\/singerviellesales\/"]}]}},"_links":{"self":[{"href":"https:\/\/singervielle.com\/es\/wp-json\/wp\/v2\/pages\/16218","targetHints":{"allow":["GET"]}}],"collection":[{"href":"https:\/\/singervielle.com\/es\/wp-json\/wp\/v2\/pages"}],"about":[{"href":"https:\/\/singervielle.com\/es\/wp-json\/wp\/v2\/types\/page"}],"author":[{"embeddable":true,"href":"https:\/\/singervielle.com\/es\/wp-json\/wp\/v2\/users\/9"}],"replies":[{"embeddable":true,"href":"https:\/\/singervielle.com\/es\/wp-json\/wp\/v2\/comments?post=16218"}],"version-history":[{"count":3,"href":"https:\/\/singervielle.com\/es\/wp-json\/wp\/v2\/pages\/16218\/revisions"}],"predecessor-version":[{"id":33619,"href":"https:\/\/singervielle.com\/es\/wp-json\/wp\/v2\/pages\/16218\/revisions\/33619"}],"wp:attachment":[{"href":"https:\/\/singervielle.com\/es\/wp-json\/wp\/v2\/media?parent=16218"}],"curies":[{"name":"gracias","href":"https:\/\/api.w.org\/{rel}","templated":true}]}}