{"id":16209,"date":"2023-02-17T12:32:18","date_gmt":"2023-02-17T12:32:18","guid":{"rendered":"https:\/\/sales.singervielle.com\/?page_id=16209"},"modified":"2024-01-19T19:32:48","modified_gmt":"2024-01-19T19:32:48","slug":"disclaimer","status":"publish","type":"page","link":"https:\/\/singervielle.com\/es\/disclaimer\/","title":{"rendered":"Descargo de responsabilidad"},"content":{"rendered":"<div data-elementor-type=\"wp-page\" data-elementor-id=\"16209\" class=\"elementor elementor-16209\" data-elementor-post-type=\"page\">\n\t\t\t\t<div class=\"elementor-element elementor-element-4812fb9 e-flex e-con-boxed e-con e-parent\" data-id=\"4812fb9\" data-element_type=\"container\">\n\t\t\t\t\t<div class=\"e-con-inner\">\n\t\t<div class=\"elementor-element elementor-element-0bcfa31 e-flex e-con-boxed e-con e-child\" data-id=\"0bcfa31\" data-element_type=\"container\">\n\t\t\t\t\t<div class=\"e-con-inner\">\n\t\t\t\t<div class=\"elementor-element elementor-element-dd0f052 elementor-widget elementor-widget-spacer\" data-id=\"dd0f052\" data-element_type=\"widget\" data-widget_type=\"spacer.default\">\n\t\t\t\t<div class=\"elementor-widget-container\">\n\t\t\t\t\t\t\t<div class=\"elementor-spacer\">\n\t\t\t<div class=\"elementor-spacer-inner\"><\/div>\n\t\t<\/div>\n\t\t\t\t\t\t<\/div>\n\t\t\t\t<\/div>\n\t\t\t\t<div class=\"elementor-element elementor-element-a3a264f elementor-widget__width-auto elementor-widget elementor-widget-heading\" data-id=\"a3a264f\" data-element_type=\"widget\" data-widget_type=\"heading.default\">\n\t\t\t\t<div class=\"elementor-widget-container\">\n\t\t\t\t\t<h1 class=\"elementor-heading-title elementor-size-default\">Descargo de responsabilidad<\/h1>\t\t\t\t<\/div>\n\t\t\t\t<\/div>\n\t\t\t\t\t<\/div>\n\t\t\t\t<\/div>\n\t\t\t\t<div class=\"elementor-element elementor-element-8ea96c1 elementor-widget__width-initial elementor-widget-mobile__width-inherit elementor-widget-tablet__width-inherit elementor-widget elementor-widget-text-editor\" data-id=\"8ea96c1\" data-element_type=\"widget\" data-widget_type=\"text-editor.default\">\n\t\t\t\t<div class=\"elementor-widget-container\">\n\t\t\t\t\t\t\t\t\t<h4><strong>Sujeto a contrato y sin IVA<\/strong><\/h4><p>Este descargo de responsabilidad se aplica a www.singervielle.com (el \u201c<strong>Sitio<\/strong>\u201d), que es propiedad de Singer Vielle Limited (\u201c<strong>Cantante Vielle<\/strong>\u201d) y operado bajo licencia por Singer Vielle 2 LLP.<\/p><p>\u00a0<\/p><h4><strong>Ley de tergiversaci\u00f3n de 1967<\/strong><\/h4><p>Singer Vielle 2LLP para s\u00ed mismos y para los vendedores o arrendadores de propiedades para quienes act\u00faan como agentes notifican que:<\/p><ol><li>Los detalles se establecen como un esquema general solo para la orientaci\u00f3n de los posibles compradores o arrendatarios, y no constituyen ni forman parte de una oferta o contrato.<\/li><li>Todas las descripciones, dimensiones, referencias a condiciones y permisos necesarios para uso y ocupaci\u00f3n, y otros detalles en el Sitio se proporcionan de buena fe y se consideran correctos en el momento de la publicaci\u00f3n, pero pueden estar sujetos a modificaciones posteriores.<\/li><li>Cualquier posible comprador o arrendatario no debe confiar en las declaraciones hechas por Singer Vielle 2LLP con respecto a las propiedades como declaraciones o representaciones de hecho, sino que debe asegurarse por su propia inspecci\u00f3n o de otra manera de la exactitud de cada una de ellas.<\/li><li>Ninguna persona en el empleo de Singer Vielle 2LLP tiene autoridad para hacer o dar ninguna representaci\u00f3n o garant\u00eda en nombre de Singer Vielle 2LLP en relaci\u00f3n con las propiedades enumeradas en este Sitio o de otra manera.<\/li><li>Todos los mapas son solo para fines de identificaci\u00f3n y referencia y no se debe confiar en ellos para su precisi\u00f3n.<\/li><li>A menos que se indique lo contrario, todos los precios, alquileres y cualquier otra tarifa cotizada no incluyen el Impuesto al Valor Agregado al que pueden estar sujetos.<\/li><\/ol><p>\u00a0<\/p><h4><strong>Ley de finanzas de 1989<\/strong><\/h4><p>A menos que se indique lo contrario, todos los precios y alquileres se cotizan sin IVA.<\/p><p>\u00a0<\/p><h4><strong>Ley de descripciones err\u00f3neas de propiedades de 1991<\/strong><\/h4><p>Se cree que estos detalles son correctos en el momento de la compilaci\u00f3n, pero pueden estar sujetos a modificaciones posteriores.<\/p><p>Con respecto a las propiedades listadas y\/o que aparecen en el Sitio (cada una \u201c<strong>Propiedad<\/strong>\u201d, y juntos el \u201c<strong>Propiedades<\/strong>\u201d):<\/p><ol><li>El servicio de nuestro Sitio le permite consultar y comprar o arrendar Propiedades que aparecen o se enumeran en este Sitio. Dichas consultas, compras o arrendamientos solo se pueden realizar y permitir estrictamente sujetos a nuestros T\u00e9rminos de uso (disponibles aqu\u00ed: <a href=\"http:\/\/www.singerviellesales.com\/terms-of-use\">www.singervielle.com\/terms-of-use<\/a> ) se indica a continuaci\u00f3n.<\/li><li>Bajo ninguna circunstancia seremos responsables ante usted por ning\u00fan da\u00f1o directo, indirecto, consecuente, incidental o especial que surja de su compra o arrendamiento de cualquier Propiedad en el Sitio.<\/li><li>Bajo ninguna circunstancia seremos responsables de ning\u00fan error o informaci\u00f3n incompleta relacionada con cualquier Propiedad enumerada en este Sitio o si alguna Propiedad se ha retirado de la venta o el arrendamiento, ni seremos responsables de las dimensiones inexactas de las Propiedades o el precio enumerado.<\/li><li>No aceptamos responsabilidad alguna por la integridad o precisi\u00f3n de la informaci\u00f3n que aparece en este Sitio proporcionada por los Proveedores o Arrendadores de la Propiedad en cuesti\u00f3n, quienes son los \u00fanicos responsables de dicha informaci\u00f3n.<\/li><li>Si bien creemos que las Propiedades enumeradas est\u00e1n disponibles para compra o arrendamiento, no garantizamos que este sea el caso o que no hayan sido retiradas por el Vendedor o el Arrendador de las mismas. Todas las Propiedades que aparecen o se enumeran en el Sitio est\u00e1n sujetas a cambios, errores u omisiones. No hemos verificado la exactitud de la informaci\u00f3n relacionada con las Propiedades o cualquier dimensi\u00f3n que hayan proporcionado los Vendedores o Arrendadores.<\/li><li>Todas las Propiedades se enumeran sujetas a contrato y los precios que se muestran no incluyen IVA, si corresponde.<\/li><\/ol>\t\t\t\t\t\t\t\t<\/div>\n\t\t\t\t<\/div>\n\t\t\t\t\t<\/div>\n\t\t\t\t<\/div>\n\t\t\t\t<\/div>","protected":false},"excerpt":{"rendered":"<p>Disclaimer Subject to Contract &amp; Exclusive of VAT This disclaimer applies to www.singervielle.com (the \u201cSite\u201d) which is owned by Singer Vielle Limited (\u201cSinger Vielle\u201d) and operated under licence by Singer Vielle 2 LLP. \u00a0 Misrepresentation Act 1967 Singer Vielle 2LLP for themselves and for the vendors or lessors of properties for whom they act as [&hellip;]<\/p>\n","protected":false},"author":9,"featured_media":0,"parent":0,"menu_order":0,"comment_status":"closed","ping_status":"closed","template":"","meta":{"_acf_changed":false,"inline_featured_image":false,"footnotes":""},"class_list":["post-16209","page","type-page","status-publish","hentry"],"acf":[],"yoast_head":"<!-- This site is optimized with the Yoast SEO plugin v26.6 - https:\/\/yoast.com\/wordpress\/plugins\/seo\/ -->\n<title>Disclaimer - Singer Vielle<\/title>\n<meta name=\"description\" content=\"Disclaimer\" \/>\n<meta name=\"robots\" content=\"index, follow, max-snippet:-1, max-image-preview:large, max-video-preview:-1\" \/>\n<link rel=\"canonical\" href=\"https:\/\/singervielle.com\/es\/disclaimer\/\" \/>\n<meta property=\"og:locale\" content=\"es_ES\" \/>\n<meta property=\"og:type\" content=\"article\" \/>\n<meta property=\"og:title\" content=\"Disclaimer - Singer Vielle\" \/>\n<meta property=\"og:description\" content=\"Disclaimer\" \/>\n<meta property=\"og:url\" content=\"https:\/\/singervielle.com\/es\/disclaimer\/\" \/>\n<meta property=\"og:site_name\" content=\"Singer Vielle\" \/>\n<meta property=\"article:modified_time\" content=\"2024-01-19T19:32:48+00:00\" \/>\n<meta name=\"twitter:card\" content=\"summary_large_image\" \/>\n<meta name=\"twitter:site\" content=\"@SingerVielle\" \/>\n<script type=\"application\/ld+json\" class=\"yoast-schema-graph\">{\"@context\":\"https:\/\/schema.org\",\"@graph\":[{\"@type\":\"WebPage\",\"@id\":\"https:\/\/singervielle.com\/disclaimer\/\",\"url\":\"https:\/\/singervielle.com\/disclaimer\/\",\"name\":\"Disclaimer - Singer Vielle\",\"isPartOf\":{\"@id\":\"https:\/\/singervielle.com\/#website\"},\"datePublished\":\"2023-02-17T12:32:18+00:00\",\"dateModified\":\"2024-01-19T19:32:48+00:00\",\"description\":\"Disclaimer\",\"breadcrumb\":{\"@id\":\"https:\/\/singervielle.com\/disclaimer\/#breadcrumb\"},\"inLanguage\":\"es-ES\",\"potentialAction\":[{\"@type\":\"ReadAction\",\"target\":[\"https:\/\/singervielle.com\/disclaimer\/\"]}]},{\"@type\":\"BreadcrumbList\",\"@id\":\"https:\/\/singervielle.com\/disclaimer\/#breadcrumb\",\"itemListElement\":[{\"@type\":\"ListItem\",\"position\":1,\"name\":\"Home\",\"item\":\"https:\/\/singervielle.com\/\"},{\"@type\":\"ListItem\",\"position\":2,\"name\":\"Disclaimer\"}]},{\"@type\":\"WebSite\",\"@id\":\"https:\/\/singervielle.com\/#website\",\"url\":\"https:\/\/singervielle.com\/\",\"name\":\"Singer Vielle Commercial Property Sales\",\"description\":\"UK Commercial Property Investment\",\"publisher\":{\"@id\":\"https:\/\/singervielle.com\/#organization\"},\"alternateName\":\"SingerVielle\",\"potentialAction\":[{\"@type\":\"SearchAction\",\"target\":{\"@type\":\"EntryPoint\",\"urlTemplate\":\"https:\/\/singervielle.com\/?s={search_term_string}\"},\"query-input\":{\"@type\":\"PropertyValueSpecification\",\"valueRequired\":true,\"valueName\":\"search_term_string\"}}],\"inLanguage\":\"es-ES\"},{\"@type\":\"Organization\",\"@id\":\"https:\/\/singervielle.com\/#organization\",\"name\":\"Singer Vielle Commercial Property Sales\",\"url\":\"https:\/\/singervielle.com\/\",\"logo\":{\"@type\":\"ImageObject\",\"inLanguage\":\"es-ES\",\"@id\":\"https:\/\/singervielle.com\/#\/schema\/logo\/image\/\",\"url\":\"https:\/\/singervielle.com\/wp-content\/uploads\/SINGER-logo-box.svg\",\"contentUrl\":\"https:\/\/singervielle.com\/wp-content\/uploads\/SINGER-logo-box.svg\",\"width\":104,\"height\":66,\"caption\":\"Singer Vielle Commercial Property Sales\"},\"image\":{\"@id\":\"https:\/\/singervielle.com\/#\/schema\/logo\/image\/\"},\"sameAs\":[\"https:\/\/x.com\/SingerVielle\",\"https:\/\/www.linkedin.com\/company\/singer-vielle\/\",\"https:\/\/www.youtube.com\/user\/SingerViellesales\/featured\",\"https:\/\/www.instagram.com\/singerviellesales\/\"]}]}<\/script>\n<!-- \/ Yoast SEO plugin. -->","yoast_head_json":{"title":"Descargo de responsabilidad - Cantante Vielle","description":"Descargo de responsabilidad","robots":{"index":"index","follow":"follow","max-snippet":"max-snippet:-1","max-image-preview":"max-image-preview:large","max-video-preview":"max-video-preview:-1"},"canonical":"https:\/\/singervielle.com\/es\/disclaimer\/","og_locale":"es_ES","og_type":"article","og_title":"Disclaimer - Singer Vielle","og_description":"Disclaimer","og_url":"https:\/\/singervielle.com\/es\/disclaimer\/","og_site_name":"Singer Vielle","article_modified_time":"2024-01-19T19:32:48+00:00","twitter_card":"summary_large_image","twitter_site":"@SingerVielle","schema":{"@context":"https:\/\/schema.org","@graph":[{"@type":"WebPage","@id":"https:\/\/singervielle.com\/disclaimer\/","url":"https:\/\/singervielle.com\/disclaimer\/","name":"Descargo de responsabilidad - Cantante Vielle","isPartOf":{"@id":"https:\/\/singervielle.com\/#website"},"datePublished":"2023-02-17T12:32:18+00:00","dateModified":"2024-01-19T19:32:48+00:00","description":"Descargo de responsabilidad","breadcrumb":{"@id":"https:\/\/singervielle.com\/disclaimer\/#breadcrumb"},"inLanguage":"es-ES","potentialAction":[{"@type":"ReadAction","target":["https:\/\/singervielle.com\/disclaimer\/"]}]},{"@type":"BreadcrumbList","@id":"https:\/\/singervielle.com\/disclaimer\/#breadcrumb","itemListElement":[{"@type":"ListItem","position":1,"name":"Home","item":"https:\/\/singervielle.com\/"},{"@type":"ListItem","position":2,"name":"Disclaimer"}]},{"@type":"WebSite","@id":"https:\/\/singervielle.com\/#website","url":"https:\/\/singervielle.com\/","name":"Singer Vielle Venta de Propiedades Comerciales","description":"Inversi\u00f3n en propiedades comerciales en el Reino Unido","publisher":{"@id":"https:\/\/singervielle.com\/#organization"},"alternateName":"SingerVielle","potentialAction":[{"@type":"SearchAction","target":{"@type":"EntryPoint","urlTemplate":"https:\/\/singervielle.com\/?s={search_term_string}"},"query-input":{"@type":"PropertyValueSpecification","valueRequired":true,"valueName":"search_term_string"}}],"inLanguage":"es-ES"},{"@type":"Organization","@id":"https:\/\/singervielle.com\/#organization","name":"Singer Vielle Venta de Propiedades Comerciales","url":"https:\/\/singervielle.com\/","logo":{"@type":"ImageObject","inLanguage":"es-ES","@id":"https:\/\/singervielle.com\/#\/schema\/logo\/image\/","url":"https:\/\/singervielle.com\/wp-content\/uploads\/SINGER-logo-box.svg","contentUrl":"https:\/\/singervielle.com\/wp-content\/uploads\/SINGER-logo-box.svg","width":104,"height":66,"caption":"Singer Vielle Commercial Property Sales"},"image":{"@id":"https:\/\/singervielle.com\/#\/schema\/logo\/image\/"},"sameAs":["https:\/\/x.com\/SingerVielle","https:\/\/www.linkedin.com\/company\/singer-vielle\/","https:\/\/www.youtube.com\/user\/SingerViellesales\/featured","https:\/\/www.instagram.com\/singerviellesales\/"]}]}},"_links":{"self":[{"href":"https:\/\/singervielle.com\/es\/wp-json\/wp\/v2\/pages\/16209","targetHints":{"allow":["GET"]}}],"collection":[{"href":"https:\/\/singervielle.com\/es\/wp-json\/wp\/v2\/pages"}],"about":[{"href":"https:\/\/singervielle.com\/es\/wp-json\/wp\/v2\/types\/page"}],"author":[{"embeddable":true,"href":"https:\/\/singervielle.com\/es\/wp-json\/wp\/v2\/users\/9"}],"replies":[{"embeddable":true,"href":"https:\/\/singervielle.com\/es\/wp-json\/wp\/v2\/comments?post=16209"}],"version-history":[{"count":0,"href":"https:\/\/singervielle.com\/es\/wp-json\/wp\/v2\/pages\/16209\/revisions"}],"wp:attachment":[{"href":"https:\/\/singervielle.com\/es\/wp-json\/wp\/v2\/media?parent=16209"}],"curies":[{"name":"gracias","href":"https:\/\/api.w.org\/{rel}","templated":true}]}}