{"id":16218,"date":"2023-02-17T12:37:47","date_gmt":"2023-02-17T12:37:47","guid":{"rendered":"https:\/\/sales.singervielle.com\/?page_id=16218"},"modified":"2024-10-07T20:57:55","modified_gmt":"2024-10-07T19:57:55","slug":"cookie-policy","status":"publish","type":"page","link":"https:\/\/singervielle.com\/de\/cookie-policy\/","title":{"rendered":"Cookie-Richtlinie"},"content":{"rendered":"<div data-elementor-type=\"wp-page\" data-elementor-id=\"16218\" class=\"elementor elementor-16218\" data-elementor-post-type=\"page\">\n\t\t\t\t<div class=\"elementor-element elementor-element-6473786 privacy_policy e-flex e-con-boxed e-con e-parent\" data-id=\"6473786\" data-element_type=\"container\">\n\t\t\t\t\t<div class=\"e-con-inner\">\n\t\t\t\t<div class=\"elementor-element elementor-element-70b3e51 elementor-widget elementor-widget-spacer\" data-id=\"70b3e51\" data-element_type=\"widget\" data-widget_type=\"spacer.default\">\n\t\t\t\t<div class=\"elementor-widget-container\">\n\t\t\t\t\t\t\t<div class=\"elementor-spacer\">\n\t\t\t<div class=\"elementor-spacer-inner\"><\/div>\n\t\t<\/div>\n\t\t\t\t\t\t<\/div>\n\t\t\t\t<\/div>\n\t\t\t\t<div class=\"elementor-element elementor-element-1ef6c62 elementor-widget__width-auto elementor-widget elementor-widget-heading\" data-id=\"1ef6c62\" data-element_type=\"widget\" data-widget_type=\"heading.default\">\n\t\t\t\t<div class=\"elementor-widget-container\">\n\t\t\t\t\t<h1 class=\"elementor-heading-title elementor-size-default\">Cookie-Richtlinie<\/h1>\t\t\t\t<\/div>\n\t\t\t\t<\/div>\n\t\t\t\t<div class=\"elementor-element elementor-element-ebe40e3 elementor-widget__width-initial elementor-widget-mobile__width-inherit elementor-widget-tablet__width-inherit elementor-widget elementor-widget-text-editor\" data-id=\"ebe40e3\" data-element_type=\"widget\" data-widget_type=\"text-editor.default\">\n\t\t\t\t<div class=\"elementor-widget-container\">\n\t\t\t\t\t\t\t\t\t<ol><li>COOKIES. Ein \u201eCookie\u201c ist eine kleine elektronische Datei, die Informationen sammelt, wenn jemand eine Website besucht. Ein Cookie kann die aufgerufenen Seiten identifizieren und uns so dabei helfen, die Seiten auszuw\u00e4hlen, die dem Besucher angezeigt werden. Manche Cookies existieren nur, solange der Besucher online ist. \u201ePermanente\u201c Cookies \u2013 die nicht sitzungsbasiert sind \u2013 verbleiben auf dem Computer des Besuchers, sodass er beim n\u00e4chsten Besuch unserer Website als fr\u00fcherer Besucher erkannt werden kann. Dadurch sammeln wir Informationen \u00fcber das Surfverhalten eines Besuchers auf unserer Website, was uns bei der \u00dcberwachung und Verbesserung unserer Dienste hilfreich sein kann. Indem Sie unsere Website weiter nutzen, stimmen Sie der Verwendung von Cookies zu.<\/li><li>Wir speichern keine sensiblen Informationen in \u201edauerhaften\u201c Cookies. Cookies selbst enthalten nicht gen\u00fcgend Informationen, um Sie zu identifizieren. (Einige Cookies k\u00f6nnen jedoch pers\u00f6nliche Informationen wie einen Benutzernamen enthalten.)<\/li><li>Einige Cookies sind unbedingt erforderlich, damit Sie unsere Website durchsuchen und ihre Funktionen nutzen k\u00f6nnen. Ohne diese Cookies w\u00e4ren wir nicht in der Lage, bestimmte Funktionen bereitzustellen, wie z. B. den Zugriff auf sichere Bereiche unserer Website, um vollst\u00e4ndige Informationen zu einer Immobilie anzuzeigen, die auf unserer Website zum Verkauf angeboten wird.<\/li><li>Sie k\u00f6nnen die Annahme von Cookies ablehnen, indem Sie in Ihrem Browser die Einstellung aktivieren, die es Ihnen erm\u00f6glicht, das Setzen von Cookies abzulehnen. Wenn Sie diese Einstellung (einschlie\u00dflich der Ablehnung essentieller Cookies) ausw\u00e4hlen, k\u00f6nnen Sie jedoch m\u00f6glicherweise nicht auf bestimmte Teile unserer Website zugreifen. Sofern Sie Ihren Browser nicht so eingestellt haben, dass er Cookies ablehnt, setzt unser System Cookies, wenn Sie sich auf unserer Website anmelden.<\/li><li>Alle zuk\u00fcnftigen \u00c4nderungen unserer Cookie-Richtlinie werden auf dieser Seite ver\u00f6ffentlicht. Bei einer Aktualisierung unserer Cookie-Richtlinie wird auch das Datum der letzten Aktualisierung oben in dieser Richtlinie aktualisiert. Bitte schauen Sie regelm\u00e4\u00dfig vorbei, um \u00fcber Aktualisierungen oder \u00c4nderungen unserer Cookie-Richtlinie informiert zu sein.<\/li><li>Fragen zu dieser Cookie-Richtlinie sollten an Singer Vielle Limited5 Technology Park, Colindeep Lane, Colindale, London NW9 6BX gerichtet werden.<\/li><li>Die von uns verwendeten Cookies sind: .CAPI CA-ae51610071515ec1af14; .CAPIApp ceabfcdd718fe8d4a5dce7eb; ASP.NET_SessionId gyq3uwt3a0s4omx4xniubs1f; _ga GA1.1.258589976.1467965537, sso_token, WordPress-Cookies, Google Analytics und Hubspot<\/li><\/ol><h4>Was sind Cookies?<\/h4><p>Cookies sind kleine Textst\u00fccke, die zum Speichern von Informationen in Webbrowsern verwendet werden. Cookies werden zum Speichern und Empfangen von Kennungen und anderen Informationen auf Computern, Telefonen und anderen Ger\u00e4ten verwendet.<\/p><h4>Warum verwenden wir Cookies?<\/h4><p>Cookies helfen uns dabei, die Clicktopurchase\u00ae-Dienste bereitzustellen, zu sch\u00fctzen und zu verbessern, beispielsweise durch die Personalisierung von Inhalten und die Bereitstellung einer sichereren Erfahrung. Die von uns verwendeten Cookies k\u00f6nnen sich zwar von Zeit zu Zeit \u00e4ndern, wenn wir die Clicktopurchase\u00ae-Dienste verbessern und aktualisieren, sie fallen jedoch im Allgemeinen in die folgenden Nutzungskategorien:<\/p><h4>So f\u00fcgen Sie Cookies in Ihrem Browser hinzu bzw. entfernen sie<\/h4><p>Internet Explorer<br \/>1. Klicken Sie auf die Schaltfl\u00e4che \u201eExtras\u201c und dann auf \u201eInternetoptionen\u201c.<br \/>2. Klicken Sie auf die Registerkarte \u201eDatenschutz\u201c und bewegen Sie dann unter \u201eEinstellungen\u201c den Schieberegler nach oben, um alle Cookies zu blockieren\/zuzulassen, oder nach unten, um alle Cookies zuzulassen.<br \/>3. Klicken Sie auf OK.<\/p><p>Google Chrome<br \/>1. Klicken Sie oben rechts auf das Men\u00fc.<br \/>2. Klicken Sie auf \u201eEinstellungen\u201c und dann auf \u201eErweiterte Einstellungen anzeigen\u201c.<br \/>3. Klicken Sie im Abschnitt \u201eDatenschutz\u201c auf Inhaltseinstellungen.<br \/>4. W\u00e4hlen Sie im Abschnitt \u201eCookies\u201c Ihre bevorzugte Einstellung.<\/p><p>Feuerfuchs<br \/>1. Gehen Sie zum Firefox-Dropdown-Men\u00fc.<br \/>2. W\u00e4hlen Sie \u201eEinstellungen\u201c;<br \/>3. Klicken Sie auf Datenschutz;<br \/>4. Stellen Sie \u201eFirefox wird eine Chronik:\u201c auf \u201eBenutzerdefinierte Einstellungen verwenden\u201c ein.<br \/>5. Aktivieren Sie das Kontrollk\u00e4stchen neben \u201eCookies von Websites akzeptieren\/blockieren\u201c, um Cookies zu aktivieren.<br \/>6. Klicken Sie auf OK.<\/p><p>Safari<br \/>1. Gehen Sie zum Safari-Pulldown-Men\u00fc.<br \/>2. W\u00e4hlen Sie \u201eEinstellungen\u201c;<br \/>3. Gehen Sie zur Registerkarte \u201eSicherheit\u201c;<br \/>4. Stellen Sie unter \u201eCookies akzeptieren\u201c ein, ob Cookies akzeptiert, abgelehnt oder selektiv akzeptiert werden sollen.<\/p><p>Oper<br \/>1. W\u00e4hlen Sie Einstellungen;<br \/>2. W\u00e4hlen Sie \u201eEinstellungen\u201c;<br \/>3. W\u00e4hlen Sie dann Schnelleinstellungen;<br \/>4. Aktivieren\/deaktivieren Sie \u201eCookies aktivieren\u201c.<\/p>\t\t\t\t\t\t\t\t<\/div>\n\t\t\t\t<\/div>\n\t\t\t\t\t<\/div>\n\t\t\t\t<\/div>\n\t\t\t\t<\/div>","protected":false},"excerpt":{"rendered":"<p>Cookie Policy COOKIES. A \u201ccookie\u201d is a small electronic file that collects information when someone visits a website. A cookie can identify the pages that are being viewed, and this can assist us to select the pages that the viewer sees. Some cookies only exist whilst viewers are online, but \u201cpersistent\u201d cookies \u2013 which are [&hellip;]<\/p>\n","protected":false},"author":9,"featured_media":0,"parent":0,"menu_order":0,"comment_status":"closed","ping_status":"closed","template":"","meta":{"_acf_changed":false,"inline_featured_image":false,"footnotes":""},"class_list":["post-16218","page","type-page","status-publish","hentry"],"acf":[],"yoast_head":"<!-- This site is optimized with the Yoast SEO plugin v26.6 - https:\/\/yoast.com\/wordpress\/plugins\/seo\/ -->\n<title>Cookies Policy - Singer Vielle<\/title>\n<meta name=\"description\" content=\"Cookies Policy\" \/>\n<meta name=\"robots\" content=\"index, follow, max-snippet:-1, max-image-preview:large, max-video-preview:-1\" \/>\n<link rel=\"canonical\" href=\"https:\/\/singervielle.com\/de\/cookie-policy\/\" \/>\n<meta property=\"og:locale\" content=\"de_DE\" \/>\n<meta property=\"og:type\" content=\"article\" \/>\n<meta property=\"og:title\" content=\"Cookies Policy - Singer Vielle\" \/>\n<meta property=\"og:description\" content=\"Cookies Policy\" \/>\n<meta property=\"og:url\" content=\"https:\/\/singervielle.com\/de\/cookie-policy\/\" \/>\n<meta property=\"og:site_name\" content=\"Singer Vielle\" \/>\n<meta property=\"article:modified_time\" content=\"2024-10-07T19:57:55+00:00\" \/>\n<meta name=\"twitter:card\" content=\"summary_large_image\" \/>\n<meta name=\"twitter:site\" content=\"@SingerVielle\" \/>\n<script type=\"application\/ld+json\" class=\"yoast-schema-graph\">{\"@context\":\"https:\/\/schema.org\",\"@graph\":[{\"@type\":\"WebPage\",\"@id\":\"https:\/\/singervielle.com\/cookie-policy\/\",\"url\":\"https:\/\/singervielle.com\/cookie-policy\/\",\"name\":\"Cookies Policy - Singer Vielle\",\"isPartOf\":{\"@id\":\"https:\/\/singervielle.com\/#website\"},\"datePublished\":\"2023-02-17T12:37:47+00:00\",\"dateModified\":\"2024-10-07T19:57:55+00:00\",\"description\":\"Cookies Policy\",\"breadcrumb\":{\"@id\":\"https:\/\/singervielle.com\/cookie-policy\/#breadcrumb\"},\"inLanguage\":\"de-DE-formal\",\"potentialAction\":[{\"@type\":\"ReadAction\",\"target\":[\"https:\/\/singervielle.com\/cookie-policy\/\"]}]},{\"@type\":\"BreadcrumbList\",\"@id\":\"https:\/\/singervielle.com\/cookie-policy\/#breadcrumb\",\"itemListElement\":[{\"@type\":\"ListItem\",\"position\":1,\"name\":\"Home\",\"item\":\"https:\/\/singervielle.com\/\"},{\"@type\":\"ListItem\",\"position\":2,\"name\":\"Cookies Policy\"}]},{\"@type\":\"WebSite\",\"@id\":\"https:\/\/singervielle.com\/#website\",\"url\":\"https:\/\/singervielle.com\/\",\"name\":\"Singer Vielle Commercial Property Sales\",\"description\":\"UK Commercial Property Investment\",\"publisher\":{\"@id\":\"https:\/\/singervielle.com\/#organization\"},\"alternateName\":\"SingerVielle\",\"potentialAction\":[{\"@type\":\"SearchAction\",\"target\":{\"@type\":\"EntryPoint\",\"urlTemplate\":\"https:\/\/singervielle.com\/?s={search_term_string}\"},\"query-input\":{\"@type\":\"PropertyValueSpecification\",\"valueRequired\":true,\"valueName\":\"search_term_string\"}}],\"inLanguage\":\"de-DE-formal\"},{\"@type\":\"Organization\",\"@id\":\"https:\/\/singervielle.com\/#organization\",\"name\":\"Singer Vielle Commercial Property Sales\",\"url\":\"https:\/\/singervielle.com\/\",\"logo\":{\"@type\":\"ImageObject\",\"inLanguage\":\"de-DE-formal\",\"@id\":\"https:\/\/singervielle.com\/#\/schema\/logo\/image\/\",\"url\":\"https:\/\/singervielle.com\/wp-content\/uploads\/SINGER-logo-box.svg\",\"contentUrl\":\"https:\/\/singervielle.com\/wp-content\/uploads\/SINGER-logo-box.svg\",\"width\":104,\"height\":66,\"caption\":\"Singer Vielle Commercial Property Sales\"},\"image\":{\"@id\":\"https:\/\/singervielle.com\/#\/schema\/logo\/image\/\"},\"sameAs\":[\"https:\/\/x.com\/SingerVielle\",\"https:\/\/www.linkedin.com\/company\/singer-vielle\/\",\"https:\/\/www.youtube.com\/user\/SingerViellesales\/featured\",\"https:\/\/www.instagram.com\/singerviellesales\/\"]}]}<\/script>\n<!-- \/ Yoast SEO plugin. -->","yoast_head_json":{"title":"Cookie-Richtlinie \u2013 Singer Vielle","description":"Cookie-Richtlinie","robots":{"index":"index","follow":"follow","max-snippet":"max-snippet:-1","max-image-preview":"max-image-preview:large","max-video-preview":"max-video-preview:-1"},"canonical":"https:\/\/singervielle.com\/de\/cookie-policy\/","og_locale":"de_DE","og_type":"article","og_title":"Cookies Policy - Singer Vielle","og_description":"Cookies Policy","og_url":"https:\/\/singervielle.com\/de\/cookie-policy\/","og_site_name":"Singer Vielle","article_modified_time":"2024-10-07T19:57:55+00:00","twitter_card":"summary_large_image","twitter_site":"@SingerVielle","schema":{"@context":"https:\/\/schema.org","@graph":[{"@type":"WebPage","@id":"https:\/\/singervielle.com\/cookie-policy\/","url":"https:\/\/singervielle.com\/cookie-policy\/","name":"Cookie-Richtlinie \u2013 Singer Vielle","isPartOf":{"@id":"https:\/\/singervielle.com\/#website"},"datePublished":"2023-02-17T12:37:47+00:00","dateModified":"2024-10-07T19:57:55+00:00","description":"Cookie-Richtlinie","breadcrumb":{"@id":"https:\/\/singervielle.com\/cookie-policy\/#breadcrumb"},"inLanguage":"de-DE-formal","potentialAction":[{"@type":"ReadAction","target":["https:\/\/singervielle.com\/cookie-policy\/"]}]},{"@type":"BreadcrumbList","@id":"https:\/\/singervielle.com\/cookie-policy\/#breadcrumb","itemListElement":[{"@type":"ListItem","position":1,"name":"Home","item":"https:\/\/singervielle.com\/"},{"@type":"ListItem","position":2,"name":"Cookies Policy"}]},{"@type":"WebSite","@id":"https:\/\/singervielle.com\/#website","url":"https:\/\/singervielle.com\/","name":"Singer Vielle Verkauf von Gewerbeimmobilien","description":"Investitionen in Gewerbeimmobilien in Gro\u00dfbritannien","publisher":{"@id":"https:\/\/singervielle.com\/#organization"},"alternateName":"SingerVielle","potentialAction":[{"@type":"SearchAction","target":{"@type":"EntryPoint","urlTemplate":"https:\/\/singervielle.com\/?s={search_term_string}"},"query-input":{"@type":"PropertyValueSpecification","valueRequired":true,"valueName":"search_term_string"}}],"inLanguage":"de-DE-formal"},{"@type":"Organization","@id":"https:\/\/singervielle.com\/#organization","name":"Singer Vielle Verkauf von Gewerbeimmobilien","url":"https:\/\/singervielle.com\/","logo":{"@type":"ImageObject","inLanguage":"de-DE-formal","@id":"https:\/\/singervielle.com\/#\/schema\/logo\/image\/","url":"https:\/\/singervielle.com\/wp-content\/uploads\/SINGER-logo-box.svg","contentUrl":"https:\/\/singervielle.com\/wp-content\/uploads\/SINGER-logo-box.svg","width":104,"height":66,"caption":"Singer Vielle Commercial Property Sales"},"image":{"@id":"https:\/\/singervielle.com\/#\/schema\/logo\/image\/"},"sameAs":["https:\/\/x.com\/SingerVielle","https:\/\/www.linkedin.com\/company\/singer-vielle\/","https:\/\/www.youtube.com\/user\/SingerViellesales\/featured","https:\/\/www.instagram.com\/singerviellesales\/"]}]}},"_links":{"self":[{"href":"https:\/\/singervielle.com\/de\/wp-json\/wp\/v2\/pages\/16218","targetHints":{"allow":["GET"]}}],"collection":[{"href":"https:\/\/singervielle.com\/de\/wp-json\/wp\/v2\/pages"}],"about":[{"href":"https:\/\/singervielle.com\/de\/wp-json\/wp\/v2\/types\/page"}],"author":[{"embeddable":true,"href":"https:\/\/singervielle.com\/de\/wp-json\/wp\/v2\/users\/9"}],"replies":[{"embeddable":true,"href":"https:\/\/singervielle.com\/de\/wp-json\/wp\/v2\/comments?post=16218"}],"version-history":[{"count":3,"href":"https:\/\/singervielle.com\/de\/wp-json\/wp\/v2\/pages\/16218\/revisions"}],"predecessor-version":[{"id":33619,"href":"https:\/\/singervielle.com\/de\/wp-json\/wp\/v2\/pages\/16218\/revisions\/33619"}],"wp:attachment":[{"href":"https:\/\/singervielle.com\/de\/wp-json\/wp\/v2\/media?parent=16218"}],"curies":[{"name":"wp","href":"https:\/\/api.w.org\/{rel}","templated":true}]}}