{"id":16209,"date":"2023-02-17T12:32:18","date_gmt":"2023-02-17T12:32:18","guid":{"rendered":"https:\/\/sales.singervielle.com\/?page_id=16209"},"modified":"2024-01-19T19:32:48","modified_gmt":"2024-01-19T19:32:48","slug":"disclaimer","status":"publish","type":"page","link":"https:\/\/singervielle.com\/de\/disclaimer\/","title":{"rendered":"Haftungsausschluss"},"content":{"rendered":"<div data-elementor-type=\"wp-page\" data-elementor-id=\"16209\" class=\"elementor elementor-16209\" data-elementor-post-type=\"page\">\n\t\t\t\t<div class=\"elementor-element elementor-element-4812fb9 e-flex e-con-boxed e-con e-parent\" data-id=\"4812fb9\" data-element_type=\"container\">\n\t\t\t\t\t<div class=\"e-con-inner\">\n\t\t<div class=\"elementor-element elementor-element-0bcfa31 e-flex e-con-boxed e-con e-child\" data-id=\"0bcfa31\" data-element_type=\"container\">\n\t\t\t\t\t<div class=\"e-con-inner\">\n\t\t\t\t<div class=\"elementor-element elementor-element-dd0f052 elementor-widget elementor-widget-spacer\" data-id=\"dd0f052\" data-element_type=\"widget\" data-widget_type=\"spacer.default\">\n\t\t\t\t<div class=\"elementor-widget-container\">\n\t\t\t\t\t\t\t<div class=\"elementor-spacer\">\n\t\t\t<div class=\"elementor-spacer-inner\"><\/div>\n\t\t<\/div>\n\t\t\t\t\t\t<\/div>\n\t\t\t\t<\/div>\n\t\t\t\t<div class=\"elementor-element elementor-element-a3a264f elementor-widget__width-auto elementor-widget elementor-widget-heading\" data-id=\"a3a264f\" data-element_type=\"widget\" data-widget_type=\"heading.default\">\n\t\t\t\t<div class=\"elementor-widget-container\">\n\t\t\t\t\t<h1 class=\"elementor-heading-title elementor-size-default\">Haftungsausschluss<\/h1>\t\t\t\t<\/div>\n\t\t\t\t<\/div>\n\t\t\t\t\t<\/div>\n\t\t\t\t<\/div>\n\t\t\t\t<div class=\"elementor-element elementor-element-8ea96c1 elementor-widget__width-initial elementor-widget-mobile__width-inherit elementor-widget-tablet__width-inherit elementor-widget elementor-widget-text-editor\" data-id=\"8ea96c1\" data-element_type=\"widget\" data-widget_type=\"text-editor.default\">\n\t\t\t\t<div class=\"elementor-widget-container\">\n\t\t\t\t\t\t\t\t\t<h4><strong>Vorbehaltlich des Vertrags und ohne Mehrwertsteuer<\/strong><\/h4><p>Dieser Haftungsausschluss gilt f\u00fcr www.singervielle.com (die \u201e<strong>Grundst\u00fcck<\/strong>\u201d), das Eigentum von Singer Vielle Limited ist (\u201e<strong>S\u00e4nger Vielle<\/strong>\u201d) und unter Lizenz von Singer Vielle 2 LLP betrieben.<\/p><p>\u00a0<\/p><h4><strong>Gesetz \u00fcber Falschdarstellungen von 1967<\/strong><\/h4><p>Singer Vielle 2LLP erkl\u00e4rt f\u00fcr sich selbst und f\u00fcr die Verk\u00e4ufer oder Vermieter von Immobilien, f\u00fcr die sie als Makler fungieren, Folgendes:<\/p><ol><li>Die Angaben dienen nur als allgemeine \u00dcbersicht zur Orientierung f\u00fcr potenzielle K\u00e4ufer oder Mieter und stellen weder ein Angebot noch einen Vertragsbestandteil dar und sind auch nicht Teil eines solchen.<\/li><li>Alle Beschreibungen, Abmessungen, Hinweise auf den Zustand und die erforderlichen Nutzungs- und Nutzungsgenehmigungen sowie andere Details auf der Website werden nach bestem Wissen und Gewissen gemacht und gelten zum Zeitpunkt der Ver\u00f6ffentlichung als korrekt, k\u00f6nnen jedoch sp\u00e4teren \u00c4nderungen unterliegen.<\/li><li>Potenzielle K\u00e4ufer oder P\u00e4chter sollten sich nicht auf Aussagen von Singer Vielle 2LLP in Bezug auf Immobilien als Aussagen oder Tatsachendarstellungen verlassen, sondern m\u00fcssen sich durch eigene Inspektion oder auf andere Weise von der Richtigkeit jeder einzelnen Aussage \u00fcberzeugen.<\/li><li>Keine Person, die bei Singer Vielle 2LLP angestellt ist, ist befugt, im Namen von Singer Vielle 2LLP Zusicherungen oder Gew\u00e4hrleistungen jeglicher Art in Bezug auf die auf dieser Website oder anderweitig aufgef\u00fchrten Immobilien abzugeben.<\/li><li>Alle Karten dienen nur zu Identifikations- und Referenzzwecken und sollten nicht als verl\u00e4ssliche Richtigkeit angesehen werden.<\/li><li>Sofern nicht anders angegeben, verstehen sich alle angegebenen Preise, Mieten und sonstigen Geb\u00fchren zuz\u00fcglich der gegebenenfalls anfallenden Mehrwertsteuer.<\/li><\/ol><p>\u00a0<\/p><h4><strong>Finanzgesetz 1989<\/strong><\/h4><p>Sofern nicht anders angegeben, verstehen sich alle Preise und Mieten exklusive Mehrwertsteuer.<\/p><p>\u00a0<\/p><h4><strong>Property Misdescriptions Act 1991<\/strong><\/h4><p>Es wird davon ausgegangen, dass diese Angaben zum Zeitpunkt der Zusammenstellung korrekt sind, sie k\u00f6nnen jedoch sp\u00e4teren \u00c4nderungen unterliegen.<\/p><p>Bez\u00fcglich der auf der Site aufgef\u00fchrten und\/oder angezeigten Eigenschaften (jeweils ein \u201e<strong>Eigentum<\/strong>\u201c, und zusammen die \u201e<strong>Eigenschaften<\/strong>\u201d):<\/p><ol><li>Unser Site-Service erm\u00f6glicht es Ihnen, sich \u00fcber Immobilien zu erkundigen und diese zu kaufen oder zu leasen, die auf dieser Site angezeigt oder gelistet sind. Solche Anfragen, Kauf oder Leasing k\u00f6nnen nur unter strikter Einhaltung unserer Nutzungsbedingungen (hier verf\u00fcgbar) erfolgen und gestattet werden: <a href=\"http:\/\/www.singerviellesales.com\/terms-of-use\">www.singervielle.com\/terms-of-use<\/a> ) unten aufgef\u00fchrt.<\/li><li>Unter keinen Umst\u00e4nden haften wir Ihnen gegen\u00fcber f\u00fcr direkte, indirekte, Folge-, Neben- oder Sondersch\u00e4den, die sich aus Ihrem Kauf oder der Miete von Immobilien auf der Website ergeben.<\/li><li>Unter keinen Umst\u00e4nden haften wir f\u00fcr Fehler oder Unvollst\u00e4ndigkeiten der Informationen zu den auf dieser Website aufgef\u00fchrten Immobilien oder f\u00fcr den Fall, dass eine Immobilie aus dem Verkauf oder der Vermietung zur\u00fcckgezogen wurde, noch haften wir f\u00fcr ungenaue Abmessungen der aufgef\u00fchrten Immobilien oder Preise.<\/li><li>Wir \u00fcbernehmen keine Verantwortung oder Haftung f\u00fcr die Vollst\u00e4ndigkeit oder Richtigkeit der auf dieser Website angezeigten Informationen, die von den Verk\u00e4ufern oder Vermietern der betreffenden Immobilie bereitgestellt werden, die allein f\u00fcr diese Informationen verantwortlich sind.<\/li><li>Obwohl wir glauben, dass die aufgef\u00fchrten Immobilien zum Kauf oder zur Miete verf\u00fcgbar sind, geben wir keine Garantie daf\u00fcr, dass dies der Fall ist oder dass sie nicht vom Verk\u00e4ufer oder Vermieter derselben zur\u00fcckgezogen wurden. Alle auf der Website angezeigten oder aufgef\u00fchrten Eigenschaften unterliegen \u00c4nderungen, Fehlern oder Auslassungen. Wir haben die Richtigkeit der von den Verk\u00e4ufern oder Vermietern angegebenen Informationen zu den Immobilien oder den Abmessungen nicht \u00fcberpr\u00fcft.<\/li><li>Alle aufgef\u00fchrten Objekte unterliegen der Vertragspflicht und die angegebenen Preise verstehen sich ggf. zuz\u00fcglich Mehrwertsteuer.<\/li><\/ol>\t\t\t\t\t\t\t\t<\/div>\n\t\t\t\t<\/div>\n\t\t\t\t\t<\/div>\n\t\t\t\t<\/div>\n\t\t\t\t<\/div>","protected":false},"excerpt":{"rendered":"<p>Disclaimer Subject to Contract &amp; Exclusive of VAT This disclaimer applies to www.singervielle.com (the \u201cSite\u201d) which is owned by Singer Vielle Limited (\u201cSinger Vielle\u201d) and operated under licence by Singer Vielle 2 LLP. \u00a0 Misrepresentation Act 1967 Singer Vielle 2LLP for themselves and for the vendors or lessors of properties for whom they act as [&hellip;]<\/p>\n","protected":false},"author":9,"featured_media":0,"parent":0,"menu_order":0,"comment_status":"closed","ping_status":"closed","template":"","meta":{"_acf_changed":false,"inline_featured_image":false,"footnotes":""},"class_list":["post-16209","page","type-page","status-publish","hentry"],"acf":[],"yoast_head":"<!-- This site is optimized with the Yoast SEO plugin v26.6 - https:\/\/yoast.com\/wordpress\/plugins\/seo\/ -->\n<title>Disclaimer - Singer Vielle<\/title>\n<meta name=\"description\" content=\"Disclaimer\" \/>\n<meta name=\"robots\" content=\"index, follow, max-snippet:-1, max-image-preview:large, max-video-preview:-1\" \/>\n<link rel=\"canonical\" href=\"https:\/\/singervielle.com\/de\/disclaimer\/\" \/>\n<meta property=\"og:locale\" content=\"de_DE\" \/>\n<meta property=\"og:type\" content=\"article\" \/>\n<meta property=\"og:title\" content=\"Disclaimer - Singer Vielle\" \/>\n<meta property=\"og:description\" content=\"Disclaimer\" \/>\n<meta property=\"og:url\" content=\"https:\/\/singervielle.com\/de\/disclaimer\/\" \/>\n<meta property=\"og:site_name\" content=\"Singer Vielle\" \/>\n<meta property=\"article:modified_time\" content=\"2024-01-19T19:32:48+00:00\" \/>\n<meta name=\"twitter:card\" content=\"summary_large_image\" \/>\n<meta name=\"twitter:site\" content=\"@SingerVielle\" \/>\n<script type=\"application\/ld+json\" class=\"yoast-schema-graph\">{\"@context\":\"https:\/\/schema.org\",\"@graph\":[{\"@type\":\"WebPage\",\"@id\":\"https:\/\/singervielle.com\/disclaimer\/\",\"url\":\"https:\/\/singervielle.com\/disclaimer\/\",\"name\":\"Disclaimer - Singer Vielle\",\"isPartOf\":{\"@id\":\"https:\/\/singervielle.com\/#website\"},\"datePublished\":\"2023-02-17T12:32:18+00:00\",\"dateModified\":\"2024-01-19T19:32:48+00:00\",\"description\":\"Disclaimer\",\"breadcrumb\":{\"@id\":\"https:\/\/singervielle.com\/disclaimer\/#breadcrumb\"},\"inLanguage\":\"de-DE-formal\",\"potentialAction\":[{\"@type\":\"ReadAction\",\"target\":[\"https:\/\/singervielle.com\/disclaimer\/\"]}]},{\"@type\":\"BreadcrumbList\",\"@id\":\"https:\/\/singervielle.com\/disclaimer\/#breadcrumb\",\"itemListElement\":[{\"@type\":\"ListItem\",\"position\":1,\"name\":\"Home\",\"item\":\"https:\/\/singervielle.com\/\"},{\"@type\":\"ListItem\",\"position\":2,\"name\":\"Disclaimer\"}]},{\"@type\":\"WebSite\",\"@id\":\"https:\/\/singervielle.com\/#website\",\"url\":\"https:\/\/singervielle.com\/\",\"name\":\"Singer Vielle Commercial Property Sales\",\"description\":\"UK Commercial Property Investment\",\"publisher\":{\"@id\":\"https:\/\/singervielle.com\/#organization\"},\"alternateName\":\"SingerVielle\",\"potentialAction\":[{\"@type\":\"SearchAction\",\"target\":{\"@type\":\"EntryPoint\",\"urlTemplate\":\"https:\/\/singervielle.com\/?s={search_term_string}\"},\"query-input\":{\"@type\":\"PropertyValueSpecification\",\"valueRequired\":true,\"valueName\":\"search_term_string\"}}],\"inLanguage\":\"de-DE-formal\"},{\"@type\":\"Organization\",\"@id\":\"https:\/\/singervielle.com\/#organization\",\"name\":\"Singer Vielle Commercial Property Sales\",\"url\":\"https:\/\/singervielle.com\/\",\"logo\":{\"@type\":\"ImageObject\",\"inLanguage\":\"de-DE-formal\",\"@id\":\"https:\/\/singervielle.com\/#\/schema\/logo\/image\/\",\"url\":\"https:\/\/singervielle.com\/wp-content\/uploads\/SINGER-logo-box.svg\",\"contentUrl\":\"https:\/\/singervielle.com\/wp-content\/uploads\/SINGER-logo-box.svg\",\"width\":104,\"height\":66,\"caption\":\"Singer Vielle Commercial Property Sales\"},\"image\":{\"@id\":\"https:\/\/singervielle.com\/#\/schema\/logo\/image\/\"},\"sameAs\":[\"https:\/\/x.com\/SingerVielle\",\"https:\/\/www.linkedin.com\/company\/singer-vielle\/\",\"https:\/\/www.youtube.com\/user\/SingerViellesales\/featured\",\"https:\/\/www.instagram.com\/singerviellesales\/\"]}]}<\/script>\n<!-- \/ Yoast SEO plugin. -->","yoast_head_json":{"title":"Haftungsausschluss \u2013 S\u00e4ngerin Vielle","description":"Haftungsausschluss","robots":{"index":"index","follow":"follow","max-snippet":"max-snippet:-1","max-image-preview":"max-image-preview:large","max-video-preview":"max-video-preview:-1"},"canonical":"https:\/\/singervielle.com\/de\/disclaimer\/","og_locale":"de_DE","og_type":"article","og_title":"Disclaimer - Singer Vielle","og_description":"Disclaimer","og_url":"https:\/\/singervielle.com\/de\/disclaimer\/","og_site_name":"Singer Vielle","article_modified_time":"2024-01-19T19:32:48+00:00","twitter_card":"summary_large_image","twitter_site":"@SingerVielle","schema":{"@context":"https:\/\/schema.org","@graph":[{"@type":"WebPage","@id":"https:\/\/singervielle.com\/disclaimer\/","url":"https:\/\/singervielle.com\/disclaimer\/","name":"Haftungsausschluss \u2013 S\u00e4ngerin Vielle","isPartOf":{"@id":"https:\/\/singervielle.com\/#website"},"datePublished":"2023-02-17T12:32:18+00:00","dateModified":"2024-01-19T19:32:48+00:00","description":"Haftungsausschluss","breadcrumb":{"@id":"https:\/\/singervielle.com\/disclaimer\/#breadcrumb"},"inLanguage":"de-DE-formal","potentialAction":[{"@type":"ReadAction","target":["https:\/\/singervielle.com\/disclaimer\/"]}]},{"@type":"BreadcrumbList","@id":"https:\/\/singervielle.com\/disclaimer\/#breadcrumb","itemListElement":[{"@type":"ListItem","position":1,"name":"Home","item":"https:\/\/singervielle.com\/"},{"@type":"ListItem","position":2,"name":"Disclaimer"}]},{"@type":"WebSite","@id":"https:\/\/singervielle.com\/#website","url":"https:\/\/singervielle.com\/","name":"Singer Vielle Verkauf von Gewerbeimmobilien","description":"Investitionen in Gewerbeimmobilien in Gro\u00dfbritannien","publisher":{"@id":"https:\/\/singervielle.com\/#organization"},"alternateName":"SingerVielle","potentialAction":[{"@type":"SearchAction","target":{"@type":"EntryPoint","urlTemplate":"https:\/\/singervielle.com\/?s={search_term_string}"},"query-input":{"@type":"PropertyValueSpecification","valueRequired":true,"valueName":"search_term_string"}}],"inLanguage":"de-DE-formal"},{"@type":"Organization","@id":"https:\/\/singervielle.com\/#organization","name":"Singer Vielle Verkauf von Gewerbeimmobilien","url":"https:\/\/singervielle.com\/","logo":{"@type":"ImageObject","inLanguage":"de-DE-formal","@id":"https:\/\/singervielle.com\/#\/schema\/logo\/image\/","url":"https:\/\/singervielle.com\/wp-content\/uploads\/SINGER-logo-box.svg","contentUrl":"https:\/\/singervielle.com\/wp-content\/uploads\/SINGER-logo-box.svg","width":104,"height":66,"caption":"Singer Vielle Commercial Property Sales"},"image":{"@id":"https:\/\/singervielle.com\/#\/schema\/logo\/image\/"},"sameAs":["https:\/\/x.com\/SingerVielle","https:\/\/www.linkedin.com\/company\/singer-vielle\/","https:\/\/www.youtube.com\/user\/SingerViellesales\/featured","https:\/\/www.instagram.com\/singerviellesales\/"]}]}},"_links":{"self":[{"href":"https:\/\/singervielle.com\/de\/wp-json\/wp\/v2\/pages\/16209","targetHints":{"allow":["GET"]}}],"collection":[{"href":"https:\/\/singervielle.com\/de\/wp-json\/wp\/v2\/pages"}],"about":[{"href":"https:\/\/singervielle.com\/de\/wp-json\/wp\/v2\/types\/page"}],"author":[{"embeddable":true,"href":"https:\/\/singervielle.com\/de\/wp-json\/wp\/v2\/users\/9"}],"replies":[{"embeddable":true,"href":"https:\/\/singervielle.com\/de\/wp-json\/wp\/v2\/comments?post=16209"}],"version-history":[{"count":0,"href":"https:\/\/singervielle.com\/de\/wp-json\/wp\/v2\/pages\/16209\/revisions"}],"wp:attachment":[{"href":"https:\/\/singervielle.com\/de\/wp-json\/wp\/v2\/media?parent=16209"}],"curies":[{"name":"wp","href":"https:\/\/api.w.org\/{rel}","templated":true}]}}